{"id":216,"date":"2025-06-07T17:10:49","date_gmt":"2025-06-07T17:10:49","guid":{"rendered":"https:\/\/dentalpluss.lv\/bruninieku\/?page_id=216"},"modified":"2025-07-14T20:59:33","modified_gmt":"2025-07-14T20:59:33","slug":"kontakti","status":"publish","type":"page","link":"https:\/\/dentalpluss.lv\/bruninieku\/kontakti\/","title":{"rendered":"Kontakti"},"content":{"rendered":"\t\t<div data-elementor-type=\"wp-page\" data-elementor-id=\"216\" class=\"elementor elementor-216\">\n\t\t\t\t<div class=\"wd-negative-gap elementor-element elementor-element-067dee4 e-flex e-con-boxed e-con e-parent\" data-id=\"067dee4\" data-element_type=\"container\" data-e-type=\"container\">\n\t\t\t\t\t<div class=\"e-con-inner\">\n\t\t<div class=\"elementor-element elementor-element-3e812ce e-con-full e-flex e-con e-child\" data-id=\"3e812ce\" data-element_type=\"container\" data-e-type=\"container\">\n\t\t\t\t<div class=\"elementor-element elementor-element-588c39b wd-width-100 elementor-widget elementor-widget-wd_title\" data-id=\"588c39b\" data-element_type=\"widget\" data-e-type=\"widget\" data-widget_type=\"wd_title.default\">\n\t\t\t\t<div class=\"elementor-widget-container\">\n\t\t\t\t\t\t\t<div class=\"title-wrapper wd-set-mb reset-last-child wd-title-color-primary wd-title-style-simple wd-title-size-large text-left\">\n\n\t\t\t\n\t\t\t<div class=\"liner-continer\">\n\t\t\t\t<h4 class=\"woodmart-title-container title wd-fontsize-xxl\">Sazinieties ar mums tie\u0161saist\u0113:<\/h4> \n\t\t\t\t\t\t\t<\/div>\n\n\t\t\t\t\t<\/div>\n\t\t\t\t\t\t<\/div>\n\t\t\t\t<\/div>\n\t\t\t\t<div class=\"elementor-element elementor-element-57154e9 contacts-form wd-cf7 elementor-widget elementor-widget-wd_contact_form_7\" data-id=\"57154e9\" data-element_type=\"widget\" data-e-type=\"widget\" data-widget_type=\"wd_contact_form_7.default\">\n\t\t\t\t<div class=\"elementor-widget-container\">\n\t\t\t\t\t\n<div class=\"wpcf7 no-js\" id=\"wpcf7-f8-o1\" lang=\"en-US\" dir=\"ltr\" data-wpcf7-id=\"8\">\n<div class=\"screen-reader-response\"><p role=\"status\" aria-live=\"polite\" aria-atomic=\"true\"><\/p> <ul><\/ul><\/div>\n<form action=\"\/bruninieku\/wp-json\/wp\/v2\/pages\/216#wpcf7-f8-o1\" method=\"post\" class=\"wpcf7-form init\" aria-label=\"Contact form\" novalidate=\"novalidate\" data-status=\"init\">\n<fieldset class=\"hidden-fields-container\"><input type=\"hidden\" name=\"_wpcf7\" value=\"8\" \/><input type=\"hidden\" name=\"_wpcf7_version\" value=\"6.1.5\" \/><input type=\"hidden\" name=\"_wpcf7_locale\" value=\"en_US\" \/><input type=\"hidden\" name=\"_wpcf7_unit_tag\" value=\"wpcf7-f8-o1\" \/><input type=\"hidden\" name=\"_wpcf7_container_post\" value=\"0\" \/><input type=\"hidden\" name=\"_wpcf7_posted_data_hash\" value=\"\" \/>\n<\/fieldset>\n<div class=\"row\">\n<label class=\"col\"> J\u016bsu v\u0101rds\n    <span class=\"wpcf7-form-control-wrap\" data-name=\"your-name\"><input size=\"40\" maxlength=\"400\" class=\"wpcf7-form-control wpcf7-text wpcf7-validates-as-required\" autocomplete=\"name\" aria-required=\"true\" aria-invalid=\"false\" value=\"\" type=\"text\" name=\"your-name\" \/><\/span> <\/label>\n<label class=\"col\"> J\u016bsu uzv\u0101rds\n    <span class=\"wpcf7-form-control-wrap\" data-name=\"your-surname\"><input size=\"40\" maxlength=\"400\" class=\"wpcf7-form-control wpcf7-text\" autocomplete=\"surname\" aria-invalid=\"false\" value=\"\" type=\"text\" name=\"your-surname\" \/><\/span> <\/label>\n<\/div>\n\n<div class=\"row\">\n<label class=\"col\"> J\u016bsu t\u0101lru\u0146a numurs\n  <span class=\"wpcf7-form-control-wrap\" data-name=\"tel-numeris\"><input size=\"40\" maxlength=\"400\" class=\"wpcf7-form-control wpcf7-tel wpcf7-validates-as-required wpcf7-text wpcf7-validates-as-tel\" autocomplete=\"phone\" aria-required=\"true\" aria-invalid=\"false\" value=\"Ievadiet savu t\u0101lru\u0146a numuru\" type=\"tel\" name=\"tel-numeris\" \/><\/span> <\/label>\n<label class=\"col\"> J\u016bsu e-pasta adrese\n<span class=\"wpcf7-form-control-wrap\" data-name=\"email-pastas\"><input size=\"40\" maxlength=\"400\" class=\"wpcf7-form-control wpcf7-email wpcf7-validates-as-required wpcf7-text wpcf7-validates-as-email\" autocomplete=\"email\" aria-required=\"true\" aria-invalid=\"false\" value=\"Ievadiet savu e-pasta adresi\" type=\"email\" name=\"email-pastas\" \/><\/span> <\/label>\n<\/div>\n\n<div class=\"row\">\n<label class=\"col\"> J\u016bs interes\u0113jo\u0161ais pakalpojums\n<span class=\"wpcf7-form-control-wrap\" data-name=\"services\"><select class=\"wpcf7-form-control wpcf7-select\" aria-invalid=\"false\" name=\"services\"><option value=\"DOMIN\u0112JO\u0160AIS PAKALPOJUMS\">DOMIN\u0112JO\u0160AIS PAKALPOJUMS<\/option><option value=\"Terapeitisk\u0101 zobu \u0101rst\u0113\u0161ana\">Terapeitisk\u0101 zobu \u0101rst\u0113\u0161ana<\/option><option value=\"Implant\u0101cija\">Implant\u0101cija<\/option><option value=\"Est\u0113tisk\u0101 pild\u012b\u0161ana\">Est\u0113tisk\u0101 pild\u012b\u0161ana<\/option><option value=\"Endodontisk\u0101 \u0101rst\u0113\u0161ana\">Endodontisk\u0101 \u0101rst\u0113\u0161ana<\/option><option value=\"Protez\u0113\u0161ana\">Protez\u0113\u0161ana<\/option><option value=\"Ortodontijas pakalpojumi\">Ortodontijas pakalpojumi<\/option><option value=\"Mutes \u0137irur\u0123ija\">Mutes \u0137irur\u0123ija<\/option><option value=\"Kompleks\u0101 periodonta \u0101rst\u0113\u0161ana\">Kompleks\u0101 periodonta \u0101rst\u0113\u0161ana<\/option><option value=\"Profesion\u0101la mutes dobuma higi\u0113na\">Profesion\u0101la mutes dobuma higi\u0113na<\/option><option value=\"Zobu balin\u0101\u0161ana\">Zobu balin\u0101\u0161ana<\/option><option value=\"3D datortomogr\u0101fija, panor\u0101mas rentgenstari\">3D datortomogr\u0101fija, panor\u0101mas rentgenstari<\/option><\/select><\/span> <\/label>\n<\/div>\n\n<label> J\u016bsu zi\u0146a\n    <span class=\"wpcf7-form-control-wrap\" data-name=\"your-message\"><textarea cols=\"40\" rows=\"10\" maxlength=\"2000\" class=\"wpcf7-form-control wpcf7-textarea\" aria-invalid=\"false\" name=\"your-message\"><\/textarea><\/span> <\/label>\n\n<input class=\"wpcf7-form-control wpcf7-submit has-spinner\" type=\"submit\" value=\"Nos\u016btiet re\u0123istr\u0101cijas piepras\u012bjumu\" \/><div class=\"wpcf7-response-output\" aria-hidden=\"true\"><\/div>\n<\/form>\n<\/div>\n\t\t\t\t<\/div>\n\t\t\t\t<\/div>\n\t\t\t\t<\/div>\n\t\t<div class=\"elementor-element elementor-element-d89300f e-con-full e-flex e-con e-child\" data-id=\"d89300f\" data-element_type=\"container\" data-e-type=\"container\">\n\t\t\t\t<div class=\"elementor-element elementor-element-ced95e0 wd-width-100 elementor-widget elementor-widget-wd_title\" data-id=\"ced95e0\" data-element_type=\"widget\" data-e-type=\"widget\" data-widget_type=\"wd_title.default\">\n\t\t\t\t<div class=\"elementor-widget-container\">\n\t\t\t\t\t\t\t<div class=\"title-wrapper wd-set-mb reset-last-child wd-title-color-primary wd-title-style-simple wd-title-size-large text-left\">\n\n\t\t\t\n\t\t\t<div class=\"liner-continer\">\n\t\t\t\t<h4 class=\"woodmart-title-container title wd-fontsize-xxl\">Kl\u012bnikas kontakti:<\/h4> \n\t\t\t\t\t\t\t<\/div>\n\n\t\t\t\t\t<\/div>\n\t\t\t\t\t\t<\/div>\n\t\t\t\t<\/div>\n\t\t\t\t<div class=\"elementor-element elementor-element-77597b1 elementor-widget elementor-widget-wd_list\" data-id=\"77597b1\" data-element_type=\"widget\" data-e-type=\"widget\" data-widget_type=\"wd_list.default\">\n\t\t\t\t<div class=\"elementor-widget-container\">\n\t\t\t\t\t\t\t<ul class=\"wd-list color-scheme- wd-fontsize-m wd-type-icon wd-style-default text-left\">\n\t\t\t\t\t\t\t\t\t\t\t<li class=\"elementor-repeater-item-e743535\">\n\t\t\t\t\t\t\t\t\t\t\t<span class=\"wd-icon\"><img decoding=\"async\" width=\"24\" height=\"24\" src=\"https:\/\/dentalpluss.lv\/bruninieku\/wp-content\/uploads\/2025\/06\/location-pin.png\" class=\"attachment-full size-full\" alt=\"Zob\u0101rstniec\u012bbas kl\u012bnika R\u012bg\u0101\" title=\"Zob\u0101rstniec\u012bbas kl\u012bnika R\u012bg\u0101\"><\/span>\t\t\t\t\t\n\t\t\t\t\t<span class=\"wd-list-content list-content\">\n\t\t\t\t\t\tBru\u0146inieku iela 25, R\u012bga, LV-1001, Riga, Latvija\t\t\t\t\t<\/span>\n\n\t\t\t\t\t\n\t\t\t\t\t\t<a href=\"https:\/\/maps.app.goo.gl\/ZN6iCicZA83Vbuco8\" class=\"wd-fill\" aria-label=\"List item link\" target=\"_blank\" rel=\"noopener\"><\/a>\n\t\t\t\t\t\t\t\t\t<\/li>\n\t\t\t\t\t\t\t\t\t\t\t<li class=\"elementor-repeater-item-e92183e\">\n\t\t\t\t\t\t\t\t\t\t\t<span class=\"wd-icon\"><img decoding=\"async\" width=\"24\" height=\"24\" src=\"https:\/\/dentalpluss.lv\/bruninieku\/wp-content\/uploads\/2025\/06\/phone-call.png\" class=\"attachment-full size-full\" alt=\"Zob\u0101rstniec\u012bbas kl\u012bnika R\u012bg\u0101\" title=\"Zob\u0101rstniec\u012bbas kl\u012bnika R\u012bg\u0101\"><\/span>\t\t\t\t\t\n\t\t\t\t\t<span class=\"wd-list-content list-content\">\n\t\t\t\t\t\t+371 2941 4020\t\t\t\t\t<\/span>\n\n\t\t\t\t\t\n\t\t\t\t\t\t<a  href=\"tel:+37129414020\" class=\"wd-fill\" aria-label=\"List item link\"><\/a>\n\t\t\t\t\t\t\t\t\t<\/li>\n\t\t\t\t\t\t\t\t\t\t\t<li class=\"elementor-repeater-item-097c6cb\">\n\t\t\t\t\t\t\t\t\t\t\t<span class=\"wd-icon\"><img decoding=\"async\" width=\"24\" height=\"24\" src=\"https:\/\/dentalpluss.lv\/bruninieku\/wp-content\/uploads\/2025\/06\/phone-call.png\" class=\"attachment-full size-full\" alt=\"Zob\u0101rstniec\u012bbas kl\u012bnika R\u012bg\u0101\" title=\"Zob\u0101rstniec\u012bbas kl\u012bnika R\u012bg\u0101\"><\/span>\t\t\t\t\t\n\t\t\t\t\t<span class=\"wd-list-content list-content\">\n\t\t\t\t\t\t+371 6724 0619\t\t\t\t\t<\/span>\n\n\t\t\t\t\t\n\t\t\t\t\t\t<a  href=\"tel:+37167240619\" class=\"wd-fill\" aria-label=\"List item link\"><\/a>\n\t\t\t\t\t\t\t\t\t<\/li>\n\t\t\t\t\t\t\t\t\t\t\t<li class=\"elementor-repeater-item-06c0e86\">\n\t\t\t\t\t\t\t\t\t\t\t<span class=\"wd-icon\"><img decoding=\"async\" width=\"24\" height=\"24\" src=\"https:\/\/dentalpluss.lv\/bruninieku\/wp-content\/uploads\/2025\/06\/email.png\" class=\"attachment-full size-full\" alt=\"Zob\u0101rstniec\u012bbas kl\u012bnika R\u012bg\u0101\" title=\"Zob\u0101rstniec\u012bbas kl\u012bnika R\u012bg\u0101\"><\/span>\t\t\t\t\t\n\t\t\t\t\t<span class=\"wd-list-content list-content\">\n\t\t\t\t\t\tklinikaanli@gmail.com\t\t\t\t\t<\/span>\n\n\t\t\t\t\t\n\t\t\t\t\t\t<a  href=\"mailto:klinikaanli@gmail.com\" class=\"wd-fill\" aria-label=\"List item link\"><\/a>\n\t\t\t\t\t\t\t\t\t<\/li>\n\t\t\t\t\t<\/ul>\n\n\t\t\t\t\t\t<\/div>\n\t\t\t\t<\/div>\n\t\t<div class=\"elementor-element elementor-element-a66ee39 e-con-full smooth-shadow e-flex e-con e-child\" data-id=\"a66ee39\" data-element_type=\"container\" data-e-type=\"container\">\n\t\t<div class=\"elementor-element elementor-element-bb2882a e-con-full e-flex e-con e-child\" data-id=\"bb2882a\" data-element_type=\"container\" data-e-type=\"container\">\n\t\t\t\t<div class=\"elementor-element elementor-element-b7dc216 wd-width-100 elementor-widget elementor-widget-wd_title\" data-id=\"b7dc216\" data-element_type=\"widget\" data-e-type=\"widget\" data-widget_type=\"wd_title.default\">\n\t\t\t\t<div class=\"elementor-widget-container\">\n\t\t\t\t\t\t\t<div class=\"title-wrapper wd-set-mb reset-last-child wd-title-color-default wd-title-style-simple wd-title-size-medium text-left\">\n\n\t\t\t\t\t\t\t\t\t\t\t<div class=\"title-subtitle subtitle-color-default subtitle-style-background wd-fontsize-xs\">\n\t\t\t\t\tGaid\u0101m J\u016bs\t\t\t\t<\/div>\n\t\t\t\n\t\t\t<div class=\"liner-continer\">\n\t\t\t\t<h4 class=\"woodmart-title-container title wd-fontsize-xl\">Klinikos darbo laikas:<\/h4> \n\t\t\t\t\t\t\t<\/div>\n\n\t\t\t\t\t<\/div>\n\t\t\t\t\t\t<\/div>\n\t\t\t\t<\/div>\n\t\t\t\t<div class=\"elementor-element elementor-element-2b21e85 elementor-widget elementor-widget-image\" data-id=\"2b21e85\" data-element_type=\"widget\" data-e-type=\"widget\" data-widget_type=\"image.default\">\n\t\t\t\t<div class=\"elementor-widget-container\">\n\t\t\t\t\t\t\t\t\t\t\t\t\t\t\t<img loading=\"lazy\" decoding=\"async\" width=\"64\" height=\"64\" src=\"https:\/\/dentalpluss.lv\/bruninieku\/wp-content\/uploads\/2025\/06\/clock.png\" class=\"attachment-full size-full wp-image-221\" alt=\"Zob\u0101rstniec\u012bbas kl\u012bnika R\u012bg\u0101\" title=\"Zob\u0101rstniec\u012bbas kl\u012bnika R\u012bg\u0101\">\t\t\t\t\t\t\t\t\t\t\t\t\t\t\t<\/div>\n\t\t\t\t<\/div>\n\t\t\t\t<\/div>\n\t\t\t\t<div class=\"elementor-element elementor-element-5bc952e elementor-widget elementor-widget-html\" data-id=\"5bc952e\" data-element_type=\"widget\" data-e-type=\"widget\" data-widget_type=\"html.default\">\n\t\t\t\t<div class=\"elementor-widget-container\">\n\t\t\t\t\t<style>\n    .contacts-list {\n        list-style: none;\n        padding: 0;\n    }\n    .contacts-list li {\n        display: flex;\n        flex-direction: row;\n        justify-content: space-between;\n        border-bottom: 1px solid #f1f1f1;\n        padding-bottom: 10px;\n        font-size: 15px;\n    }\n    .contacts-title {\n        font-weight: 500;\n        color: #981a1a;\n    }\n<\/style>\n<ul class=\"contacts-list\">\n    <li><span class=\"contacts-title\">Darba dien\u0101s:<\/span>no 8:00 l\u012bdz 20:00.<\/li>\n    <li><span class=\"contacts-title\">Sestdiena:<\/span>Sl\u0113gts<\/li>\n    <li><span class=\"contacts-title\">Sv\u0113tdiena:<\/span>Sl\u0113gts<\/li>\n<\/ul>\t\t\t\t<\/div>\n\t\t\t\t<\/div>\n\t\t\t\t<\/div>\n\t\t\t\t<\/div>\n\t\t\t\t\t<\/div>\n\t\t\t\t<\/div>\n\t\t<div class=\"wd-negative-gap elementor-element elementor-element-67dea69 e-flex e-con-boxed e-con e-parent\" data-id=\"67dea69\" data-element_type=\"container\" data-e-type=\"container\">\n\t\t\t\t\t<div class=\"e-con-inner\">\n\t\t\t\t<div class=\"elementor-element elementor-element-926bcb5 elementor-widget elementor-widget-google_maps\" data-id=\"926bcb5\" data-element_type=\"widget\" data-e-type=\"widget\" data-widget_type=\"google_maps.default\">\n\t\t\t\t<div class=\"elementor-widget-container\">\n\t\t\t\t\t\t\t<div class=\"elementor-custom-embed\">\n\t\t\t<iframe loading=\"lazy\"\n\t\t\t\t\tsrc=\"https:\/\/maps.google.com\/maps?q=Bru%C5%86inieku%20iela%2025%2C%20R%C4%ABga%2C%20LV-1001&#038;t=m&#038;z=18&#038;output=embed&#038;iwloc=near\"\n\t\t\t\t\ttitle=\"Bru\u0146inieku iela 25, R\u012bga, LV-1001\"\n\t\t\t\t\taria-label=\"Bru\u0146inieku iela 25, R\u012bga, LV-1001\"\n\t\t\t><\/iframe>\n\t\t<\/div>\n\t\t\t\t\t\t<\/div>\n\t\t\t\t<\/div>\n\t\t\t\t\t<\/div>\n\t\t\t\t<\/div>\n\t\t\t\t<\/div>\n\t\t","protected":false},"excerpt":{"rendered":"<p>Sazinieties ar mums tie\u0161saist\u0113: J\u016bsu v\u0101rds J\u016bsu uzv\u0101rds J\u016bsu t\u0101lru\u0146a numurs J\u016bsu e-pasta adrese J\u016bs interes\u0113jo\u0161ais pakalpojums DOMIN\u0112JO\u0160AIS PAKALPOJUMSTerapeitisk\u0101 zobu<\/p>\n","protected":false},"author":1,"featured_media":0,"parent":0,"menu_order":0,"comment_status":"closed","ping_status":"closed","template":"","meta":{"_acf_changed":false,"footnotes":""},"class_list":["post-216","page","type-page","status-publish","hentry"],"acf":[],"lang":"lv","translations":{"lv":216,"ru":660},"pll_sync_post":[],"_links":{"self":[{"href":"https:\/\/dentalpluss.lv\/bruninieku\/wp-json\/wp\/v2\/pages\/216","targetHints":{"allow":["GET"]}}],"collection":[{"href":"https:\/\/dentalpluss.lv\/bruninieku\/wp-json\/wp\/v2\/pages"}],"about":[{"href":"https:\/\/dentalpluss.lv\/bruninieku\/wp-json\/wp\/v2\/types\/page"}],"author":[{"embeddable":true,"href":"https:\/\/dentalpluss.lv\/bruninieku\/wp-json\/wp\/v2\/users\/1"}],"replies":[{"embeddable":true,"href":"https:\/\/dentalpluss.lv\/bruninieku\/wp-json\/wp\/v2\/comments?post=216"}],"version-history":[{"count":0,"href":"https:\/\/dentalpluss.lv\/bruninieku\/wp-json\/wp\/v2\/pages\/216\/revisions"}],"wp:attachment":[{"href":"https:\/\/dentalpluss.lv\/bruninieku\/wp-json\/wp\/v2\/media?parent=216"}],"curies":[{"name":"wp","href":"https:\/\/api.w.org\/{rel}","templated":true}]}}