{"id":360,"date":"2025-06-07T22:53:46","date_gmt":"2025-06-07T22:53:46","guid":{"rendered":"https:\/\/dentalpluss.lv\/bruninieku\/?page_id=360"},"modified":"2025-07-14T21:06:52","modified_gmt":"2025-07-14T21:06:52","slug":"arsti","status":"publish","type":"page","link":"https:\/\/dentalpluss.lv\/bruninieku\/arsti\/","title":{"rendered":"\u0100rsti"},"content":{"rendered":"\t\t<div data-elementor-type=\"wp-page\" data-elementor-id=\"360\" class=\"elementor elementor-360\">\n\t\t\t\t<div class=\"wd-negative-gap elementor-element elementor-element-bc5241f e-flex e-con-boxed e-con e-parent\" data-id=\"bc5241f\" data-element_type=\"container\" data-e-type=\"container\">\n\t\t\t\t\t<div class=\"e-con-inner\">\n\t\t\t\t<div class=\"elementor-element elementor-element-929db93 wd-width-100 elementor-widget elementor-widget-wd_title\" data-id=\"929db93\" data-element_type=\"widget\" data-e-type=\"widget\" data-widget_type=\"wd_title.default\">\n\t\t\t\t<div class=\"elementor-widget-container\">\n\t\t\t\t\t\t\t<div class=\"title-wrapper wd-set-mb reset-last-child wd-title-color-primary wd-title-style-simple wd-title-size-large text-center\">\n\n\t\t\t\t\t\t\t\t\t\t\t<div class=\"title-subtitle subtitle-color-primary subtitle-style-background wd-fontsize-xs\">\n\t\t\t\t\tDental Pluss kl\u012bnikas\t\t\t\t<\/div>\n\t\t\t\n\t\t\t<div class=\"liner-continer\">\n\t\t\t\t<h4 class=\"woodmart-title-container title wd-fontsize-xxl\">Kl\u012bnikas \u0101rstu komanda<\/h4> \n\t\t\t\t\t\t\t<\/div>\n\n\t\t\t\t\t<\/div>\n\t\t\t\t\t\t<\/div>\n\t\t\t\t<\/div>\n\t\t\t\t<div class=\"elementor-element elementor-element-c21e281 gydytojai-carousel wd-width-100 elementor-widget elementor-widget-wd_blog_custom\" data-id=\"c21e281\" data-element_type=\"widget\" data-e-type=\"widget\" data-widget_type=\"wd_blog_custom.default\">\n\t\t\t\t<div class=\"elementor-widget-container\">\n\t\t\t\t\t\t\t\t\t\t\t\t<div class=\"wd-blog-element\">\n\t\t\t\t\t<div class=\"wd-posts wd-blog-holder wd-grid-g\" id=\"69e0cfc82647c\" data-paged=\"1\" data-atts=\"{&quot;post_type&quot;:&quot;gydytojai&quot;,&quot;items_per_page&quot;:12,&quot;include&quot;:null,&quot;taxonomies&quot;:[&quot;18&quot;],&quot;offset&quot;:&quot;&quot;,&quot;orderby&quot;:&quot;menu_order&quot;,&quot;order&quot;:&quot;DESC&quot;,&quot;meta_key&quot;:null,&quot;exclude&quot;:&quot;&quot;,&quot;parts_media&quot;:true,&quot;parts_title&quot;:&quot;1&quot;,&quot;parts_meta&quot;:&quot;&quot;,&quot;parts_text&quot;:&quot;&quot;,&quot;parts_btn&quot;:&quot;1&quot;,&quot;img_size&quot;:&quot;large&quot;,&quot;blog_design&quot;:&quot;meta-image&quot;,&quot;blog_carousel_design&quot;:null,&quot;blog_columns&quot;:{&quot;unit&quot;:&quot;px&quot;,&quot;size&quot;:4,&quot;sizes&quot;:[]},&quot;blog_columns_tablet&quot;:{&quot;size&quot;:&quot;&quot;},&quot;blog_columns_mobile&quot;:{&quot;size&quot;:&quot;&quot;},&quot;blog_spacing&quot;:&quot;&quot;,&quot;blog_spacing_tablet&quot;:&quot;&quot;,&quot;blog_spacing_mobile&quot;:&quot;&quot;,&quot;pagination&quot;:&quot;&quot;,&quot;speed&quot;:&quot;5000&quot;,&quot;slides_per_view&quot;:{&quot;size&quot;:4},&quot;slides_per_view_tablet&quot;:{&quot;size&quot;:&quot;&quot;},&quot;slides_per_view_mobile&quot;:{&quot;size&quot;:&quot;&quot;},&quot;wrap&quot;:&quot;&quot;,&quot;autoplay&quot;:&quot;no&quot;,&quot;hide_pagination_control&quot;:&quot;&quot;,&quot;hide_prev_next_buttons&quot;:&quot;&quot;,&quot;scroll_per_page&quot;:&quot;yes&quot;,&quot;lazy_loading&quot;:&quot;no&quot;,&quot;scroll_carousel_init&quot;:&quot;no&quot;,&quot;ajax_page&quot;:&quot;&quot;,&quot;custom_sizes&quot;:false,&quot;elementor&quot;:true}\" data-source=\"shortcode\" style=\"--wd-col-lg:4;--wd-col-md:4;--wd-col-sm:1;--wd-gap-lg:20px;--wd-gap-sm:10px;\">\n\t\t\t\n\t\t\t\t\t\t\t\t\t\t\t\t\t\t\t\t\t\t\t\n<article id=\"post-861\" class=\"wd-post blog-design-meta-image blog-post-loop blog-style-bg wd-add-shadow wd-col post-861 gydytojai type-gydytojai status-publish hentry gydytoju-kategorijos-arsti\">\n\t\t\t<div class=\"wd-post-inner\">\n\t\n\t<div class=\"wd-post-thumb\">\n\t\t\t\t\t<div class=\"wd-post-img\">\n\t\t\t\t\t\t\t<\/div>\n\t\t\n\t\t\t\t<a class=\"wd-post-link wd-fill\" href=\"https:\/\/dentalpluss.lv\/bruninieku\/arsti\/aldis-rozenblats\/\" rel=\"bookmark\" aria-label=\"Link on post Aldis Rozenblats\"><\/a>\n\n\t\t\t<\/div>\n\n\t<div class=\"wd-post-content\">\n\t\t<div class=\"wd-post-entry-meta\">\n\t\t\t\t\t\t\n\t\t\t<div class=\"wd-modified-date\">\n\t\t\t\t\t\t<time class=\"updated\" datetime=\"2025-07-02T19:43:05+00:00\">\n\t\t\t2025-07-02\t\t<\/time>\n\t\t\t\t\t<\/div>\n\n\t\t\t<div class=\"wd-meta-date\">\n\t\t\t\t02 J\u016bl 2025\t\t\t<\/div>\n\t\t<\/div>\n\n\t\t\t\t\t\t\t<h3 class=\"wd-entities-title title post-title\">\n\t\t\t\t<a href=\"https:\/\/dentalpluss.lv\/bruninieku\/arsti\/aldis-rozenblats\/\" rel=\"bookmark\">\n\t\t\t\t\tAldis Rozenblats\t\t\t\t<\/a>\n\t\t\t<\/h3>\n\t\t    <span style=\"margin-bottom: 4px;font-size: 11px;\" class=\"title-subtitle subtitle-color-primary subtitle-style-background wd-fontsize-xs\">Zob\u0101rsts<\/span>\n\t\t\n\t\t\n\t\t\t\t\t\t\t\t\t\t<div class=\"wd-post-read-more wd-style-link read-more-section\">\n\t\t\t\t\t\t<a class=\"btn-read-more more-link\" href=\"https:\/\/dentalpluss.lv\/bruninieku\/arsti\/aldis-rozenblats\/\">Las\u012bt vair\u0101k<\/a>\t\t\t\t\t<\/div>\n\t\t\t\t\t\t\t<\/div>\n\n\t\t\t<\/div>\n\t<\/article>\n\t\t\t\t\t\t\t\t\t\t\t\t\t\t\t\t\t\t\t\n<article id=\"post-862\" class=\"wd-post blog-design-meta-image blog-post-loop blog-style-bg wd-add-shadow wd-col post-862 gydytojai type-gydytojai status-publish hentry gydytoju-kategorijos-arsti\">\n\t\t\t<div class=\"wd-post-inner\">\n\t\n\t<div class=\"wd-post-thumb\">\n\t\t\t\t\t<div class=\"wd-post-img\">\n\t\t\t\t\t\t\t<\/div>\n\t\t\n\t\t\t\t<a class=\"wd-post-link wd-fill\" href=\"https:\/\/dentalpluss.lv\/bruninieku\/arsti\/ruta-daldere\/\" rel=\"bookmark\" aria-label=\"Link on post Ruta Daldere\"><\/a>\n\n\t\t\t<\/div>\n\n\t<div class=\"wd-post-content\">\n\t\t<div class=\"wd-post-entry-meta\">\n\t\t\t\t\t\t\n\t\t\t<div class=\"wd-modified-date\">\n\t\t\t\t\t\t<time class=\"updated\" datetime=\"2025-07-02T19:43:42+00:00\">\n\t\t\t2025-07-02\t\t<\/time>\n\t\t\t\t\t<\/div>\n\n\t\t\t<div class=\"wd-meta-date\">\n\t\t\t\t02 J\u016bl 2025\t\t\t<\/div>\n\t\t<\/div>\n\n\t\t\t\t\t\t\t<h3 class=\"wd-entities-title title post-title\">\n\t\t\t\t<a href=\"https:\/\/dentalpluss.lv\/bruninieku\/arsti\/ruta-daldere\/\" rel=\"bookmark\">\n\t\t\t\t\tRuta Daldere\t\t\t\t<\/a>\n\t\t\t<\/h3>\n\t\t    <span style=\"margin-bottom: 4px;font-size: 11px;\" class=\"title-subtitle subtitle-color-primary subtitle-style-background wd-fontsize-xs\">Zob\u0101rsts<\/span>\n\t\t\n\t\t\n\t\t\t\t\t\t\t\t\t\t<div class=\"wd-post-read-more wd-style-link read-more-section\">\n\t\t\t\t\t\t<a class=\"btn-read-more more-link\" href=\"https:\/\/dentalpluss.lv\/bruninieku\/arsti\/ruta-daldere\/\">Las\u012bt vair\u0101k<\/a>\t\t\t\t\t<\/div>\n\t\t\t\t\t\t\t<\/div>\n\n\t\t\t<\/div>\n\t<\/article>\n\t\t\t\t\t\t\t\t\t\t\t\t\t\t\t\t\t\t\t\n<article id=\"post-863\" class=\"wd-post blog-design-meta-image blog-post-loop blog-style-bg wd-add-shadow wd-col post-863 gydytojai type-gydytojai status-publish hentry gydytoju-kategorijos-arsti\">\n\t\t\t<div class=\"wd-post-inner\">\n\t\n\t<div class=\"wd-post-thumb\">\n\t\t\t\t\t<div class=\"wd-post-img\">\n\t\t\t\t\t\t\t<\/div>\n\t\t\n\t\t\t\t<a class=\"wd-post-link wd-fill\" href=\"https:\/\/dentalpluss.lv\/bruninieku\/arsti\/tatjana-sileniece\/\" rel=\"bookmark\" aria-label=\"Link on post Tatjana Sileniece\"><\/a>\n\n\t\t\t<\/div>\n\n\t<div class=\"wd-post-content\">\n\t\t<div class=\"wd-post-entry-meta\">\n\t\t\t\t\t\t\n\t\t\t<div class=\"wd-modified-date\">\n\t\t\t\t\t\t<time class=\"updated\" datetime=\"2025-07-02T19:44:19+00:00\">\n\t\t\t2025-07-02\t\t<\/time>\n\t\t\t\t\t<\/div>\n\n\t\t\t<div class=\"wd-meta-date\">\n\t\t\t\t02 J\u016bl 2025\t\t\t<\/div>\n\t\t<\/div>\n\n\t\t\t\t\t\t\t<h3 class=\"wd-entities-title title post-title\">\n\t\t\t\t<a href=\"https:\/\/dentalpluss.lv\/bruninieku\/arsti\/tatjana-sileniece\/\" rel=\"bookmark\">\n\t\t\t\t\tTatjana Sileniece\t\t\t\t<\/a>\n\t\t\t<\/h3>\n\t\t    <span style=\"margin-bottom: 4px;font-size: 11px;\" class=\"title-subtitle subtitle-color-primary subtitle-style-background wd-fontsize-xs\">Zob\u0101rsts<\/span>\n\t\t\n\t\t\n\t\t\t\t\t\t\t\t\t\t<div class=\"wd-post-read-more wd-style-link read-more-section\">\n\t\t\t\t\t\t<a class=\"btn-read-more more-link\" href=\"https:\/\/dentalpluss.lv\/bruninieku\/arsti\/tatjana-sileniece\/\">Las\u012bt vair\u0101k<\/a>\t\t\t\t\t<\/div>\n\t\t\t\t\t\t\t<\/div>\n\n\t\t\t<\/div>\n\t<\/article>\n\t\t\t\t\t\t\t\t\t\t\t\t\t\t\t\t\t\t\t\n<article id=\"post-864\" class=\"wd-post blog-design-meta-image blog-post-loop blog-style-bg wd-add-shadow wd-col post-864 gydytojai type-gydytojai status-publish hentry gydytoju-kategorijos-arsti\">\n\t\t\t<div class=\"wd-post-inner\">\n\t\n\t<div class=\"wd-post-thumb\">\n\t\t\t\t\t<div class=\"wd-post-img\">\n\t\t\t\t\t\t\t<\/div>\n\t\t\n\t\t\t\t<a class=\"wd-post-link wd-fill\" href=\"https:\/\/dentalpluss.lv\/bruninieku\/arsti\/viktorija-jerina\/\" rel=\"bookmark\" aria-label=\"Link on post Viktorija Jerina\"><\/a>\n\n\t\t\t<\/div>\n\n\t<div class=\"wd-post-content\">\n\t\t<div class=\"wd-post-entry-meta\">\n\t\t\t\t\t\t\n\t\t\t<div class=\"wd-modified-date\">\n\t\t\t\t\t\t<time class=\"updated\" datetime=\"2025-07-02T19:44:45+00:00\">\n\t\t\t2025-07-02\t\t<\/time>\n\t\t\t\t\t<\/div>\n\n\t\t\t<div class=\"wd-meta-date\">\n\t\t\t\t02 J\u016bl 2025\t\t\t<\/div>\n\t\t<\/div>\n\n\t\t\t\t\t\t\t<h3 class=\"wd-entities-title title post-title\">\n\t\t\t\t<a href=\"https:\/\/dentalpluss.lv\/bruninieku\/arsti\/viktorija-jerina\/\" rel=\"bookmark\">\n\t\t\t\t\tViktorija Jerina\t\t\t\t<\/a>\n\t\t\t<\/h3>\n\t\t    <span style=\"margin-bottom: 4px;font-size: 11px;\" class=\"title-subtitle subtitle-color-primary subtitle-style-background wd-fontsize-xs\">Zob\u0101rsts<\/span>\n\t\t\n\t\t\n\t\t\t\t\t\t\t\t\t\t<div class=\"wd-post-read-more wd-style-link read-more-section\">\n\t\t\t\t\t\t<a class=\"btn-read-more more-link\" href=\"https:\/\/dentalpluss.lv\/bruninieku\/arsti\/viktorija-jerina\/\">Las\u012bt vair\u0101k<\/a>\t\t\t\t\t<\/div>\n\t\t\t\t\t\t\t<\/div>\n\n\t\t\t<\/div>\n\t<\/article>\n\t\t\t\t\t\t\t\t\t\t\t\t\t\t\t\t\t\t\t\n<article id=\"post-865\" class=\"wd-post blog-design-meta-image blog-post-loop blog-style-bg wd-add-shadow wd-col post-865 gydytojai type-gydytojai status-publish hentry gydytoju-kategorijos-arsti\">\n\t\t\t<div class=\"wd-post-inner\">\n\t\n\t<div class=\"wd-post-thumb\">\n\t\t\t\t\t<div class=\"wd-post-img\">\n\t\t\t\t\t\t\t<\/div>\n\t\t\n\t\t\t\t<a class=\"wd-post-link wd-fill\" href=\"https:\/\/dentalpluss.lv\/bruninieku\/arsti\/gatis-cernovskis\/\" rel=\"bookmark\" aria-label=\"Link on post Gatis \u010cernovskis\"><\/a>\n\n\t\t\t<\/div>\n\n\t<div class=\"wd-post-content\">\n\t\t<div class=\"wd-post-entry-meta\">\n\t\t\t\t\t\t\n\t\t\t<div class=\"wd-modified-date\">\n\t\t\t\t\t\t<time class=\"updated\" datetime=\"2025-07-02T19:45:18+00:00\">\n\t\t\t2025-07-02\t\t<\/time>\n\t\t\t\t\t<\/div>\n\n\t\t\t<div class=\"wd-meta-date\">\n\t\t\t\t02 J\u016bl 2025\t\t\t<\/div>\n\t\t<\/div>\n\n\t\t\t\t\t\t\t<h3 class=\"wd-entities-title title post-title\">\n\t\t\t\t<a href=\"https:\/\/dentalpluss.lv\/bruninieku\/arsti\/gatis-cernovskis\/\" rel=\"bookmark\">\n\t\t\t\t\tGatis \u010cernovskis\t\t\t\t<\/a>\n\t\t\t<\/h3>\n\t\t    <span style=\"margin-bottom: 4px;font-size: 11px;\" class=\"title-subtitle subtitle-color-primary subtitle-style-background wd-fontsize-xs\">Zob\u0101rsts - \u0137irurgs<\/span>\n\t\t\n\t\t\n\t\t\t\t\t\t\t\t\t\t<div class=\"wd-post-read-more wd-style-link read-more-section\">\n\t\t\t\t\t\t<a class=\"btn-read-more more-link\" href=\"https:\/\/dentalpluss.lv\/bruninieku\/arsti\/gatis-cernovskis\/\">Las\u012bt vair\u0101k<\/a>\t\t\t\t\t<\/div>\n\t\t\t\t\t\t\t<\/div>\n\n\t\t\t<\/div>\n\t<\/article>\n\t\t\t\t\t\t\t\t\t\t\t\t\t\t\t\t\t\t\t\n<article id=\"post-866\" class=\"wd-post blog-design-meta-image blog-post-loop blog-style-bg wd-add-shadow wd-col post-866 gydytojai type-gydytojai status-publish hentry gydytoju-kategorijos-arsti\">\n\t\t\t<div class=\"wd-post-inner\">\n\t\n\t<div class=\"wd-post-thumb\">\n\t\t\t\t\t<div class=\"wd-post-img\">\n\t\t\t\t\t\t\t<\/div>\n\t\t\n\t\t\t\t<a class=\"wd-post-link wd-fill\" href=\"https:\/\/dentalpluss.lv\/bruninieku\/arsti\/anna-petrova\/\" rel=\"bookmark\" aria-label=\"Link on post Anna Petrova\"><\/a>\n\n\t\t\t<\/div>\n\n\t<div class=\"wd-post-content\">\n\t\t<div class=\"wd-post-entry-meta\">\n\t\t\t\t\t\t\n\t\t\t<div class=\"wd-modified-date\">\n\t\t\t\t\t\t<time class=\"updated\" datetime=\"2025-07-02T19:46:13+00:00\">\n\t\t\t2025-07-02\t\t<\/time>\n\t\t\t\t\t<\/div>\n\n\t\t\t<div class=\"wd-meta-date\">\n\t\t\t\t02 J\u016bl 2025\t\t\t<\/div>\n\t\t<\/div>\n\n\t\t\t\t\t\t\t<h3 class=\"wd-entities-title title post-title\">\n\t\t\t\t<a href=\"https:\/\/dentalpluss.lv\/bruninieku\/arsti\/anna-petrova\/\" rel=\"bookmark\">\n\t\t\t\t\tAnna Petrova\t\t\t\t<\/a>\n\t\t\t<\/h3>\n\t\t    <span style=\"margin-bottom: 4px;font-size: 11px;\" class=\"title-subtitle subtitle-color-primary subtitle-style-background wd-fontsize-xs\">Zob\u0101rsts<\/span>\n\t\t\n\t\t\n\t\t\t\t\t\t\t\t\t\t<div class=\"wd-post-read-more wd-style-link read-more-section\">\n\t\t\t\t\t\t<a class=\"btn-read-more more-link\" href=\"https:\/\/dentalpluss.lv\/bruninieku\/arsti\/anna-petrova\/\">Las\u012bt vair\u0101k<\/a>\t\t\t\t\t<\/div>\n\t\t\t\t\t\t\t<\/div>\n\n\t\t\t<\/div>\n\t<\/article>\n\t\t\t\t\t\t\t\t\t\t\t\t\t\t\t\t\t\t\t\n<article id=\"post-867\" class=\"wd-post blog-design-meta-image blog-post-loop blog-style-bg wd-add-shadow wd-col post-867 gydytojai type-gydytojai status-publish hentry gydytoju-kategorijos-arsti\">\n\t\t\t<div class=\"wd-post-inner\">\n\t\n\t<div class=\"wd-post-thumb\">\n\t\t\t\t\t<div class=\"wd-post-img\">\n\t\t\t\t\t\t\t<\/div>\n\t\t\n\t\t\t\t<a class=\"wd-post-link wd-fill\" href=\"https:\/\/dentalpluss.lv\/bruninieku\/arsti\/aina-petersone\/\" rel=\"bookmark\" aria-label=\"Link on post Aina P\u0113tersone\"><\/a>\n\n\t\t\t<\/div>\n\n\t<div class=\"wd-post-content\">\n\t\t<div class=\"wd-post-entry-meta\">\n\t\t\t\t\t\t\n\t\t\t<div class=\"wd-modified-date\">\n\t\t\t\t\t\t<time class=\"updated\" datetime=\"2025-07-02T19:47:57+00:00\">\n\t\t\t2025-07-02\t\t<\/time>\n\t\t\t\t\t<\/div>\n\n\t\t\t<div class=\"wd-meta-date\">\n\t\t\t\t02 J\u016bl 2025\t\t\t<\/div>\n\t\t<\/div>\n\n\t\t\t\t\t\t\t<h3 class=\"wd-entities-title title post-title\">\n\t\t\t\t<a href=\"https:\/\/dentalpluss.lv\/bruninieku\/arsti\/aina-petersone\/\" rel=\"bookmark\">\n\t\t\t\t\tAina P\u0113tersone\t\t\t\t<\/a>\n\t\t\t<\/h3>\n\t\t    <span style=\"margin-bottom: 4px;font-size: 11px;\" class=\"title-subtitle subtitle-color-primary subtitle-style-background wd-fontsize-xs\">Zob\u0101rsts<\/span>\n\t\t\n\t\t\n\t\t\t\t\t\t\t\t\t\t<div class=\"wd-post-read-more wd-style-link read-more-section\">\n\t\t\t\t\t\t<a class=\"btn-read-more more-link\" href=\"https:\/\/dentalpluss.lv\/bruninieku\/arsti\/aina-petersone\/\">Las\u012bt vair\u0101k<\/a>\t\t\t\t\t<\/div>\n\t\t\t\t\t\t\t<\/div>\n\n\t\t\t<\/div>\n\t<\/article>\n\t\t\t\t\t\t\t\t\t\t\t\t<\/div>\n\t\t\t\n\t\t\t\t\t\t\t\t\t\t<\/div>\n\t\t\t\t\t\t\t\t\t\t<\/div>\n\t\t\t\t<\/div>\n\t\t\t\t\t<\/div>\n\t\t\t\t<\/div>\n\t\t<div class=\"wd-negative-gap elementor-element elementor-element-e5e45c0 e-flex e-con-boxed e-con e-parent\" data-id=\"e5e45c0\" data-element_type=\"container\" data-e-type=\"container\">\n\t\t\t\t\t<div class=\"e-con-inner\">\n\t\t\t\t<div class=\"elementor-element elementor-element-0dc7614 wd-width-100 elementor-widget elementor-widget-wd_title\" data-id=\"0dc7614\" data-element_type=\"widget\" data-e-type=\"widget\" data-widget_type=\"wd_title.default\">\n\t\t\t\t<div class=\"elementor-widget-container\">\n\t\t\t\t\t\t\t<div class=\"title-wrapper wd-set-mb reset-last-child wd-title-color-primary wd-title-style-simple wd-title-size-large text-center\">\n\n\t\t\t\t\t\t\t\t\t\t\t<div class=\"title-subtitle subtitle-color-primary subtitle-style-background wd-fontsize-xs\">\n\t\t\t\t\tDental Pluss kl\u012bnikas\t\t\t\t<\/div>\n\t\t\t\n\t\t\t<div class=\"liner-continer\">\n\t\t\t\t<h4 class=\"woodmart-title-container title wd-fontsize-xxl\">Administratori, higi\u0113nisti, asistenti<\/h4> \n\t\t\t\t\t\t\t<\/div>\n\n\t\t\t\t\t<\/div>\n\t\t\t\t\t\t<\/div>\n\t\t\t\t<\/div>\n\t\t\t\t<div class=\"elementor-element elementor-element-2a41140 gydytojai-carousel wd-width-100 elementor-widget elementor-widget-wd_blog_custom\" data-id=\"2a41140\" data-element_type=\"widget\" data-e-type=\"widget\" data-widget_type=\"wd_blog_custom.default\">\n\t\t\t\t<div class=\"elementor-widget-container\">\n\t\t\t\t\t\t\t\t\t\t\t\t<div class=\"wd-blog-element\">\n\t\t\t\t\t<div class=\"wd-posts wd-blog-holder wd-grid-g\" id=\"69e0cfc82c8ad\" data-paged=\"1\" data-atts=\"{&quot;post_type&quot;:&quot;gydytojai&quot;,&quot;items_per_page&quot;:12,&quot;include&quot;:null,&quot;taxonomies&quot;:[&quot;19&quot;],&quot;offset&quot;:&quot;&quot;,&quot;orderby&quot;:&quot;&quot;,&quot;order&quot;:&quot;ASC&quot;,&quot;meta_key&quot;:null,&quot;exclude&quot;:&quot;&quot;,&quot;parts_media&quot;:true,&quot;parts_title&quot;:&quot;1&quot;,&quot;parts_meta&quot;:&quot;&quot;,&quot;parts_text&quot;:&quot;&quot;,&quot;parts_btn&quot;:&quot;1&quot;,&quot;img_size&quot;:&quot;large&quot;,&quot;blog_design&quot;:&quot;meta-image&quot;,&quot;blog_carousel_design&quot;:null,&quot;blog_columns&quot;:{&quot;unit&quot;:&quot;px&quot;,&quot;size&quot;:3,&quot;sizes&quot;:[]},&quot;blog_columns_tablet&quot;:{&quot;size&quot;:&quot;&quot;},&quot;blog_columns_mobile&quot;:{&quot;size&quot;:&quot;&quot;},&quot;blog_spacing&quot;:&quot;&quot;,&quot;blog_spacing_tablet&quot;:&quot;&quot;,&quot;blog_spacing_mobile&quot;:&quot;&quot;,&quot;pagination&quot;:&quot;&quot;,&quot;speed&quot;:&quot;5000&quot;,&quot;slides_per_view&quot;:{&quot;size&quot;:4},&quot;slides_per_view_tablet&quot;:{&quot;size&quot;:&quot;&quot;},&quot;slides_per_view_mobile&quot;:{&quot;size&quot;:&quot;&quot;},&quot;wrap&quot;:&quot;&quot;,&quot;autoplay&quot;:&quot;no&quot;,&quot;hide_pagination_control&quot;:&quot;&quot;,&quot;hide_prev_next_buttons&quot;:&quot;&quot;,&quot;scroll_per_page&quot;:&quot;yes&quot;,&quot;lazy_loading&quot;:&quot;no&quot;,&quot;scroll_carousel_init&quot;:&quot;no&quot;,&quot;ajax_page&quot;:&quot;&quot;,&quot;custom_sizes&quot;:false,&quot;elementor&quot;:true}\" data-source=\"shortcode\" style=\"--wd-col-lg:3;--wd-col-md:3;--wd-col-sm:1;--wd-gap-lg:20px;--wd-gap-sm:10px;\">\n\t\t\t\n\t\t\t\t\t\t\t\t\t\t\t\t\t\t\t\t\t\t\t\n<article id=\"post-868\" class=\"wd-post blog-design-meta-image blog-post-loop blog-style-bg wd-add-shadow wd-col post-868 gydytojai type-gydytojai status-publish hentry gydytoju-kategorijos-asistenti\">\n\t\t\t<div class=\"wd-post-inner\">\n\t\n\t<div class=\"wd-post-thumb\">\n\t\t\t\t\t<div class=\"wd-post-img\">\n\t\t\t\t\t\t\t<\/div>\n\t\t\n\t\t\t\t<a class=\"wd-post-link wd-fill\" href=\"https:\/\/dentalpluss.lv\/bruninieku\/arsti\/anita-buzjuka\/\" rel=\"bookmark\" aria-label=\"Link on post Anita Buzjuka\"><\/a>\n\n\t\t\t<\/div>\n\n\t<div class=\"wd-post-content\">\n\t\t<div class=\"wd-post-entry-meta\">\n\t\t\t\t\t\t\n\t\t\t<div class=\"wd-modified-date\">\n\t\t\t\t\t\t<time class=\"updated\" datetime=\"2025-07-02T19:48:27+00:00\">\n\t\t\t2025-07-02\t\t<\/time>\n\t\t\t\t\t<\/div>\n\n\t\t\t<div class=\"wd-meta-date\">\n\t\t\t\t02 J\u016bl 2025\t\t\t<\/div>\n\t\t<\/div>\n\n\t\t\t\t\t\t\t<h3 class=\"wd-entities-title title post-title\">\n\t\t\t\t<a href=\"https:\/\/dentalpluss.lv\/bruninieku\/arsti\/anita-buzjuka\/\" rel=\"bookmark\">\n\t\t\t\t\tAnita Buzjuka\t\t\t\t<\/a>\n\t\t\t<\/h3>\n\t\t    <span style=\"margin-bottom: 4px;font-size: 11px;\" class=\"title-subtitle subtitle-color-primary subtitle-style-background wd-fontsize-xs\">Administrators<\/span>\n\t\t\n\t\t\n\t\t\t\t\t\t\t\t\t\t<div class=\"wd-post-read-more wd-style-link read-more-section\">\n\t\t\t\t\t\t<a class=\"btn-read-more more-link\" href=\"https:\/\/dentalpluss.lv\/bruninieku\/arsti\/anita-buzjuka\/\">Las\u012bt vair\u0101k<\/a>\t\t\t\t\t<\/div>\n\t\t\t\t\t\t\t<\/div>\n\n\t\t\t<\/div>\n\t<\/article>\n\t\t\t\t\t\t\t\t\t\t\t\t\t\t\t\t\t\t\t\n<article id=\"post-869\" class=\"wd-post blog-design-meta-image blog-post-loop blog-style-bg wd-add-shadow wd-col post-869 gydytojai type-gydytojai status-publish hentry gydytoju-kategorijos-asistenti\">\n\t\t\t<div class=\"wd-post-inner\">\n\t\n\t<div class=\"wd-post-thumb\">\n\t\t\t\t\t<div class=\"wd-post-img\">\n\t\t\t\t\t\t\t<\/div>\n\t\t\n\t\t\t\t<a class=\"wd-post-link wd-fill\" href=\"https:\/\/dentalpluss.lv\/bruninieku\/arsti\/sondra-abollapa\/\" rel=\"bookmark\" aria-label=\"Link on post Sondra \u0100bollapa\"><\/a>\n\n\t\t\t<\/div>\n\n\t<div class=\"wd-post-content\">\n\t\t<div class=\"wd-post-entry-meta\">\n\t\t\t\t\t\t\n\t\t\t<div class=\"wd-modified-date\">\n\t\t\t\t\t\t<time class=\"updated\" datetime=\"2025-07-02T19:49:26+00:00\">\n\t\t\t2025-07-02\t\t<\/time>\n\t\t\t\t\t<\/div>\n\n\t\t\t<div class=\"wd-meta-date\">\n\t\t\t\t02 J\u016bl 2025\t\t\t<\/div>\n\t\t<\/div>\n\n\t\t\t\t\t\t\t<h3 class=\"wd-entities-title title post-title\">\n\t\t\t\t<a href=\"https:\/\/dentalpluss.lv\/bruninieku\/arsti\/sondra-abollapa\/\" rel=\"bookmark\">\n\t\t\t\t\tSondra \u0100bollapa\t\t\t\t<\/a>\n\t\t\t<\/h3>\n\t\t    <span style=\"margin-bottom: 4px;font-size: 11px;\" class=\"title-subtitle subtitle-color-primary subtitle-style-background wd-fontsize-xs\">Zob\u0101rsta asistents<\/span>\n\t\t\n\t\t\n\t\t\t\t\t\t\t\t\t\t<div class=\"wd-post-read-more wd-style-link read-more-section\">\n\t\t\t\t\t\t<a class=\"btn-read-more more-link\" href=\"https:\/\/dentalpluss.lv\/bruninieku\/arsti\/sondra-abollapa\/\">Las\u012bt vair\u0101k<\/a>\t\t\t\t\t<\/div>\n\t\t\t\t\t\t\t<\/div>\n\n\t\t\t<\/div>\n\t<\/article>\n\t\t\t\t\t\t\t\t\t\t\t\t\t\t\t\t\t\t\t\n<article id=\"post-870\" class=\"wd-post blog-design-meta-image blog-post-loop blog-style-bg wd-add-shadow wd-col post-870 gydytojai type-gydytojai status-publish hentry gydytoju-kategorijos-asistenti\">\n\t\t\t<div class=\"wd-post-inner\">\n\t\n\t<div class=\"wd-post-thumb\">\n\t\t\t\t\t<div class=\"wd-post-img\">\n\t\t\t\t\t\t\t<\/div>\n\t\t\n\t\t\t\t<a class=\"wd-post-link wd-fill\" href=\"https:\/\/dentalpluss.lv\/bruninieku\/arsti\/marija-goncarenko\/\" rel=\"bookmark\" aria-label=\"Link on post Marija Gon\u010darenko\"><\/a>\n\n\t\t\t<\/div>\n\n\t<div class=\"wd-post-content\">\n\t\t<div class=\"wd-post-entry-meta\">\n\t\t\t\t\t\t\n\t\t\t<div class=\"wd-modified-date\">\n\t\t\t\t\t\t<time class=\"updated\" datetime=\"2025-07-02T19:49:43+00:00\">\n\t\t\t2025-07-02\t\t<\/time>\n\t\t\t\t\t<\/div>\n\n\t\t\t<div class=\"wd-meta-date\">\n\t\t\t\t02 J\u016bl 2025\t\t\t<\/div>\n\t\t<\/div>\n\n\t\t\t\t\t\t\t<h3 class=\"wd-entities-title title post-title\">\n\t\t\t\t<a href=\"https:\/\/dentalpluss.lv\/bruninieku\/arsti\/marija-goncarenko\/\" rel=\"bookmark\">\n\t\t\t\t\tMarija Gon\u010darenko\t\t\t\t<\/a>\n\t\t\t<\/h3>\n\t\t    <span style=\"margin-bottom: 4px;font-size: 11px;\" class=\"title-subtitle subtitle-color-primary subtitle-style-background wd-fontsize-xs\">Zob\u0101rsta asistents<\/span>\n\t\t\n\t\t\n\t\t\t\t\t\t\t\t\t\t<div class=\"wd-post-read-more wd-style-link read-more-section\">\n\t\t\t\t\t\t<a class=\"btn-read-more more-link\" href=\"https:\/\/dentalpluss.lv\/bruninieku\/arsti\/marija-goncarenko\/\">Las\u012bt vair\u0101k<\/a>\t\t\t\t\t<\/div>\n\t\t\t\t\t\t\t<\/div>\n\n\t\t\t<\/div>\n\t<\/article>\n\t\t\t\t\t\t\t\t\t\t\t\t\t\t\t\t\t\t\t\n<article id=\"post-871\" class=\"wd-post blog-design-meta-image blog-post-loop blog-style-bg wd-add-shadow wd-col post-871 gydytojai type-gydytojai status-publish hentry gydytoju-kategorijos-asistenti\">\n\t\t\t<div class=\"wd-post-inner\">\n\t\n\t<div class=\"wd-post-thumb\">\n\t\t\t\t\t<div class=\"wd-post-img\">\n\t\t\t\t\t\t\t<\/div>\n\t\t\n\t\t\t\t<a class=\"wd-post-link wd-fill\" href=\"https:\/\/dentalpluss.lv\/bruninieku\/arsti\/julija-ahmanova\/\" rel=\"bookmark\" aria-label=\"Link on post J\u016blija Ahmanova\"><\/a>\n\n\t\t\t<\/div>\n\n\t<div class=\"wd-post-content\">\n\t\t<div class=\"wd-post-entry-meta\">\n\t\t\t\t\t\t\n\t\t\t<div class=\"wd-modified-date\">\n\t\t\t\t\t\t<time class=\"updated\" datetime=\"2025-07-02T19:50:00+00:00\">\n\t\t\t2025-07-02\t\t<\/time>\n\t\t\t\t\t<\/div>\n\n\t\t\t<div class=\"wd-meta-date\">\n\t\t\t\t02 J\u016bl 2025\t\t\t<\/div>\n\t\t<\/div>\n\n\t\t\t\t\t\t\t<h3 class=\"wd-entities-title title post-title\">\n\t\t\t\t<a href=\"https:\/\/dentalpluss.lv\/bruninieku\/arsti\/julija-ahmanova\/\" rel=\"bookmark\">\n\t\t\t\t\tJ\u016blija Ahmanova\t\t\t\t<\/a>\n\t\t\t<\/h3>\n\t\t    <span style=\"margin-bottom: 4px;font-size: 11px;\" class=\"title-subtitle subtitle-color-primary subtitle-style-background wd-fontsize-xs\">Zob\u0101rsta asistents<\/span>\n\t\t\n\t\t\n\t\t\t\t\t\t\t\t\t\t<div class=\"wd-post-read-more wd-style-link read-more-section\">\n\t\t\t\t\t\t<a class=\"btn-read-more more-link\" href=\"https:\/\/dentalpluss.lv\/bruninieku\/arsti\/julija-ahmanova\/\">Las\u012bt vair\u0101k<\/a>\t\t\t\t\t<\/div>\n\t\t\t\t\t\t\t<\/div>\n\n\t\t\t<\/div>\n\t<\/article>\n\t\t\t\t\t\t\t\t\t\t\t\t<\/div>\n\t\t\t\n\t\t\t\t\t\t\t\t\t\t<\/div>\n\t\t\t\t\t\t\t\t\t\t<\/div>\n\t\t\t\t<\/div>\n\t\t\t\t\t<\/div>\n\t\t\t\t<\/div>\n\t\t\t\t<\/div>\n\t\t","protected":false},"excerpt":{"rendered":"<p>Dental Pluss kl\u012bnikas Kl\u012bnikas \u0101rstu komanda 2025-06-07 07 Jun 2025 Aleksandrs Go\u013ci\u010denkovs Zob\u0101rsts Continue reading 2025-06-07 07 Jun 2025 Olga<\/p>\n","protected":false},"author":1,"featured_media":0,"parent":0,"menu_order":0,"comment_status":"closed","ping_status":"closed","template":"","meta":{"_acf_changed":false,"footnotes":""},"class_list":["post-360","page","type-page","status-publish","hentry"],"acf":[],"lang":"lv","translations":{"lv":360,"ru":650},"pll_sync_post":[],"_links":{"self":[{"href":"https:\/\/dentalpluss.lv\/bruninieku\/wp-json\/wp\/v2\/pages\/360","targetHints":{"allow":["GET"]}}],"collection":[{"href":"https:\/\/dentalpluss.lv\/bruninieku\/wp-json\/wp\/v2\/pages"}],"about":[{"href":"https:\/\/dentalpluss.lv\/bruninieku\/wp-json\/wp\/v2\/types\/page"}],"author":[{"embeddable":true,"href":"https:\/\/dentalpluss.lv\/bruninieku\/wp-json\/wp\/v2\/users\/1"}],"replies":[{"embeddable":true,"href":"https:\/\/dentalpluss.lv\/bruninieku\/wp-json\/wp\/v2\/comments?post=360"}],"version-history":[{"count":0,"href":"https:\/\/dentalpluss.lv\/bruninieku\/wp-json\/wp\/v2\/pages\/360\/revisions"}],"wp:attachment":[{"href":"https:\/\/dentalpluss.lv\/bruninieku\/wp-json\/wp\/v2\/media?parent=360"}],"curies":[{"name":"wp","href":"https:\/\/api.w.org\/{rel}","templated":true}]}}