{"id":432,"date":"2025-06-12T20:52:12","date_gmt":"2025-06-12T20:52:12","guid":{"rendered":"https:\/\/dentalpluss.lv\/bruninieku\/?page_id=432"},"modified":"2025-07-14T21:03:46","modified_gmt":"2025-07-14T21:03:46","slug":"profesionala-mutes-dobuma-higiena","status":"publish","type":"page","link":"https:\/\/dentalpluss.lv\/bruninieku\/pakalpojumi\/profesionala-mutes-dobuma-higiena\/","title":{"rendered":"Profesion\u0101l\u0101 mutes dobuma higi\u0113na"},"content":{"rendered":"\t\t<div data-elementor-type=\"wp-page\" data-elementor-id=\"432\" class=\"elementor elementor-432\">\n\t\t\t\t<div class=\"wd-negative-gap elementor-element elementor-element-5f66947 e-flex e-con-boxed e-con e-parent\" data-id=\"5f66947\" data-element_type=\"container\" data-e-type=\"container\">\n\t\t\t\t\t<div class=\"e-con-inner\">\n\t\t<div class=\"elementor-element elementor-element-6215335 e-con-full e-flex e-con e-child\" data-id=\"6215335\" data-element_type=\"container\" data-e-type=\"container\">\n\t\t\t\t<div class=\"elementor-element elementor-element-bfef5d4 elementor-widget elementor-widget-image\" data-id=\"bfef5d4\" data-element_type=\"widget\" data-e-type=\"widget\" data-widget_type=\"image.default\">\n\t\t\t\t<div class=\"elementor-widget-container\">\n\t\t\t\t\t\t\t\t\t\t\t\t\t\t\t<img fetchpriority=\"high\" decoding=\"async\" width=\"1300\" height=\"867\" src=\"https:\/\/dentalpluss.lv\/bruninieku\/wp-content\/uploads\/2025\/06\/Prof.-burnos-higiena.jpg\" class=\"attachment-full size-full wp-image-411\" alt=\"Zob\u0101rstniec\u012bbas kl\u012bnika R\u012bg\u0101\" srcset=\"https:\/\/dentalpluss.lv\/bruninieku\/wp-content\/uploads\/2025\/06\/Prof.-burnos-higiena.jpg 1300w, https:\/\/dentalpluss.lv\/bruninieku\/wp-content\/uploads\/2025\/06\/Prof.-burnos-higiena-300x200.jpg 300w, https:\/\/dentalpluss.lv\/bruninieku\/wp-content\/uploads\/2025\/06\/Prof.-burnos-higiena-1024x683.jpg 1024w, https:\/\/dentalpluss.lv\/bruninieku\/wp-content\/uploads\/2025\/06\/Prof.-burnos-higiena-768x512.jpg 768w\" sizes=\"(max-width: 1300px) 100vw, 1300px\" title=\"Zob\u0101rstniec\u012bbas kl\u012bnika R\u012bg\u0101\">\t\t\t\t\t\t\t\t\t\t\t\t\t\t\t<\/div>\n\t\t\t\t<\/div>\n\t\t\t\t<div class=\"elementor-element elementor-element-311eed7 elementor-widget elementor-widget-wd_text_block\" data-id=\"311eed7\" data-element_type=\"widget\" data-e-type=\"widget\" data-widget_type=\"wd_text_block.default\">\n\t\t\t\t<div class=\"elementor-widget-container\">\n\t\t\t\t\t\t\t<div class=\"wd-text-block reset-last-child text-left\">\n\t\t\t\n\t\t\t<p>J\u016bsu zobi ilgi b\u016bs veseli un skaisti, ja tos pareizi kopsiet. Profesion\u0101l\u0101 mutes dobuma higi\u0113na pal\u012bdz\u0113s jums sasniegt v\u0113lamos rezult\u0101tus. Profesion\u0101l\u0101s mutes dobuma higi\u0113nas m\u0113r\u0137is ir nov\u0113rst periodonta slim\u012bbu ra\u0161anos, no\u0146emt m\u012bksto un cieto zobu aplikumu (zobakmeni), samazin\u0101t zobu jut\u012bgumu, no\u0146emt aplikumu uz gr\u016bti sasniedzam\u0101m virsm\u0101m, lietot profilaktiskus l\u012bdzek\u013cus \u2013 fluora lakas uzkl\u0101\u0161anu. Profesion\u0101laj\u0101 mutes higi\u0113n\u0101 zobakmens un m\u012bksto aplikumu no\u0146em ar speci\u0101liem instrumentiem, gaisa un ultraska\u0146as skeleri, zobus pul\u0113 ar gaisa, \u016bdens un speci\u0101la pulvera (n\u0101trija vai kalcija karbon\u0101ta) str\u016bklu. \u0160is ir m\u016bsdien\u012bgs veids, k\u0101 no\u0146emt aplikumu ar \u201cAirflow\u201d. Zobu virsma tiek p\u0101rkl\u0101ta ar \u012bpa\u0161u fluoru saturo\u0161u pastu. Mut\u0113 p\u0113c tam izj\u016btat viegluma un svaiguma saj\u016btu.<\/p><h3><strong>Cik bie\u017ei j\u0101veic profesion\u0101l\u0101 mutes dobuma higi\u0113na?<\/strong><\/h3><p>Profesion\u0101la mutes dobuma higi\u0113na parasti ir ieteicama ik p\u0113c 6 m\u0113ne\u0161iem. Ta\u010du katrs pacients ir \u013coti individu\u0101ls, da\u017ek\u0101rt zobakmens un aplikuma uzkr\u0101\u0161an\u0101s notiek intens\u012bv\u0101k, t\u0101p\u0113c ieteicams konsult\u0113ties ar savu higi\u0113nistu, lai noteiktu jums piem\u0113rot\u0101ko proced\u016bru\u00a0 interv\u0101lu.<\/p><h3><strong>K\u0101p\u0113c p\u0113c mutes dobuma higi\u0113nas zobi k\u013c\u016bst jut\u012bg\u0101ki?<\/strong><\/h3><p>Ja pacientam ir iev\u0113rojams zobakmens un ir skarts periodonts, tas var novest pie \u017eok\u013ca kaula zuduma, var atkl\u0101ties zobu kakli\u0146i un saknes. Zobakmens uzkr\u0101\u0161an\u0101s mask\u0113 jut\u012bguma probl\u0113mu. P\u0113c zobakmens no\u0146em\u0161anas mutes dobuma higi\u0113nas laik\u0101 smaganas un zobi var k\u013c\u016bt jut\u012bg\u0101ki \u2013 tas ir norm\u0101li. Svar\u012bgi no t\u0101 nenob\u012bties un neizvair\u012bties no profesion\u0101l\u0101s mutes dobuma higi\u0113nas, jo t\u0101d\u0113j\u0101di tiks nov\u0113rstas nopietnas smaganu probl\u0113mas un kaula zudums, kas var izrais\u012bt zobu zaud\u0113\u0161anu n\u0101kotn\u0113. Ja j\u016bsu zobi ir \u013coti jut\u012bgi, konsult\u0113jieties ar mutes dobuma higi\u0113nistu un noskaidrojiet, k\u0101du zobu pastu vi\u0146\u0161 jums ieteiktu zobu jut\u012bguma mazin\u0101\u0161anai.<\/p><h3><strong>Vai ir iesp\u0113jama s\u0101pju mazin\u0101\u0161ana ar profesion\u0101lu mutes dobuma higi\u0113nu?\u00a0 <\/strong><\/h3><p><strong>\u00a0\u201c<\/strong>Dental pluss\u201d zob\u0101rstniec\u012bbas kl\u012bnik\u0101 mutes dobuma higi\u0113nists pirms proced\u016bras inform\u0113s par anest\u0113zijas iesp\u0113ju.<\/p><h3><strong>Cik bie\u017ei ir j\u0101lieto starpzobu diegs?<\/strong><\/h3><p>Zobu diegs ir j\u0101izmanto katras zobu t\u012br\u012b\u0161anas laik\u0101, tas ir, no r\u012bta un vakar\u0101. Viz\u012btes laik\u0101 ar savu mutes dobuma higi\u0113nistu p\u0101rrun\u0101jiet, k\u0101 pareizi t\u012br\u012bt starpzobu spraugas. Starpzobu spraugu t\u012br\u012b\u0161ana ir \u0101rk\u0101rt\u012bgi svar\u012bga, jo \u0161aj\u0101s viet\u0101s uzkr\u0101tajam aplikumam ir gr\u016bt\u0101k piek\u013c\u016bt. To t\u012br\u012b\u0161anai ir pieejami vair\u0101ki r\u012bki: starpzobu diegs, da\u017e\u0101das starpzobu birst\u012btes, utt. M\u016bsu zob\u0101rstniec\u012bbas kl\u012bnik\u0101 \u012bpa\u0161i popul\u0101rs ir apar\u0101ts AIR Flow, ko var lietot ari m\u0101jas apst\u0101k\u013cos. Tas uzlabo un atvieglo mutes dobuma higi\u0113nu, \u012bpa\u0161i, ja jums ir prot\u0113zes un implanti.<\/p>\n\t\t\t\t\t<\/div>\n\t\t\t\t\t\t<\/div>\n\t\t\t\t<\/div>\n\t\t\t\t<\/div>\n\t\t<div class=\"elementor-element elementor-element-8f7dca2 e-con-full e-flex e-con e-child\" data-id=\"8f7dca2\" data-element_type=\"container\" data-e-type=\"container\">\n\t\t\t\t<div class=\"elementor-element elementor-element-a5d0032 make-sticky elementor-widget elementor-widget-wd_mega_menu\" data-id=\"a5d0032\" data-element_type=\"widget\" data-e-type=\"widget\" data-widget_type=\"wd_mega_menu.default\">\n\t\t\t\t<div class=\"elementor-widget-container\">\n\t\t\t\t\t\t\t<div class=\"wd-menu widget_nav_mega_menu\">\n\t\t\t\t\t\t\t<h5 class=\"widget-title color-scheme-dark\">\n\t\t\t\t\tM\u016bsu kl\u012bnikas pakalpojumi\t\t\t\t<\/h5>\n\t\t\t\t\t\t<ul id=\"menu-services-menu\" class=\"menu wd-nav wd-nav-vertical wd-design-with-bg wd-gap- wd-icon-left\"><li id=\"menu-item-470\" class=\"menu-item menu-item-type-post_type menu-item-object-page menu-item-470 item-level-0 menu-simple-dropdown wd-event-hover\" ><a href=\"https:\/\/dentalpluss.lv\/bruninieku\/pakalpojumi\/profesionala-mutes-dobuma-higiena\/\" class=\"woodmart-nav-link\"><span class=\"nav-link-text\">Profesion\u0101l\u0101 mutes dobuma higi\u0113na<\/span><\/a><\/li>\n<li id=\"menu-item-469\" class=\"menu-item menu-item-type-post_type menu-item-object-page menu-item-469 item-level-0 menu-simple-dropdown wd-event-hover\" ><a href=\"https:\/\/dentalpluss.lv\/bruninieku\/pakalpojumi\/endodontiska-arstesana\/\" class=\"woodmart-nav-link\"><span class=\"nav-link-text\">Endodontisk\u0101 \u0101rst\u0113\u0161ana<\/span><\/a><\/li>\n<li id=\"menu-item-468\" class=\"menu-item menu-item-type-post_type menu-item-object-page menu-item-468 item-level-0 menu-simple-dropdown wd-event-hover\" ><a href=\"https:\/\/dentalpluss.lv\/bruninieku\/pakalpojumi\/protezesana\/\" class=\"woodmart-nav-link\"><span class=\"nav-link-text\">Protez\u0113\u0161ana<\/span><\/a><\/li>\n<li id=\"menu-item-467\" class=\"menu-item menu-item-type-post_type menu-item-object-page menu-item-467 item-level-0 menu-simple-dropdown wd-event-hover\" ><a href=\"https:\/\/dentalpluss.lv\/bruninieku\/pakalpojumi\/implantacija\/\" class=\"woodmart-nav-link\"><span class=\"nav-link-text\">Implant\u0101cija<\/span><\/a><\/li>\n<li id=\"menu-item-466\" class=\"menu-item menu-item-type-post_type menu-item-object-page menu-item-466 item-level-0 menu-simple-dropdown wd-event-hover\" ><a href=\"https:\/\/dentalpluss.lv\/bruninieku\/pakalpojumi\/mutes-dobuma-kirurgija\/\" class=\"woodmart-nav-link\"><span class=\"nav-link-text\">Mutes dobuma \u0137irur\u0123ija<\/span><\/a><\/li>\n<li id=\"menu-item-465\" class=\"menu-item menu-item-type-post_type menu-item-object-page menu-item-465 item-level-0 menu-simple-dropdown wd-event-hover\" ><a href=\"https:\/\/dentalpluss.lv\/bruninieku\/pakalpojumi\/terapeitiska-zobu-arstesana\/\" class=\"woodmart-nav-link\"><span class=\"nav-link-text\">Terapeitisk\u0101 zobu \u0101rst\u0113\u0161ana<\/span><\/a><\/li>\n<li id=\"menu-item-464\" class=\"menu-item menu-item-type-post_type menu-item-object-page menu-item-464 item-level-0 menu-simple-dropdown wd-event-hover\" ><a href=\"https:\/\/dentalpluss.lv\/bruninieku\/pakalpojumi\/estetiska-zobu-restauracija\/\" class=\"woodmart-nav-link\"><span class=\"nav-link-text\">Est\u0113tisk\u0101 zobu restaur\u0101cija<\/span><\/a><\/li>\n<li id=\"menu-item-463\" class=\"menu-item menu-item-type-post_type menu-item-object-page menu-item-463 item-level-0 menu-simple-dropdown wd-event-hover\" ><a href=\"https:\/\/dentalpluss.lv\/bruninieku\/pakalpojumi\/zobu-balinasana-tonu-korekcija\/\" class=\"woodmart-nav-link\"><span class=\"nav-link-text\">Zobu balin\u0101\u0161ana \u2013 to\u0146u korekcija<\/span><\/a><\/li>\n<li id=\"menu-item-462\" class=\"menu-item menu-item-type-post_type menu-item-object-page menu-item-462 item-level-0 menu-simple-dropdown wd-event-hover\" ><a href=\"https:\/\/dentalpluss.lv\/bruninieku\/pakalpojumi\/3d-datortomografija-panoramas-rentgens\/\" class=\"woodmart-nav-link\"><span class=\"nav-link-text\">3D datortomogr\u0101fija, panor\u0101mas rentgens<\/span><\/a><\/li>\n<\/ul>\t\t<\/div>\n\t\t\t\t\t\t<\/div>\n\t\t\t\t<\/div>\n\t\t\t\t<\/div>\n\t\t\t\t\t<\/div>\n\t\t\t\t<\/div>\n\t\t\t\t<\/div>\n\t\t","protected":false},"excerpt":{"rendered":"<p>J\u016bsu zobi ilgi b\u016bs veseli un skaisti, ja tos pareizi kopsiet. Profesion\u0101l\u0101 mutes dobuma higi\u0113na pal\u012bdz\u0113s jums sasniegt v\u0113lamos rezult\u0101tus.<\/p>\n","protected":false},"author":1,"featured_media":0,"parent":399,"menu_order":0,"comment_status":"closed","ping_status":"closed","template":"","meta":{"_acf_changed":false,"footnotes":""},"class_list":["post-432","page","type-page","status-publish","hentry"],"acf":[],"lang":"lv","translations":{"lv":432,"ru":641},"pll_sync_post":[],"_links":{"self":[{"href":"https:\/\/dentalpluss.lv\/bruninieku\/wp-json\/wp\/v2\/pages\/432","targetHints":{"allow":["GET"]}}],"collection":[{"href":"https:\/\/dentalpluss.lv\/bruninieku\/wp-json\/wp\/v2\/pages"}],"about":[{"href":"https:\/\/dentalpluss.lv\/bruninieku\/wp-json\/wp\/v2\/types\/page"}],"author":[{"embeddable":true,"href":"https:\/\/dentalpluss.lv\/bruninieku\/wp-json\/wp\/v2\/users\/1"}],"replies":[{"embeddable":true,"href":"https:\/\/dentalpluss.lv\/bruninieku\/wp-json\/wp\/v2\/comments?post=432"}],"version-history":[{"count":0,"href":"https:\/\/dentalpluss.lv\/bruninieku\/wp-json\/wp\/v2\/pages\/432\/revisions"}],"up":[{"embeddable":true,"href":"https:\/\/dentalpluss.lv\/bruninieku\/wp-json\/wp\/v2\/pages\/399"}],"wp:attachment":[{"href":"https:\/\/dentalpluss.lv\/bruninieku\/wp-json\/wp\/v2\/media?parent=432"}],"curies":[{"name":"wp","href":"https:\/\/api.w.org\/{rel}","templated":true}]}}