{"id":434,"date":"2025-06-12T20:52:29","date_gmt":"2025-06-12T20:52:29","guid":{"rendered":"https:\/\/dentalpluss.lv\/bruninieku\/?page_id=434"},"modified":"2025-07-14T21:01:53","modified_gmt":"2025-07-14T21:01:53","slug":"endodontiska-arstesana","status":"publish","type":"page","link":"https:\/\/dentalpluss.lv\/bruninieku\/pakalpojumi\/endodontiska-arstesana\/","title":{"rendered":"Endodontisk\u0101 \u0101rst\u0113\u0161ana"},"content":{"rendered":"\t\t<div data-elementor-type=\"wp-page\" data-elementor-id=\"434\" class=\"elementor elementor-434\">\n\t\t\t\t<div class=\"wd-negative-gap elementor-element elementor-element-02267d3 e-flex e-con-boxed e-con e-parent\" data-id=\"02267d3\" data-element_type=\"container\" data-e-type=\"container\">\n\t\t\t\t\t<div class=\"e-con-inner\">\n\t\t<div class=\"elementor-element elementor-element-87a7f17 e-con-full e-flex e-con e-child\" data-id=\"87a7f17\" data-element_type=\"container\" data-e-type=\"container\">\n\t\t\t\t<div class=\"elementor-element elementor-element-1ae88d6 elementor-widget elementor-widget-image\" data-id=\"1ae88d6\" data-element_type=\"widget\" data-e-type=\"widget\" data-widget_type=\"image.default\">\n\t\t\t\t<div class=\"elementor-widget-container\">\n\t\t\t\t\t\t\t\t\t\t\t\t\t\t\t<img fetchpriority=\"high\" decoding=\"async\" width=\"1300\" height=\"867\" src=\"https:\/\/dentalpluss.lv\/bruninieku\/wp-content\/uploads\/2025\/06\/IK_OK_92.jpg\" class=\"attachment-full size-full wp-image-406\" alt=\"Zob\u0101rstniec\u012bbas kl\u012bnika R\u012bg\u0101\" srcset=\"https:\/\/dentalpluss.lv\/bruninieku\/wp-content\/uploads\/2025\/06\/IK_OK_92.jpg 1300w, https:\/\/dentalpluss.lv\/bruninieku\/wp-content\/uploads\/2025\/06\/IK_OK_92-300x200.jpg 300w, https:\/\/dentalpluss.lv\/bruninieku\/wp-content\/uploads\/2025\/06\/IK_OK_92-1024x683.jpg 1024w, https:\/\/dentalpluss.lv\/bruninieku\/wp-content\/uploads\/2025\/06\/IK_OK_92-768x512.jpg 768w\" sizes=\"(max-width: 1300px) 100vw, 1300px\" title=\"Zob\u0101rstniec\u012bbas kl\u012bnika R\u012bg\u0101\">\t\t\t\t\t\t\t\t\t\t\t\t\t\t\t<\/div>\n\t\t\t\t<\/div>\n\t\t\t\t<div class=\"elementor-element elementor-element-51e0b9b elementor-widget elementor-widget-wd_text_block\" data-id=\"51e0b9b\" data-element_type=\"widget\" data-e-type=\"widget\" data-widget_type=\"wd_text_block.default\">\n\t\t\t\t<div class=\"elementor-widget-container\">\n\t\t\t\t\t\t\t<div class=\"wd-text-block reset-last-child text-left\">\n\t\t\t\n\t\t\t<p>Endodontisk\u0101 \u0101rst\u0113\u0161ana ir zob\u0101rstniec\u012bbas joma, kas ietver zobu sak\u0146u kan\u0101lu \u0101rst\u0113\u0161anu. \u0160\u012b \u0101rst\u0113\u0161ana ir nepiecie\u0161ama, ja infekcijas d\u0113\u013c ir boj\u0101ti zoba m\u012bkstie audi, zoba nervi. Uz emaljas virsmas par\u0101d\u0101s plaisas, ko var izrais\u012bt trauma vai ne\u0101rst\u0113ts kariess \u2013\u0161aj\u0101s plais\u0101s mikroorganismi iek\u013c\u016bst zoba m\u012bkstajos audos, pulp\u0101, un rada t\u0101l\u0101kas komplik\u0101cijas. Pat vesel\u012bga izskata zobs var b\u016bt boj\u0101ts. Pirmais br\u012bdin\u0101jums par sak\u0146u kan\u0101lu probl\u0113m\u0101m ir s\u0101pes, kuras bie\u017ei vien nevar remd\u0113t pat ar medikamentiem. Var rasties ar\u012b iekaisums (abscess) un t\u0101d\u0101 gad\u012bjum\u0101 jums p\u0113c iesp\u0113jas \u0101tr\u0101k j\u0101sazin\u0101s ar zob\u0101rstu.<\/p><p>P\u0113c endodontisk\u0101s \u0101rst\u0113\u0161anas zobs ir j\u0101atjauno p\u0113c iesp\u0113jas \u0101tr\u0101k, lai nov\u0113rstu bakt\u0113riju iek\u013c\u016b\u0161anu sak\u0146u kan\u0101los un pasarg\u0101tu zobu no sekund\u0101ra kariesa. Galven\u0101s endodontisk\u0101s \u0101rst\u0113\u0161anas priek\u0161roc\u012bbas ir prec\u012bza proced\u016bra, kas nev\u0101jina un neboj\u0101 zoba sakni.<\/p><p>Pateicoties veiksm\u012bgai endodontiskajai \u0101rst\u0113\u0161anai, tiek saglab\u0101ta zoba dabisk\u0101 sakne \u2013 \u0161aj\u0101 gad\u012bjum\u0101 implant\u0101cija nav nepiecie\u0161ama, prot\u0113zi var stiprin\u0101t uz zoba ar sa\u0101rst\u0113tu sak\u0146u kan\u0101lu.<\/p><h3><strong>Ko dar\u012bt, ja mut\u0113 paman\u0101t abscesu?<\/strong><\/h3><p>Pacienti visbie\u017e\u0101k nov\u0113ro izmai\u0146as mutes g\u013cot\u0101d\u0101 pie zobu sakn\u0113m, strutu izdal\u012b\u0161anos. Simptomu raksturo iekaisuma veido\u0161an\u0101s ap zobu sak\u0146u galotn\u0113m. Ne\u0101rst\u0113ta infekcija boj\u0101 \u017eok\u013ca kaulu un non\u0101k mutes dobum\u0101. \u0160\u012bs komplik\u0101cijas c\u0113lonis var b\u016bt zobu nerva sair\u0161ana (nekroze) vai iepriek\u0161 veikta nekvalitat\u012bva endodontisk\u0101 \u0101rst\u0113\u0161ana, vai citas komplik\u0101cijas. Ja paman\u0101t k\u0101das no \u0161\u012bm izmai\u0146\u0101m, p\u0113c iesp\u0113jas \u0101tr\u0101k vajadz\u0113tu sazin\u0101ties ar endodontu \u201cDental Pluss\u201d zob\u0101rstniec\u012bbas kl\u012bnik\u0101, kur\u0161 p\u0113c da\u017e\u0101d\u0101m p\u0101rbaud\u0113m un rentgena izmekl\u0113jumiem noteiks diagnozi un turpm\u0101ko \u0101rst\u0113\u0161anu.<\/p><h3><strong>Ko dar\u012bt, ja j\u016btu asas zobu s\u0101pes, s\u0101pes ir past\u0101v\u012bgas, spont\u0101nas, \u012bpa\u0161i vakaros. K\u0101ds ir iemesls?<\/strong><\/h3><p>Simptomi, kad pacientiem rodas spont\u0101nas, \u013coti stipras s\u0101pes, ko izraisa sve\u0161i kairin\u0101t\u0101ji vai auksts \u0113diens, ir rakstur\u012bgi pulp\u012btam (zoba m\u012bksto audu iekaisumam). Bie\u017ei vien s\u0101pes ir \u013coti sp\u0113c\u012bgas, prets\u0101pju l\u012bdzek\u013ci pal\u012bdz tikai \u012bslaic\u012bgi. Par\u0101doties \u0161iem simptomiem, nevilcinieties un p\u0113c iesp\u0113jas \u0101tr\u0101k sazinieties ar savu zob\u0101rstu, jo nogaidot var rasties nopietn\u0101kas komplik\u0101cijas \u2013 \u017eok\u013ca kaula iekaisums un atsevi\u0161\u0137os gad\u012bjumos pat sepse.<\/p><h3><strong>Ko dar\u012bt, kad par\u0101d\u0101s piet\u016bkums un, sako\u017eot zobus, j\u016btat s\u0101pes?<\/strong><\/h3><p>Ja paman\u0101t piet\u016bkumu, zobs \u0161\u0137iet \u201cpiepacelts\u201d, p\u0113c iesp\u0113jas \u0101tr\u0101k sazinieties ar savu zob\u0101rstu, iesp\u0113jams, ka ap zoba sakni ir izveidojies iekaisums, abscess. Nek\u0101d\u0101 gad\u012bjum\u0101 nevajadz\u0113tu sild\u012bt piet\u016bkuma zonu vai izmantot siltas kompreses.<\/p><h3><strong>K\u0101p\u0113c p\u0113c endodontisk\u0101s \u0101rst\u0113\u0161anas ir ieteicama protez\u0113\u0161ana?<\/strong><\/h3><p>Endodontiski \u0101rst\u0113ta zoba kronis parasti ir boj\u0101ts (\u013coti dzi\u013c\u0161 kariess, lielas plombes). Jo maz\u0101k palicis zoba audu, jo liel\u0101ks ir l\u016bzumu\u00a0 risks. Lai to nov\u0113rstu, ieteicams nekav\u0113joties aizsarg\u0101t atliku\u0161os zoba audus ar kroni.<\/p>\n\t\t\t\t\t<\/div>\n\t\t\t\t\t\t<\/div>\n\t\t\t\t<\/div>\n\t\t\t\t<\/div>\n\t\t<div class=\"elementor-element elementor-element-e7d0bd7 e-con-full e-flex e-con e-child\" data-id=\"e7d0bd7\" data-element_type=\"container\" data-e-type=\"container\">\n\t\t\t\t<div class=\"elementor-element elementor-element-882236e make-sticky elementor-widget elementor-widget-wd_mega_menu\" data-id=\"882236e\" data-element_type=\"widget\" data-e-type=\"widget\" data-widget_type=\"wd_mega_menu.default\">\n\t\t\t\t<div class=\"elementor-widget-container\">\n\t\t\t\t\t\t\t<div class=\"wd-menu widget_nav_mega_menu\">\n\t\t\t\t\t\t\t<h5 class=\"widget-title color-scheme-dark\">\n\t\t\t\t\tM\u016bsu kl\u012bnikas pakalpojumi\t\t\t\t<\/h5>\n\t\t\t\t\t\t<ul id=\"menu-services-menu\" class=\"menu wd-nav wd-nav-vertical wd-design-with-bg wd-gap- wd-icon-left\"><li id=\"menu-item-470\" class=\"menu-item menu-item-type-post_type menu-item-object-page menu-item-470 item-level-0 menu-simple-dropdown wd-event-hover\" ><a href=\"https:\/\/dentalpluss.lv\/bruninieku\/pakalpojumi\/profesionala-mutes-dobuma-higiena\/\" class=\"woodmart-nav-link\"><span class=\"nav-link-text\">Profesion\u0101l\u0101 mutes dobuma higi\u0113na<\/span><\/a><\/li>\n<li id=\"menu-item-469\" class=\"menu-item menu-item-type-post_type menu-item-object-page menu-item-469 item-level-0 menu-simple-dropdown wd-event-hover\" ><a href=\"https:\/\/dentalpluss.lv\/bruninieku\/pakalpojumi\/endodontiska-arstesana\/\" class=\"woodmart-nav-link\"><span class=\"nav-link-text\">Endodontisk\u0101 \u0101rst\u0113\u0161ana<\/span><\/a><\/li>\n<li id=\"menu-item-468\" class=\"menu-item menu-item-type-post_type menu-item-object-page menu-item-468 item-level-0 menu-simple-dropdown wd-event-hover\" ><a href=\"https:\/\/dentalpluss.lv\/bruninieku\/pakalpojumi\/protezesana\/\" class=\"woodmart-nav-link\"><span class=\"nav-link-text\">Protez\u0113\u0161ana<\/span><\/a><\/li>\n<li id=\"menu-item-467\" class=\"menu-item menu-item-type-post_type menu-item-object-page menu-item-467 item-level-0 menu-simple-dropdown wd-event-hover\" ><a href=\"https:\/\/dentalpluss.lv\/bruninieku\/pakalpojumi\/implantacija\/\" class=\"woodmart-nav-link\"><span class=\"nav-link-text\">Implant\u0101cija<\/span><\/a><\/li>\n<li id=\"menu-item-466\" class=\"menu-item menu-item-type-post_type menu-item-object-page menu-item-466 item-level-0 menu-simple-dropdown wd-event-hover\" ><a href=\"https:\/\/dentalpluss.lv\/bruninieku\/pakalpojumi\/mutes-dobuma-kirurgija\/\" class=\"woodmart-nav-link\"><span class=\"nav-link-text\">Mutes dobuma \u0137irur\u0123ija<\/span><\/a><\/li>\n<li id=\"menu-item-465\" class=\"menu-item menu-item-type-post_type menu-item-object-page menu-item-465 item-level-0 menu-simple-dropdown wd-event-hover\" ><a href=\"https:\/\/dentalpluss.lv\/bruninieku\/pakalpojumi\/terapeitiska-zobu-arstesana\/\" class=\"woodmart-nav-link\"><span class=\"nav-link-text\">Terapeitisk\u0101 zobu \u0101rst\u0113\u0161ana<\/span><\/a><\/li>\n<li id=\"menu-item-464\" class=\"menu-item menu-item-type-post_type menu-item-object-page menu-item-464 item-level-0 menu-simple-dropdown wd-event-hover\" ><a href=\"https:\/\/dentalpluss.lv\/bruninieku\/pakalpojumi\/estetiska-zobu-restauracija\/\" class=\"woodmart-nav-link\"><span class=\"nav-link-text\">Est\u0113tisk\u0101 zobu restaur\u0101cija<\/span><\/a><\/li>\n<li id=\"menu-item-463\" class=\"menu-item menu-item-type-post_type menu-item-object-page menu-item-463 item-level-0 menu-simple-dropdown wd-event-hover\" ><a href=\"https:\/\/dentalpluss.lv\/bruninieku\/pakalpojumi\/zobu-balinasana-tonu-korekcija\/\" class=\"woodmart-nav-link\"><span class=\"nav-link-text\">Zobu balin\u0101\u0161ana \u2013 to\u0146u korekcija<\/span><\/a><\/li>\n<li id=\"menu-item-462\" class=\"menu-item menu-item-type-post_type menu-item-object-page menu-item-462 item-level-0 menu-simple-dropdown wd-event-hover\" ><a href=\"https:\/\/dentalpluss.lv\/bruninieku\/pakalpojumi\/3d-datortomografija-panoramas-rentgens\/\" class=\"woodmart-nav-link\"><span class=\"nav-link-text\">3D datortomogr\u0101fija, panor\u0101mas rentgens<\/span><\/a><\/li>\n<\/ul>\t\t<\/div>\n\t\t\t\t\t\t<\/div>\n\t\t\t\t<\/div>\n\t\t\t\t<\/div>\n\t\t\t\t\t<\/div>\n\t\t\t\t<\/div>\n\t\t\t\t<\/div>\n\t\t","protected":false},"excerpt":{"rendered":"<p>Endodontisk\u0101 \u0101rst\u0113\u0161ana ir zob\u0101rstniec\u012bbas joma, kas ietver zobu sak\u0146u kan\u0101lu \u0101rst\u0113\u0161anu. \u0160\u012b \u0101rst\u0113\u0161ana ir nepiecie\u0161ama, ja infekcijas d\u0113\u013c ir boj\u0101ti<\/p>\n","protected":false},"author":1,"featured_media":0,"parent":399,"menu_order":0,"comment_status":"closed","ping_status":"closed","template":"","meta":{"_acf_changed":false,"footnotes":""},"class_list":["post-434","page","type-page","status-publish","hentry"],"acf":[],"lang":"lv","translations":{"lv":434,"ru":633},"pll_sync_post":[],"_links":{"self":[{"href":"https:\/\/dentalpluss.lv\/bruninieku\/wp-json\/wp\/v2\/pages\/434","targetHints":{"allow":["GET"]}}],"collection":[{"href":"https:\/\/dentalpluss.lv\/bruninieku\/wp-json\/wp\/v2\/pages"}],"about":[{"href":"https:\/\/dentalpluss.lv\/bruninieku\/wp-json\/wp\/v2\/types\/page"}],"author":[{"embeddable":true,"href":"https:\/\/dentalpluss.lv\/bruninieku\/wp-json\/wp\/v2\/users\/1"}],"replies":[{"embeddable":true,"href":"https:\/\/dentalpluss.lv\/bruninieku\/wp-json\/wp\/v2\/comments?post=434"}],"version-history":[{"count":0,"href":"https:\/\/dentalpluss.lv\/bruninieku\/wp-json\/wp\/v2\/pages\/434\/revisions"}],"up":[{"embeddable":true,"href":"https:\/\/dentalpluss.lv\/bruninieku\/wp-json\/wp\/v2\/pages\/399"}],"wp:attachment":[{"href":"https:\/\/dentalpluss.lv\/bruninieku\/wp-json\/wp\/v2\/media?parent=434"}],"curies":[{"name":"wp","href":"https:\/\/api.w.org\/{rel}","templated":true}]}}