{"id":436,"date":"2025-06-12T20:52:41","date_gmt":"2025-06-12T20:52:41","guid":{"rendered":"https:\/\/dentalpluss.lv\/bruninieku\/?page_id=436"},"modified":"2025-07-14T21:04:10","modified_gmt":"2025-07-14T21:04:10","slug":"protezesana","status":"publish","type":"page","link":"https:\/\/dentalpluss.lv\/bruninieku\/pakalpojumi\/protezesana\/","title":{"rendered":"Protez\u0113\u0161ana"},"content":{"rendered":"\t\t<div data-elementor-type=\"wp-page\" data-elementor-id=\"436\" class=\"elementor elementor-436\">\n\t\t\t\t<div class=\"wd-negative-gap elementor-element elementor-element-e4f8f2f e-flex e-con-boxed e-con e-parent\" data-id=\"e4f8f2f\" data-element_type=\"container\" data-e-type=\"container\">\n\t\t\t\t\t<div class=\"e-con-inner\">\n\t\t<div class=\"elementor-element elementor-element-3beaf08 e-con-full e-flex e-con e-child\" data-id=\"3beaf08\" data-element_type=\"container\" data-e-type=\"container\">\n\t\t\t\t<div class=\"elementor-element elementor-element-d899b6c elementor-widget elementor-widget-image\" data-id=\"d899b6c\" data-element_type=\"widget\" data-e-type=\"widget\" data-widget_type=\"image.default\">\n\t\t\t\t<div class=\"elementor-widget-container\">\n\t\t\t\t\t\t\t\t\t\t\t\t\t\t\t<img fetchpriority=\"high\" decoding=\"async\" width=\"1300\" height=\"865\" src=\"https:\/\/dentalpluss.lv\/bruninieku\/wp-content\/uploads\/2025\/06\/Protezavimas.jpg\" class=\"attachment-full size-full wp-image-407\" alt=\"Zob\u0101rstniec\u012bbas kl\u012bnika R\u012bg\u0101\" srcset=\"https:\/\/dentalpluss.lv\/bruninieku\/wp-content\/uploads\/2025\/06\/Protezavimas.jpg 1300w, https:\/\/dentalpluss.lv\/bruninieku\/wp-content\/uploads\/2025\/06\/Protezavimas-300x200.jpg 300w, https:\/\/dentalpluss.lv\/bruninieku\/wp-content\/uploads\/2025\/06\/Protezavimas-1024x681.jpg 1024w, https:\/\/dentalpluss.lv\/bruninieku\/wp-content\/uploads\/2025\/06\/Protezavimas-768x511.jpg 768w\" sizes=\"(max-width: 1300px) 100vw, 1300px\" title=\"Zob\u0101rstniec\u012bbas kl\u012bnika R\u012bg\u0101\">\t\t\t\t\t\t\t\t\t\t\t\t\t\t\t<\/div>\n\t\t\t\t<\/div>\n\t\t\t\t<div class=\"elementor-element elementor-element-da076b8 elementor-widget elementor-widget-wd_text_block\" data-id=\"da076b8\" data-element_type=\"widget\" data-e-type=\"widget\" data-widget_type=\"wd_text_block.default\">\n\t\t\t\t<div class=\"elementor-widget-container\">\n\t\t\t\t\t\t\t<div class=\"wd-text-block reset-last-child text-left\">\n\t\t\t\n\t\t\t<p>Galvenais protez\u0113\u0161anas m\u0113r\u0137is ir aizst\u0101t zaud\u0113tos zobu audus vai zaud\u0113tos zobus, t\u0101d\u0113j\u0101di atjaunot\u00a0 ko\u0161anas funkciju un est\u0113tiku. Protez\u0113\u0161ana tiek veikta, izmantojot da\u017e\u0101das prot\u0113zes. Neiz\u0146emam\u0101s prot\u0113zes (met\u0101lkeramikas, bezmet\u0101la keramikas kro\u0146i, tilti\u0146i) \u2013 \u0161\u0101da veida restaur\u0101cija tiek fiks\u0113ta uz atliku\u0161ajiem zobiem vai implantiem. Rezult\u0101t\u0101 pacients ieg\u016bst labu est\u0113tisku izskatu, un palielin\u0101s ko\u0161anas funkcijas efektivit\u0101te.<\/p><p>Iz\u0146emam\u0101s da\u013c\u0113j\u0101s prot\u0113zes (ciet\u0101s plastmasas, m\u012bkst\u0101s plastmasa, met\u0101la loka) \u2013 pacientiem, kuriem ir zaud\u0113ti vair\u0101ki zobi aug\u0161\u0113j\u0101 vai apak\u0161\u0113j\u0101 \u017eokl\u012b. Lietojot iz\u0146emam\u0101s da\u013c\u0113j\u0101s prot\u0113zes, tiek pan\u0101kts v\u0113lamais est\u0113tiskais izskats, bet to maz\u0101k\u0101s stabilit\u0101tes d\u0113\u013c \u017eok\u013ca kauls \u0101tr\u0101k nolietojas.<\/p><p>Iz\u0146emam\u0101s piln\u0101s prot\u0113zes (ciet\u0101s plastmasas) \u2013 pacientiem, kuriem ir zaud\u0113ti visi zobi zobu apak\u0161\u0113j\u0101 un\/vai aug\u0161\u0113j\u0101 rind\u0101. Iz\u0146emamas prot\u0113zes var piestiprin\u0101t pie implantiem, tas uzlabo prot\u0113\u017eu notur\u012bbu un pacienta komfortu.<\/p><p>Mikroprotez\u0113\u0161ana ir audus saudz\u0113jo\u0161a \u0101rst\u0113\u0161anas metode. Est\u0113tiskas, bet taj\u0101 pa\u0161\u0101 laik\u0101 iztur\u012bgas bezmet\u0101la keramikas plombes lieliski nov\u0113r\u0161 zoba kro\u0146a defektus. \u0160\u0101da tipa restaur\u0101cija ir daudz uzticam\u0101ka un iztur\u012bg\u0101ka nek\u0101 plomb\u0113\u0161ana pie lieliem boj\u0101jumiem. Lai atjaunotu priek\u0161\u0113jo zobu est\u0113tiku, tiek izmantotas pl\u0101ksn\u012btes\u00a0\u2013 \u013coti pl\u0101nas keramikas pl\u0101ksn\u012btes priek\u0161zobiem, kuras ar speci\u0101liem adhez\u012bviem cementiem tiek piestiprin\u0101tas pie zobu emaljas uz zobu \u0101r\u0113j\u0101s virsmas.<\/p><h3><strong>Kas ir \u00a0zobu p\u0101rkl\u0101jums\u00a0no\u00a0keramikas?<\/strong><\/h3><p>Ja dz\u012bvam zobam kronis ir boj\u0101ts vai plomb\u0113ts vair\u0101k nek\u0101 par pusi, ieteicams to atjaunot ar porcel\u0101na (keramikas) p\u0101rkl\u0101jumiem. Labi izgatavots p\u0101rkl\u0101jums ir daudz prec\u012bz\u0101ks, iztur\u012bg\u0101ks, est\u0113tisk\u0101ks nek\u0101 plombe.<\/p><h3><strong>Kas ir zobu pl\u0101ksn\u012btes?<\/strong><\/h3><p>Porcel\u0101na (keramikas) pl\u0101ksn\u012btes ir pl\u0101nas bezmet\u0101la keramikas pl\u0101ksn\u012btes, kuras tiek piel\u012bm\u0113tas pie zobu priek\u0161\u0113j\u0101s virsmas. Tas \u013cauj piel\u0101got zobu formu un kr\u0101su. \u0160\u0101du pl\u0101ksn\u012b\u0161u priek\u0161roc\u012bba pret kron\u012bti ir saudz\u012bg\u0101ka zobu audu sl\u012bp\u0113\u0161ana. T\u0101s tiek izgatavotas priek\u0161\u0113jo zobu grupai. T\u0101s ir \u012bpa\u0161i est\u0113tiskas un dabiskas, pal\u012bdz atjaunot zobu izskatu.<\/p><h3><strong>Vai pl\u0101ksn\u012btes laika gait\u0101 maina kr\u0101su?<\/strong><\/h3><p>Pl\u0101ksn\u012btes tiek izgatavotas zobu tehni\u0137u laboratorij\u0101 un sare\u017e\u0123\u012bta procesa rezult\u0101t\u0101 tiek pan\u0101kta \u012bpa\u0161i iztur\u012bga un stabila restaur\u0101cija, kas laika gait\u0101 nemaina kr\u0101su. Pl\u0101ksn\u012b\u0161u materi\u0101lu varam sal\u012bdzin\u0101t ar stiklu vai porcel\u0101nu. Prec\u012bzi izpild\u012bts darbs var kalpot 10-20 gadus.<\/p><h3><strong>K\u0101p\u0113c tiek izgatavoti pagaidu zobu kron\u012b\u0161i? Vai tie ir nepiecie\u0161ami?<\/strong><\/h3><p>Pagaidu kron\u012b\u0161i pasarg\u0101 apsl\u012bp\u0113tos zobus no temperat\u016bras sv\u0101rst\u012bb\u0101m, jut\u012bguma, tie nov\u0113r\u0161 zobu migr\u0101ciju p\u0113c nospieduma \u0146em\u0161anas, veido piesmaganu zonu.<\/p><h3><strong>Vai pirms protez\u0113\u0161anas protez\u0113jamie zobi ir j\u0101\u0101rst\u0113 endodontiski?<\/strong><\/h3><p>N\u0113, ja protez\u0113jamais zobs nav simptom\u0101tisks, t.i. t\u0101 m\u012bkstie audi (nervs) nav skarts vai boj\u0101ts. \u201cDental Pluss\u201d zob\u0101rstniec\u012bbas kl\u012bnik\u0101 vienm\u0113r cen\u0161amies saglab\u0101t zoba vitalit\u0101ti, ar\u012b p\u0113c protez\u0113\u0161anas saglab\u0101t zobu ar veselu nervu. \u0160\u0101ds zobs kalpos ilg\u0101k un b\u016bs stipr\u0101ks.<\/p>\n\t\t\t\t\t<\/div>\n\t\t\t\t\t\t<\/div>\n\t\t\t\t<\/div>\n\t\t\t\t<\/div>\n\t\t<div class=\"elementor-element elementor-element-9e51f7e e-con-full e-flex e-con e-child\" data-id=\"9e51f7e\" data-element_type=\"container\" data-e-type=\"container\">\n\t\t\t\t<div class=\"elementor-element elementor-element-0619b24 make-sticky elementor-widget elementor-widget-wd_mega_menu\" data-id=\"0619b24\" data-element_type=\"widget\" data-e-type=\"widget\" data-widget_type=\"wd_mega_menu.default\">\n\t\t\t\t<div class=\"elementor-widget-container\">\n\t\t\t\t\t\t\t<div class=\"wd-menu widget_nav_mega_menu\">\n\t\t\t\t\t\t\t<h5 class=\"widget-title color-scheme-dark\">\n\t\t\t\t\tM\u016bsu kl\u012bnikas pakalpojumi\t\t\t\t<\/h5>\n\t\t\t\t\t\t<ul id=\"menu-services-menu\" class=\"menu wd-nav wd-nav-vertical wd-design-with-bg wd-gap- wd-icon-left\"><li id=\"menu-item-470\" class=\"menu-item menu-item-type-post_type menu-item-object-page menu-item-470 item-level-0 menu-simple-dropdown wd-event-hover\" ><a href=\"https:\/\/dentalpluss.lv\/bruninieku\/pakalpojumi\/profesionala-mutes-dobuma-higiena\/\" class=\"woodmart-nav-link\"><span class=\"nav-link-text\">Profesion\u0101l\u0101 mutes dobuma higi\u0113na<\/span><\/a><\/li>\n<li id=\"menu-item-469\" class=\"menu-item menu-item-type-post_type menu-item-object-page menu-item-469 item-level-0 menu-simple-dropdown wd-event-hover\" ><a href=\"https:\/\/dentalpluss.lv\/bruninieku\/pakalpojumi\/endodontiska-arstesana\/\" class=\"woodmart-nav-link\"><span class=\"nav-link-text\">Endodontisk\u0101 \u0101rst\u0113\u0161ana<\/span><\/a><\/li>\n<li id=\"menu-item-468\" class=\"menu-item menu-item-type-post_type menu-item-object-page menu-item-468 item-level-0 menu-simple-dropdown wd-event-hover\" ><a href=\"https:\/\/dentalpluss.lv\/bruninieku\/pakalpojumi\/protezesana\/\" class=\"woodmart-nav-link\"><span class=\"nav-link-text\">Protez\u0113\u0161ana<\/span><\/a><\/li>\n<li id=\"menu-item-467\" class=\"menu-item menu-item-type-post_type menu-item-object-page menu-item-467 item-level-0 menu-simple-dropdown wd-event-hover\" ><a href=\"https:\/\/dentalpluss.lv\/bruninieku\/pakalpojumi\/implantacija\/\" class=\"woodmart-nav-link\"><span class=\"nav-link-text\">Implant\u0101cija<\/span><\/a><\/li>\n<li id=\"menu-item-466\" class=\"menu-item menu-item-type-post_type menu-item-object-page menu-item-466 item-level-0 menu-simple-dropdown wd-event-hover\" ><a href=\"https:\/\/dentalpluss.lv\/bruninieku\/pakalpojumi\/mutes-dobuma-kirurgija\/\" class=\"woodmart-nav-link\"><span class=\"nav-link-text\">Mutes dobuma \u0137irur\u0123ija<\/span><\/a><\/li>\n<li id=\"menu-item-465\" class=\"menu-item menu-item-type-post_type menu-item-object-page menu-item-465 item-level-0 menu-simple-dropdown wd-event-hover\" ><a href=\"https:\/\/dentalpluss.lv\/bruninieku\/pakalpojumi\/terapeitiska-zobu-arstesana\/\" class=\"woodmart-nav-link\"><span class=\"nav-link-text\">Terapeitisk\u0101 zobu \u0101rst\u0113\u0161ana<\/span><\/a><\/li>\n<li id=\"menu-item-464\" class=\"menu-item menu-item-type-post_type menu-item-object-page menu-item-464 item-level-0 menu-simple-dropdown wd-event-hover\" ><a href=\"https:\/\/dentalpluss.lv\/bruninieku\/pakalpojumi\/estetiska-zobu-restauracija\/\" class=\"woodmart-nav-link\"><span class=\"nav-link-text\">Est\u0113tisk\u0101 zobu restaur\u0101cija<\/span><\/a><\/li>\n<li id=\"menu-item-463\" class=\"menu-item menu-item-type-post_type menu-item-object-page menu-item-463 item-level-0 menu-simple-dropdown wd-event-hover\" ><a href=\"https:\/\/dentalpluss.lv\/bruninieku\/pakalpojumi\/zobu-balinasana-tonu-korekcija\/\" class=\"woodmart-nav-link\"><span class=\"nav-link-text\">Zobu balin\u0101\u0161ana \u2013 to\u0146u korekcija<\/span><\/a><\/li>\n<li id=\"menu-item-462\" class=\"menu-item menu-item-type-post_type menu-item-object-page menu-item-462 item-level-0 menu-simple-dropdown wd-event-hover\" ><a href=\"https:\/\/dentalpluss.lv\/bruninieku\/pakalpojumi\/3d-datortomografija-panoramas-rentgens\/\" class=\"woodmart-nav-link\"><span class=\"nav-link-text\">3D datortomogr\u0101fija, panor\u0101mas rentgens<\/span><\/a><\/li>\n<\/ul>\t\t<\/div>\n\t\t\t\t\t\t<\/div>\n\t\t\t\t<\/div>\n\t\t\t\t<\/div>\n\t\t\t\t\t<\/div>\n\t\t\t\t<\/div>\n\t\t\t\t<\/div>\n\t\t","protected":false},"excerpt":{"rendered":"<p>Galvenais protez\u0113\u0161anas m\u0113r\u0137is ir aizst\u0101t zaud\u0113tos zobu audus vai zaud\u0113tos zobus, t\u0101d\u0113j\u0101di atjaunot\u00a0 ko\u0161anas funkciju un est\u0113tiku. Protez\u0113\u0161ana tiek veikta,<\/p>\n","protected":false},"author":1,"featured_media":0,"parent":399,"menu_order":0,"comment_status":"closed","ping_status":"closed","template":"","meta":{"_acf_changed":false,"footnotes":""},"class_list":["post-436","page","type-page","status-publish","hentry"],"acf":[],"lang":"lv","translations":{"lv":436,"ru":645},"pll_sync_post":[],"_links":{"self":[{"href":"https:\/\/dentalpluss.lv\/bruninieku\/wp-json\/wp\/v2\/pages\/436","targetHints":{"allow":["GET"]}}],"collection":[{"href":"https:\/\/dentalpluss.lv\/bruninieku\/wp-json\/wp\/v2\/pages"}],"about":[{"href":"https:\/\/dentalpluss.lv\/bruninieku\/wp-json\/wp\/v2\/types\/page"}],"author":[{"embeddable":true,"href":"https:\/\/dentalpluss.lv\/bruninieku\/wp-json\/wp\/v2\/users\/1"}],"replies":[{"embeddable":true,"href":"https:\/\/dentalpluss.lv\/bruninieku\/wp-json\/wp\/v2\/comments?post=436"}],"version-history":[{"count":0,"href":"https:\/\/dentalpluss.lv\/bruninieku\/wp-json\/wp\/v2\/pages\/436\/revisions"}],"up":[{"embeddable":true,"href":"https:\/\/dentalpluss.lv\/bruninieku\/wp-json\/wp\/v2\/pages\/399"}],"wp:attachment":[{"href":"https:\/\/dentalpluss.lv\/bruninieku\/wp-json\/wp\/v2\/media?parent=436"}],"curies":[{"name":"wp","href":"https:\/\/api.w.org\/{rel}","templated":true}]}}