{"id":438,"date":"2025-06-12T20:52:59","date_gmt":"2025-06-12T20:52:59","guid":{"rendered":"https:\/\/dentalpluss.lv\/bruninieku\/?page_id=438"},"modified":"2026-03-03T19:06:22","modified_gmt":"2026-03-03T19:06:22","slug":"implantacija","status":"publish","type":"page","link":"https:\/\/dentalpluss.lv\/bruninieku\/pakalpojumi\/implantacija\/","title":{"rendered":"Implant\u0101cija"},"content":{"rendered":"\t\t<div data-elementor-type=\"wp-page\" data-elementor-id=\"438\" class=\"elementor elementor-438\">\n\t\t\t\t<div class=\"wd-negative-gap elementor-element elementor-element-552f6b9 e-flex e-con-boxed e-con e-parent\" data-id=\"552f6b9\" data-element_type=\"container\" data-e-type=\"container\">\n\t\t\t\t\t<div class=\"e-con-inner\">\n\t\t<div class=\"elementor-element elementor-element-971e1fd e-con-full e-flex e-con e-child\" data-id=\"971e1fd\" data-element_type=\"container\" data-e-type=\"container\">\n\t\t\t\t<div class=\"elementor-element elementor-element-04f00ea elementor-widget elementor-widget-image\" data-id=\"04f00ea\" data-element_type=\"widget\" data-e-type=\"widget\" data-widget_type=\"image.default\">\n\t\t\t\t<div class=\"elementor-widget-container\">\n\t\t\t\t\t\t\t\t\t\t\t\t\t\t\t<img fetchpriority=\"high\" decoding=\"async\" width=\"1300\" height=\"867\" src=\"https:\/\/dentalpluss.lv\/bruninieku\/wp-content\/uploads\/2025\/06\/IK_OK_438.jpg\" class=\"attachment-full size-full wp-image-405\" alt=\"Zob\u0101rstniec\u012bbas kl\u012bnika R\u012bg\u0101\" srcset=\"https:\/\/dentalpluss.lv\/bruninieku\/wp-content\/uploads\/2025\/06\/IK_OK_438.jpg 1300w, https:\/\/dentalpluss.lv\/bruninieku\/wp-content\/uploads\/2025\/06\/IK_OK_438-300x200.jpg 300w, https:\/\/dentalpluss.lv\/bruninieku\/wp-content\/uploads\/2025\/06\/IK_OK_438-1024x683.jpg 1024w, https:\/\/dentalpluss.lv\/bruninieku\/wp-content\/uploads\/2025\/06\/IK_OK_438-768x512.jpg 768w\" sizes=\"(max-width: 1300px) 100vw, 1300px\" title=\"Zob\u0101rstniec\u012bbas kl\u012bnika R\u012bg\u0101\">\t\t\t\t\t\t\t\t\t\t\t\t\t\t\t<\/div>\n\t\t\t\t<\/div>\n\t\t\t\t<div class=\"elementor-element elementor-element-f016f16 wd-width-100 elementor-widget elementor-widget-wd_title\" data-id=\"f016f16\" data-element_type=\"widget\" data-e-type=\"widget\" data-widget_type=\"wd_title.default\">\n\t\t\t\t<div class=\"elementor-widget-container\">\n\t\t\t\t\t\t\t<div class=\"title-wrapper wd-set-mb reset-last-child wd-title-color-primary wd-title-style-simple wd-title-size-large text-center\">\n\n\t\t\t\n\t\t\t<div class=\"liner-continer\">\n\t\t\t\t<h3 class=\"woodmart-title-container title wd-fontsize-xxl\">Zobu implanti tikai <u>600 \u20ac<\/u><\/h3> \n\t\t\t\t\t\t\t<\/div>\n\n\t\t\t\t\t\t\t<div class=\"title-after_title reset-last-child wd-fontsize-s\">\n\t\t\t\t\t<p>M\u0113s esam ap\u0146\u0113mu\u0161ies nodro\u0161in\u0101t izcilu zob\u0101rstniec\u012bbas apr\u016bpi par pie\u0146emam\u0101m cen\u0101m. Ja mekl\u0113jat rentablus risin\u0101jumus tr\u016bksto\u0161o zobu \u0101rst\u0113\u0161anai, m\u016bsu augstas kvalit\u0101tes zobu implanti ir ide\u0101la izv\u0113le.<\/p>\t\t\t\t<\/div>\n\t\t\t\t\t<\/div>\n\t\t\t\t\t\t<\/div>\n\t\t\t\t<\/div>\n\t\t<div class=\"elementor-element elementor-element-51e6ad2 e-con-full e-flex e-con e-child\" data-id=\"51e6ad2\" data-element_type=\"container\" data-e-type=\"container\">\n\t\t<div class=\"elementor-element elementor-element-7d4fd81 e-con-full e-flex e-con e-child\" data-id=\"7d4fd81\" data-element_type=\"container\" data-e-type=\"container\">\n\t\t\t\t<div class=\"elementor-element elementor-element-386b40b elementor-widget elementor-widget-html\" data-id=\"386b40b\" data-element_type=\"widget\" data-e-type=\"widget\" data-widget_type=\"html.default\">\n\t\t\t\t<div class=\"elementor-widget-container\">\n\t\t\t\t\t<style>\n    .custom-pricing-table {\n        padding: 20px;\n        background: #fff7f7;\n        color: black;\n        border-radius: 15px;\n        border: 2px solid #981a1a;\n        text-align: center;\n        position: relative;\n    }\n    .custom-pricing-heading {\n        display: flex;\n        flex-direction: column;\n        align-items: center;\n        justify-content: flex-start;\n        margin-bottom: 25px;\n    }\n    .pricing-title {\n        font-size: 14px;\n        font-weight: 500;\n        margin: 0;\n        padding: 0;\n        background: #981a1a;\n        color: white;\n        padding: 3px 8px;\n        margin-bottom: 15px;\n        border-radius: 12px\n    }\n    .custom-pricing-logo {\n        height: 80px !important;\n        margin-bottom: 25px;\n    }\n    .pricing-description {\n        margin-bottom: 25px;\n    }\n    .custom-old-price {\n        text-decoration: line-through;\n        margin-bottom: 10px;\n        font-weight: 600;\n        font-size: 24px;\n        line-height: 24px;\n    }\n    .custom-new-price {\n        font-size: 42px;\n        font-weight: 600;\n        color: #981a1a;\n    }\n    .custom-pricing-list ul {\n        list-style: none;\n        margin: 0;\n        padding: 0;\n    }\n    .custom-pricing-list ul li{\n        height: 50px;\n        display: flex;\n        align-items: center;\n        justify-content: center;\n        font-size: 15px;\n        font-weight: 600;\n        border-top: 0px solid gray;\n    }\n    .custom-pricing-list ul li:nth-child(even) {\n        background-color: #981a1a;\n        color: white;\n    }\n    .per-month {\n        text-decoration: underline;\n    }\n<\/style>\n<div class=\"custom-pricing-table\">\n    <div class=\"custom-pricing-heading\">\n                <span class=\"pricing-title\">Augstas kvalit\u0101tes V\u0101cu implant\u0101ti<\/span>\n        <img decoding=\"async\" class=\"custom-pricing-logo\" src=\"https:\/\/dentalpluss.lv\/bruninieku\/wp-content\/uploads\/2025\/06\/k3pro_logo.png\" alt=\"Zob\u0101rstniec\u012bbas kl\u012bnika R\u012bg\u0101\" title=\"Zob\u0101rstniec\u012bbas kl\u012bnika R\u012bg\u0101\">\n\n        <span class=\"pricing-description\">Tiem, kas mekl\u0113 efekt\u012bvu risin\u0101jumu<\/span>\n\n        <div class=\"custom-old-price\">700 \u20ac<\/div>\n        <div class=\"custom-new-price\">600 \u20ac<\/div>\n    <\/div>\n    <div class=\"custom-pricing-list\">\n        <ul>\n            <li>Augsta kvalit\u0101te<\/li>\n            <li>Ilgtermi\u0146a iztur\u012bba<\/li>\n            <li>Est\u0113tisks rezult\u0101ts<\/li>\n            <li>Augsts pieauguma r\u0101d\u012bt\u0101js<\/li>\n        <\/ul>\n    <\/div>\n    <div class=\"custom-pricing-footer\n    \">\n        \n    <\/div>\n<\/div>\t\t\t\t<\/div>\n\t\t\t\t<\/div>\n\t\t\t\t<\/div>\n\t\t<div class=\"elementor-element elementor-element-8e5fbaf e-con-full e-flex e-con e-child\" data-id=\"8e5fbaf\" data-element_type=\"container\" data-e-type=\"container\">\n\t\t\t\t<div class=\"elementor-element elementor-element-be4d7f9 elementor-widget elementor-widget-html\" data-id=\"be4d7f9\" data-element_type=\"widget\" data-e-type=\"widget\" data-widget_type=\"html.default\">\n\t\t\t\t<div class=\"elementor-widget-container\">\n\t\t\t\t\t<style>\n    .custom-pricing-table {\n        padding: 20px;\n        background: #fff7f7;\n        color: black;\n        border-radius: 15px;\n        border: 2px solid #981a1a;\n        text-align: center;\n        position: relative;\n    }\n    .custom-pricing-heading {\n        display: flex;\n        flex-direction: column;\n        align-items: center;\n        justify-content: flex-start;\n        margin-bottom: 25px;\n    }\n    .pricing-title {\n        font-size: 14px;\n        font-weight: 500;\n        margin: 0;\n        padding: 0;\n        background: #981a1a;\n        color: white;\n        padding: 3px 8px;\n        margin-bottom: 15px;\n        border-radius: 12px\n    }\n    .custom-pricing-logo {\n        height: 40px;\n        margin-bottom: 25px;\n    }\n    .pricing-description {\n        margin-bottom: 25px;\n    }\n    .custom-old-price {\n        text-decoration: line-through;\n        margin-bottom: 10px;\n        font-weight: 600;\n    }\n    .custom-new-price {\n        font-size: 42px;\n        font-weight: 600;\n        color: #981a1a;\n    }\n    .custom-pricing-list ul {\n        list-style: none;\n        margin: 0;\n        padding: 0;\n    }\n    .custom-pricing-list ul li{\n        height: 50px;\n        display: flex;\n        align-items: center;\n        justify-content: center;\n        font-size: 15px;\n        font-weight: 600;\n        border-top: 1px solid gray;\n        margin-bottom: 0;\n    }\n    .custom-pricing-list ul li:nth-child(even) {\n        background-color: #981a1a;\n        color: white;\n    }\n    .straumann {\n        transform: translateY(-15px)\n    }\n<\/style>\n<div class=\"custom-pricing-table straumann\">\n    <div class=\"custom-pricing-heading\">\n                <span class=\"pricing-title\">Popul\u0101r\u0101kie implant\u0101ti pasaul\u0113<\/span>\n        <img decoding=\"async\" class=\"custom-pricing-logo\" src=\"https:\/\/odontologijosklinika.eu\/\/plunge\/wp-content\/uploads\/2024\/08\/Straumann.webp\" alt=\"Zob\u0101rstniec\u012bbas kl\u012bnika R\u012bg\u0101\" title=\"Zob\u0101rstniec\u012bbas kl\u012bnika R\u012bg\u0101\">\n\n        <span class=\"pricing-description\">Tiem, kas mekl\u0113 lab\u0101ko risin\u0101jumu<\/span>\n\n        <div class=\"custom-old-price\">900 \u20ac<\/div>\n        <div class=\"custom-new-price\">750 \u20ac<\/div>\n\n    <\/div>\n    <div class=\"custom-pricing-list\">\n        <ul>\n            <li>\u0160veices kvalit\u0101te<\/li>\n            <li>Unik\u0101las \u012bpa\u0161\u012bbas<\/li>\n            <li>Roxolid sakaus\u0113jums<\/li>\n            <li>Ilgtermi\u0146a garantija<\/li>\n        <\/ul>\n    <\/div>\n    <div class=\"custom-pricing-footer\n    \">\n        \n    <\/div>\n<\/div>\t\t\t\t<\/div>\n\t\t\t\t<\/div>\n\t\t\t\t<\/div>\n\t\t\t\t<\/div>\n\t\t\t\t<div class=\"elementor-element elementor-element-9816be4 elementor-widget elementor-widget-wd_text_block\" data-id=\"9816be4\" data-element_type=\"widget\" data-e-type=\"widget\" data-widget_type=\"wd_text_block.default\">\n\t\t\t\t<div class=\"elementor-widget-container\">\n\t\t\t\t\t\t\t<div class=\"wd-text-block reset-last-child text-left\">\n\t\t\t\n\t\t\t<p><strong>Zobu implanti<\/strong> ir m\u016bsdien\u012bga alternat\u012bva zobu tilti\u0146iem, iz\u0146emajam\u0101m prot\u0113z\u0113m, kas \u013cauj atjaunot gan zobu est\u0113tisko, gan ko\u0161anas funkciju.<\/p><p>Implant\u0101cijas laik\u0101, p\u0113c kaula daudzuma noteik\u0161anas ,vajadz\u012bgaj\u0101 \u017eok\u013ca viet\u0101 kaul\u0101 izveido dobumu un ievieto implantu. <strong>Implants<\/strong> ir tit\u0101na vai keramikas (pacientiem ar aler\u0123iju pret met\u0101lu) saknei l\u012bdz\u012bgas formas skr\u016bve, kam tiek piestiprin\u0101ta izv\u0113l\u0113t\u0101 veida prot\u0113ze. Implants pilda \u012bstas zoba saknes funkciju, un, neradot diskomfortu, ja tiek pien\u0101c\u012bgi kopts, parasti kalpo visu m\u016b\u017eu.<\/p><h3><strong>K\u0101 notiek implant\u0101cijas proced\u016bra?<\/strong><\/h3><p>Implant\u0101cijas laik\u0101 smagan\u0101 tiek veikts iegriezums, taj\u0101 tiek ievietots implants, br\u016bce tiek aiz\u0161\u016bta un atst\u0101ta dz\u012bst. Dz\u012b\u0161anas process ilgst vid\u0113ji \u010detrus m\u0113ne\u0161us. P\u0113c tam tiek no jauna\u00a0 atsegts implanta gals un ievietota smaganu form\u0113jo\u0161\u0101 skr\u016bve. P\u0113c div\u0101m l\u012bdz trim ned\u0113\u013c\u0101m var\u00a0 s\u0101kt protez\u0113\u0161anu. Uz implantiem var likt atsevi\u0161\u0137u kro\u0146u, tiltu vai cita veida fiks\u0113tu prot\u0113zi. Gados vec\u0101kiem cilv\u0113kiem, kuriem bie\u017ei vien savu zobu vairs nav, iz\u0146emam\u0101s prot\u0113zes var fiks\u0113t ar\u012b uz implantiem, t\u0101dej\u0101di uzlabojot prot\u0113\u017eu stabilit\u0101ti, atjaunojot ko\u0161anas un runas funkcijas, kas ir pasliktin\u0101ju\u0161\u0101s zobu izkri\u0161anas d\u0113\u013c. P\u0113c implant\u0101cijas ir minim\u0101la atgr\u016b\u0161anas iesp\u0113ja. \u0160\u0101dos gad\u012bjumos implants tiek iz\u0146emts un p\u0113c br\u016bces sadz\u012b\u0161anas implanta ievieto\u0161anu var atk\u0101rtot.<\/p><h3><strong>K\u0101p\u0113c izv\u0113l\u0113ties zobu implantus?<\/strong><\/h3><p>Implantam piestiprin\u0101tie zobu kro\u0146i izskat\u0101s k\u0101 pa\u0161a pacienta zobi, nerada diskomfortu, ir iztur\u012bgi un ilgm\u016b\u017e\u012bgi. Protez\u0113\u0161ana uz implanta nenoslogo blakus eso\u0161os zobus, implants pats da\u013c\u0113ji sadala ko\u0161anas slodzi,\u00a0 veicinot \u017eok\u013ca kaula saglab\u0101\u0161anu, apturot t\u0101 atrofiju. Tikai \u013coti retos gad\u012bjumos implant\u0101ciju nevar veikt pacienta vesel\u012bbas st\u0101vok\u013ca d\u0113\u013c.<\/p><h3><strong>K\u0101das proced\u016bras ir j\u0101veic pirms implant\u0101cijas?<\/strong><\/h3><p>Pirms implant\u0101cijas nepiecie\u0161ams veikt profesion\u0101lu mutes dobuma higi\u0113nu, iz\u0101rst\u0113t kariesu un periodonta slim\u012bbas.<\/p><h3><strong>K\u0101ds ir p\u0113coper\u0101cijas periods?<\/strong><\/h3><p>P\u0113c oper\u0101cijas seja un smaganas var nedaudz piet\u016bkt, var rasties nelielas s\u0101pes. Da\u017eas dienas p\u0113c oper\u0101cijas l\u016bpas un zods var zaud\u0113t jut\u012bgumu. Visas \u0161\u012bs blakuspar\u0101d\u012bbas izz\u016bd da\u017eu dienu laik\u0101, t\u0101p\u0113c par t\u0101m nav j\u0101uztraucas. Ja \u0161\u012bs ne\u0113rt\u012bbas turpin\u0101s ilg\u0101k, nem\u0113\u0123iniet probl\u0113mu risin\u0101t pa\u0161i, bet sazinieties ar \u201c Dental Pluss\u201d zob\u0101rstniec\u012bbas kl\u012bnikas speci\u0101listiem.<\/p><h3><strong>Vai implant\u0101cijas proced\u016bra ir s\u0101p\u012bga?<\/strong><\/h3><p>N\u0113, tikai nedaudz, pirms oper\u0101cijas tiek veikta viet\u0113j\u0101 anest\u0113zija (s\u0101pju mazin\u0101\u0161ana). P\u0113c oper\u0101cijas, kad anest\u0113zijas efekts beidzas, var b\u016bt nelielas s\u0101pes, t\u0101s var viegli no\u0146emt ar parastajiem prets\u0101pju l\u012bdzek\u013ciem.<\/p><h3><strong>Vai ir vecuma ierobe\u017eojumi zobu implant\u0101cijai?<\/strong><\/h3><p>Implanti nav ieteicami z\u0113niem, kas jaun\u0101ki par 18 gadiem, un meiten\u0113m, kas jaun\u0101kas par 16-17 gadiem. Citu vecuma ierobe\u017eojumu zobu implant\u0101cijai nav. Zobu implantus var ievietot\u00a0 tikai tad, ja ir pietiekami daudz kaulaudu. Tas ir oblig\u0101ts nosac\u012bjums, tom\u0113r vislab\u0101k to var izv\u0113rt\u0113t \u201c Dental Pluss\u201d zob\u0101rstniec\u012bbas kl\u012bnikas konsult\u0113jo\u0161ais speci\u0101lists.<\/p><h3><strong>Vai dr\u012bkstu \u0113st t\u016bl\u012bt p\u0113c zobu implant\u0101cijas?<\/strong><\/h3><p>3 stundu laik\u0101 p\u0113c oper\u0101cijas nav ieteicams \u0113st. Izvairieties no cieta un karsta \u0113diena, kafijas un alkohola lieto\u0161anas oper\u0101cij\u0101s dien\u0101, k\u0101 ar\u012b no uzko\u0161anas taj\u0101 pus\u0113, kur tika ievietots implants, jo ko\u0161\u013c\u0101\u0161anas laik\u0101 anest\u0113zijas ietekm\u0113 varat savainot vaigu.<\/p>\n\t\t\t\t\t<\/div>\n\t\t\t\t\t\t<\/div>\n\t\t\t\t<\/div>\n\t\t\t\t<\/div>\n\t\t<div class=\"elementor-element elementor-element-1e57f06 e-con-full e-flex e-con e-child\" data-id=\"1e57f06\" data-element_type=\"container\" data-e-type=\"container\">\n\t\t\t\t<div class=\"elementor-element elementor-element-a708d13 make-sticky elementor-widget elementor-widget-wd_mega_menu\" data-id=\"a708d13\" data-element_type=\"widget\" data-e-type=\"widget\" data-widget_type=\"wd_mega_menu.default\">\n\t\t\t\t<div class=\"elementor-widget-container\">\n\t\t\t\t\t\t\t<div class=\"wd-menu widget_nav_mega_menu\">\n\t\t\t\t\t\t\t<h5 class=\"widget-title color-scheme-dark\">\n\t\t\t\t\tM\u016bsu kl\u012bnikas pakalpojumi\t\t\t\t<\/h5>\n\t\t\t\t\t\t<ul id=\"menu-services-menu\" class=\"menu wd-nav wd-nav-vertical wd-design-with-bg wd-gap- wd-icon-left\"><li id=\"menu-item-470\" class=\"menu-item menu-item-type-post_type menu-item-object-page menu-item-470 item-level-0 menu-simple-dropdown wd-event-hover\" ><a href=\"https:\/\/dentalpluss.lv\/bruninieku\/pakalpojumi\/profesionala-mutes-dobuma-higiena\/\" class=\"woodmart-nav-link\"><span class=\"nav-link-text\">Profesion\u0101l\u0101 mutes dobuma higi\u0113na<\/span><\/a><\/li>\n<li id=\"menu-item-469\" class=\"menu-item menu-item-type-post_type menu-item-object-page menu-item-469 item-level-0 menu-simple-dropdown wd-event-hover\" ><a href=\"https:\/\/dentalpluss.lv\/bruninieku\/pakalpojumi\/endodontiska-arstesana\/\" class=\"woodmart-nav-link\"><span class=\"nav-link-text\">Endodontisk\u0101 \u0101rst\u0113\u0161ana<\/span><\/a><\/li>\n<li id=\"menu-item-468\" class=\"menu-item menu-item-type-post_type menu-item-object-page menu-item-468 item-level-0 menu-simple-dropdown wd-event-hover\" ><a href=\"https:\/\/dentalpluss.lv\/bruninieku\/pakalpojumi\/protezesana\/\" class=\"woodmart-nav-link\"><span class=\"nav-link-text\">Protez\u0113\u0161ana<\/span><\/a><\/li>\n<li id=\"menu-item-467\" class=\"menu-item menu-item-type-post_type menu-item-object-page menu-item-467 item-level-0 menu-simple-dropdown wd-event-hover\" ><a href=\"https:\/\/dentalpluss.lv\/bruninieku\/pakalpojumi\/implantacija\/\" class=\"woodmart-nav-link\"><span class=\"nav-link-text\">Implant\u0101cija<\/span><\/a><\/li>\n<li id=\"menu-item-466\" class=\"menu-item menu-item-type-post_type menu-item-object-page menu-item-466 item-level-0 menu-simple-dropdown wd-event-hover\" ><a href=\"https:\/\/dentalpluss.lv\/bruninieku\/pakalpojumi\/mutes-dobuma-kirurgija\/\" class=\"woodmart-nav-link\"><span class=\"nav-link-text\">Mutes dobuma \u0137irur\u0123ija<\/span><\/a><\/li>\n<li id=\"menu-item-465\" class=\"menu-item menu-item-type-post_type menu-item-object-page menu-item-465 item-level-0 menu-simple-dropdown wd-event-hover\" ><a href=\"https:\/\/dentalpluss.lv\/bruninieku\/pakalpojumi\/terapeitiska-zobu-arstesana\/\" class=\"woodmart-nav-link\"><span class=\"nav-link-text\">Terapeitisk\u0101 zobu \u0101rst\u0113\u0161ana<\/span><\/a><\/li>\n<li id=\"menu-item-464\" class=\"menu-item menu-item-type-post_type menu-item-object-page menu-item-464 item-level-0 menu-simple-dropdown wd-event-hover\" ><a href=\"https:\/\/dentalpluss.lv\/bruninieku\/pakalpojumi\/estetiska-zobu-restauracija\/\" class=\"woodmart-nav-link\"><span class=\"nav-link-text\">Est\u0113tisk\u0101 zobu restaur\u0101cija<\/span><\/a><\/li>\n<li id=\"menu-item-463\" class=\"menu-item menu-item-type-post_type menu-item-object-page menu-item-463 item-level-0 menu-simple-dropdown wd-event-hover\" ><a href=\"https:\/\/dentalpluss.lv\/bruninieku\/pakalpojumi\/zobu-balinasana-tonu-korekcija\/\" class=\"woodmart-nav-link\"><span class=\"nav-link-text\">Zobu balin\u0101\u0161ana \u2013 to\u0146u korekcija<\/span><\/a><\/li>\n<li id=\"menu-item-462\" class=\"menu-item menu-item-type-post_type menu-item-object-page menu-item-462 item-level-0 menu-simple-dropdown wd-event-hover\" ><a href=\"https:\/\/dentalpluss.lv\/bruninieku\/pakalpojumi\/3d-datortomografija-panoramas-rentgens\/\" class=\"woodmart-nav-link\"><span class=\"nav-link-text\">3D datortomogr\u0101fija, panor\u0101mas rentgens<\/span><\/a><\/li>\n<\/ul>\t\t<\/div>\n\t\t\t\t\t\t<\/div>\n\t\t\t\t<\/div>\n\t\t\t\t<\/div>\n\t\t\t\t\t<\/div>\n\t\t\t\t<\/div>\n\t\t\t\t<\/div>\n\t\t","protected":false},"excerpt":{"rendered":"<p>Zobu implanti tikai 600 \u20ac M\u0113s esam ap\u0146\u0113mu\u0161ies nodro\u0161in\u0101t izcilu zob\u0101rstniec\u012bbas apr\u016bpi par pie\u0146emam\u0101m cen\u0101m. Ja mekl\u0113jat rentablus risin\u0101jumus tr\u016bksto\u0161o<\/p>\n","protected":false},"author":1,"featured_media":0,"parent":399,"menu_order":0,"comment_status":"closed","ping_status":"closed","template":"","meta":{"_acf_changed":false,"footnotes":""},"class_list":["post-438","page","type-page","status-publish","hentry"],"acf":[],"lang":"lv","translations":{"lv":438,"ru":637},"pll_sync_post":[],"_links":{"self":[{"href":"https:\/\/dentalpluss.lv\/bruninieku\/wp-json\/wp\/v2\/pages\/438","targetHints":{"allow":["GET"]}}],"collection":[{"href":"https:\/\/dentalpluss.lv\/bruninieku\/wp-json\/wp\/v2\/pages"}],"about":[{"href":"https:\/\/dentalpluss.lv\/bruninieku\/wp-json\/wp\/v2\/types\/page"}],"author":[{"embeddable":true,"href":"https:\/\/dentalpluss.lv\/bruninieku\/wp-json\/wp\/v2\/users\/1"}],"replies":[{"embeddable":true,"href":"https:\/\/dentalpluss.lv\/bruninieku\/wp-json\/wp\/v2\/comments?post=438"}],"version-history":[{"count":3,"href":"https:\/\/dentalpluss.lv\/bruninieku\/wp-json\/wp\/v2\/pages\/438\/revisions"}],"predecessor-version":[{"id":1142,"href":"https:\/\/dentalpluss.lv\/bruninieku\/wp-json\/wp\/v2\/pages\/438\/revisions\/1142"}],"up":[{"embeddable":true,"href":"https:\/\/dentalpluss.lv\/bruninieku\/wp-json\/wp\/v2\/pages\/399"}],"wp:attachment":[{"href":"https:\/\/dentalpluss.lv\/bruninieku\/wp-json\/wp\/v2\/media?parent=438"}],"curies":[{"name":"wp","href":"https:\/\/api.w.org\/{rel}","templated":true}]}}