{"id":440,"date":"2025-06-12T20:53:13","date_gmt":"2025-06-12T20:53:13","guid":{"rendered":"https:\/\/dentalpluss.lv\/bruninieku\/?page_id=440"},"modified":"2025-07-14T21:03:21","modified_gmt":"2025-07-14T21:03:21","slug":"mutes-dobuma-kirurgija","status":"publish","type":"page","link":"https:\/\/dentalpluss.lv\/bruninieku\/pakalpojumi\/mutes-dobuma-kirurgija\/","title":{"rendered":"Mutes dobuma \u0137irur\u0123ija"},"content":{"rendered":"\t\t<div data-elementor-type=\"wp-page\" data-elementor-id=\"440\" class=\"elementor elementor-440\">\n\t\t\t\t<div class=\"wd-negative-gap elementor-element elementor-element-98c61e0 e-flex e-con-boxed e-con e-parent\" data-id=\"98c61e0\" data-element_type=\"container\" data-e-type=\"container\">\n\t\t\t\t\t<div class=\"e-con-inner\">\n\t\t<div class=\"elementor-element elementor-element-8eb970e e-con-full e-flex e-con e-child\" data-id=\"8eb970e\" data-element_type=\"container\" data-e-type=\"container\">\n\t\t\t\t<div class=\"elementor-element elementor-element-f4348bd elementor-widget elementor-widget-image\" data-id=\"f4348bd\" data-element_type=\"widget\" data-e-type=\"widget\" data-widget_type=\"image.default\">\n\t\t\t\t<div class=\"elementor-widget-container\">\n\t\t\t\t\t\t\t\t\t\t\t\t\t\t\t<img fetchpriority=\"high\" decoding=\"async\" width=\"1300\" height=\"867\" src=\"https:\/\/dentalpluss.lv\/bruninieku\/wp-content\/uploads\/2025\/06\/IK_OK_969-1.jpg\" class=\"attachment-full size-full wp-image-409\" alt=\"Zob\u0101rstniec\u012bbas kl\u012bnika R\u012bg\u0101\" srcset=\"https:\/\/dentalpluss.lv\/bruninieku\/wp-content\/uploads\/2025\/06\/IK_OK_969-1.jpg 1300w, https:\/\/dentalpluss.lv\/bruninieku\/wp-content\/uploads\/2025\/06\/IK_OK_969-1-300x200.jpg 300w, https:\/\/dentalpluss.lv\/bruninieku\/wp-content\/uploads\/2025\/06\/IK_OK_969-1-1024x683.jpg 1024w, https:\/\/dentalpluss.lv\/bruninieku\/wp-content\/uploads\/2025\/06\/IK_OK_969-1-768x512.jpg 768w\" sizes=\"(max-width: 1300px) 100vw, 1300px\" title=\"Zob\u0101rstniec\u012bbas kl\u012bnika R\u012bg\u0101\">\t\t\t\t\t\t\t\t\t\t\t\t\t\t\t<\/div>\n\t\t\t\t<\/div>\n\t\t\t\t<div class=\"elementor-element elementor-element-d9c55d6 elementor-widget elementor-widget-wd_text_block\" data-id=\"d9c55d6\" data-element_type=\"widget\" data-e-type=\"widget\" data-widget_type=\"wd_text_block.default\">\n\t\t\t\t<div class=\"elementor-widget-container\">\n\t\t\t\t\t\t\t<div class=\"wd-text-block reset-last-child text-left\">\n\t\t\t\n\t\t\t<p>Mutes dobuma \u0137irur\u0123ija ir specializ\u0113ta odontolo\u0123ijas nozare, kas aptver visas \u0137irur\u0123isk\u0101s iejauk\u0161an\u0101s mutes dobum\u0101, sejas un \u017eok\u013cu slim\u012bbu diagnostiku. \u0136irur\u0123iska iejauk\u0161an\u0101s ir nepiecie\u0161ama pie da\u017e\u0101d\u0101m \u017eok\u013cu un siekalu dziedzeru patolo\u0123ij\u0101m p\u0113c jaunveidojumu diagnostikas. Visizplat\u012bt\u0101k\u0101 \u0137irur\u0123isk\u0101 oper\u0101cija zob\u0101rsta kabinet\u0101 ir zoba izrau\u0161ana. Mutes dobuma \u0137irur\u0123ija ir ar\u012b neat\u0146emama implant\u0101cijas sast\u0101vda\u013ca. M\u016bsu kl\u012bnik\u0101 tiek veiktas visas mutes dobuma \u0137irur\u0123isk\u0101s proced\u016bras, s\u0101kot no vienk\u0101r\u0161as atraumatiskas zoba izrau\u0161anas l\u012bdz sare\u017e\u0123\u012btai \u0137irur\u0123iskai ekstrakcijai (retin\u0113ta gudr\u012bbas zoba ekstrakcija- zoba, kas nav izaudzis vai atrodas nepareiz\u0101 st\u0101vokl\u012b).<\/p><p>Dental pluss zob\u0101rstniec\u012bbas kl\u012bnik\u0101 tiek veikta ar\u012b l\u016bpas vai m\u0113les sait\u012b\u0161u frenuloplastika, \u017eok\u013ca kaula pieaudz\u0113\u0161ana (augment\u0101cija) pirms implant\u0101cijas vai t\u0101s laik\u0101, sinusa (deguna blakusdobuma pamatnes) pacel\u0161ana.<\/p>\n\t\t\t\t\t<\/div>\n\t\t\t\t\t\t<\/div>\n\t\t\t\t<\/div>\n\t\t\t\t<\/div>\n\t\t<div class=\"elementor-element elementor-element-148175b e-con-full e-flex e-con e-child\" data-id=\"148175b\" data-element_type=\"container\" data-e-type=\"container\">\n\t\t\t\t<div class=\"elementor-element elementor-element-aa5a3ff make-sticky elementor-widget elementor-widget-wd_mega_menu\" data-id=\"aa5a3ff\" data-element_type=\"widget\" data-e-type=\"widget\" data-widget_type=\"wd_mega_menu.default\">\n\t\t\t\t<div class=\"elementor-widget-container\">\n\t\t\t\t\t\t\t<div class=\"wd-menu widget_nav_mega_menu\">\n\t\t\t\t\t\t\t<h5 class=\"widget-title color-scheme-dark\">\n\t\t\t\t\tM\u016bsu kl\u012bnikas pakalpojumi\t\t\t\t<\/h5>\n\t\t\t\t\t\t<ul id=\"menu-services-menu\" class=\"menu wd-nav wd-nav-vertical wd-design-with-bg wd-gap- wd-icon-left\"><li id=\"menu-item-470\" class=\"menu-item menu-item-type-post_type menu-item-object-page menu-item-470 item-level-0 menu-simple-dropdown wd-event-hover\" ><a href=\"https:\/\/dentalpluss.lv\/bruninieku\/pakalpojumi\/profesionala-mutes-dobuma-higiena\/\" class=\"woodmart-nav-link\"><span class=\"nav-link-text\">Profesion\u0101l\u0101 mutes dobuma higi\u0113na<\/span><\/a><\/li>\n<li id=\"menu-item-469\" class=\"menu-item menu-item-type-post_type menu-item-object-page menu-item-469 item-level-0 menu-simple-dropdown wd-event-hover\" ><a href=\"https:\/\/dentalpluss.lv\/bruninieku\/pakalpojumi\/endodontiska-arstesana\/\" class=\"woodmart-nav-link\"><span class=\"nav-link-text\">Endodontisk\u0101 \u0101rst\u0113\u0161ana<\/span><\/a><\/li>\n<li id=\"menu-item-468\" class=\"menu-item menu-item-type-post_type menu-item-object-page menu-item-468 item-level-0 menu-simple-dropdown wd-event-hover\" ><a href=\"https:\/\/dentalpluss.lv\/bruninieku\/pakalpojumi\/protezesana\/\" class=\"woodmart-nav-link\"><span class=\"nav-link-text\">Protez\u0113\u0161ana<\/span><\/a><\/li>\n<li id=\"menu-item-467\" class=\"menu-item menu-item-type-post_type menu-item-object-page menu-item-467 item-level-0 menu-simple-dropdown wd-event-hover\" ><a href=\"https:\/\/dentalpluss.lv\/bruninieku\/pakalpojumi\/implantacija\/\" class=\"woodmart-nav-link\"><span class=\"nav-link-text\">Implant\u0101cija<\/span><\/a><\/li>\n<li id=\"menu-item-466\" class=\"menu-item menu-item-type-post_type menu-item-object-page menu-item-466 item-level-0 menu-simple-dropdown wd-event-hover\" ><a href=\"https:\/\/dentalpluss.lv\/bruninieku\/pakalpojumi\/mutes-dobuma-kirurgija\/\" class=\"woodmart-nav-link\"><span class=\"nav-link-text\">Mutes dobuma \u0137irur\u0123ija<\/span><\/a><\/li>\n<li id=\"menu-item-465\" class=\"menu-item menu-item-type-post_type menu-item-object-page menu-item-465 item-level-0 menu-simple-dropdown wd-event-hover\" ><a href=\"https:\/\/dentalpluss.lv\/bruninieku\/pakalpojumi\/terapeitiska-zobu-arstesana\/\" class=\"woodmart-nav-link\"><span class=\"nav-link-text\">Terapeitisk\u0101 zobu \u0101rst\u0113\u0161ana<\/span><\/a><\/li>\n<li id=\"menu-item-464\" class=\"menu-item menu-item-type-post_type menu-item-object-page menu-item-464 item-level-0 menu-simple-dropdown wd-event-hover\" ><a href=\"https:\/\/dentalpluss.lv\/bruninieku\/pakalpojumi\/estetiska-zobu-restauracija\/\" class=\"woodmart-nav-link\"><span class=\"nav-link-text\">Est\u0113tisk\u0101 zobu restaur\u0101cija<\/span><\/a><\/li>\n<li id=\"menu-item-463\" class=\"menu-item menu-item-type-post_type menu-item-object-page menu-item-463 item-level-0 menu-simple-dropdown wd-event-hover\" ><a href=\"https:\/\/dentalpluss.lv\/bruninieku\/pakalpojumi\/zobu-balinasana-tonu-korekcija\/\" class=\"woodmart-nav-link\"><span class=\"nav-link-text\">Zobu balin\u0101\u0161ana \u2013 to\u0146u korekcija<\/span><\/a><\/li>\n<li id=\"menu-item-462\" class=\"menu-item menu-item-type-post_type menu-item-object-page menu-item-462 item-level-0 menu-simple-dropdown wd-event-hover\" ><a href=\"https:\/\/dentalpluss.lv\/bruninieku\/pakalpojumi\/3d-datortomografija-panoramas-rentgens\/\" class=\"woodmart-nav-link\"><span class=\"nav-link-text\">3D datortomogr\u0101fija, panor\u0101mas rentgens<\/span><\/a><\/li>\n<\/ul>\t\t<\/div>\n\t\t\t\t\t\t<\/div>\n\t\t\t\t<\/div>\n\t\t\t\t<\/div>\n\t\t\t\t\t<\/div>\n\t\t\t\t<\/div>\n\t\t\t\t<\/div>\n\t\t","protected":false},"excerpt":{"rendered":"<p>Mutes dobuma \u0137irur\u0123ija ir specializ\u0113ta odontolo\u0123ijas nozare, kas aptver visas \u0137irur\u0123isk\u0101s iejauk\u0161an\u0101s mutes dobum\u0101, sejas un \u017eok\u013cu slim\u012bbu diagnostiku. \u0136irur\u0123iska<\/p>\n","protected":false},"author":1,"featured_media":0,"parent":399,"menu_order":0,"comment_status":"closed","ping_status":"closed","template":"","meta":{"_acf_changed":false,"footnotes":""},"class_list":["post-440","page","type-page","status-publish","hentry"],"acf":[],"lang":"lv","translations":{"lv":440,"ru":639},"pll_sync_post":[],"_links":{"self":[{"href":"https:\/\/dentalpluss.lv\/bruninieku\/wp-json\/wp\/v2\/pages\/440","targetHints":{"allow":["GET"]}}],"collection":[{"href":"https:\/\/dentalpluss.lv\/bruninieku\/wp-json\/wp\/v2\/pages"}],"about":[{"href":"https:\/\/dentalpluss.lv\/bruninieku\/wp-json\/wp\/v2\/types\/page"}],"author":[{"embeddable":true,"href":"https:\/\/dentalpluss.lv\/bruninieku\/wp-json\/wp\/v2\/users\/1"}],"replies":[{"embeddable":true,"href":"https:\/\/dentalpluss.lv\/bruninieku\/wp-json\/wp\/v2\/comments?post=440"}],"version-history":[{"count":0,"href":"https:\/\/dentalpluss.lv\/bruninieku\/wp-json\/wp\/v2\/pages\/440\/revisions"}],"up":[{"embeddable":true,"href":"https:\/\/dentalpluss.lv\/bruninieku\/wp-json\/wp\/v2\/pages\/399"}],"wp:attachment":[{"href":"https:\/\/dentalpluss.lv\/bruninieku\/wp-json\/wp\/v2\/media?parent=440"}],"curies":[{"name":"wp","href":"https:\/\/api.w.org\/{rel}","templated":true}]}}