{"id":442,"date":"2025-06-12T20:53:26","date_gmt":"2025-06-12T20:53:26","guid":{"rendered":"https:\/\/dentalpluss.lv\/bruninieku\/?page_id=442"},"modified":"2025-07-14T21:04:33","modified_gmt":"2025-07-14T21:04:33","slug":"terapeitiska-zobu-arstesana","status":"publish","type":"page","link":"https:\/\/dentalpluss.lv\/bruninieku\/pakalpojumi\/terapeitiska-zobu-arstesana\/","title":{"rendered":"Terapeitisk\u0101 zobu \u0101rst\u0113\u0161ana"},"content":{"rendered":"\t\t<div data-elementor-type=\"wp-page\" data-elementor-id=\"442\" class=\"elementor elementor-442\">\n\t\t\t\t<div class=\"wd-negative-gap elementor-element elementor-element-43bcf75 e-flex e-con-boxed e-con e-parent\" data-id=\"43bcf75\" data-element_type=\"container\" data-e-type=\"container\">\n\t\t\t\t\t<div class=\"e-con-inner\">\n\t\t<div class=\"elementor-element elementor-element-c8a654e e-con-full e-flex e-con e-child\" data-id=\"c8a654e\" data-element_type=\"container\" data-e-type=\"container\">\n\t\t\t\t<div class=\"elementor-element elementor-element-d3e889d elementor-widget elementor-widget-image\" data-id=\"d3e889d\" data-element_type=\"widget\" data-e-type=\"widget\" data-widget_type=\"image.default\">\n\t\t\t\t<div class=\"elementor-widget-container\">\n\t\t\t\t\t\t\t\t\t\t\t\t\t\t\t<img fetchpriority=\"high\" decoding=\"async\" width=\"1300\" height=\"867\" src=\"https:\/\/dentalpluss.lv\/bruninieku\/wp-content\/uploads\/2025\/06\/Terapinis-gydymas.jpg\" class=\"attachment-full size-full wp-image-403\" alt=\"Zob\u0101rstniec\u012bbas kl\u012bnika R\u012bg\u0101\" srcset=\"https:\/\/dentalpluss.lv\/bruninieku\/wp-content\/uploads\/2025\/06\/Terapinis-gydymas.jpg 1300w, https:\/\/dentalpluss.lv\/bruninieku\/wp-content\/uploads\/2025\/06\/Terapinis-gydymas-300x200.jpg 300w, https:\/\/dentalpluss.lv\/bruninieku\/wp-content\/uploads\/2025\/06\/Terapinis-gydymas-1024x683.jpg 1024w, https:\/\/dentalpluss.lv\/bruninieku\/wp-content\/uploads\/2025\/06\/Terapinis-gydymas-768x512.jpg 768w\" sizes=\"(max-width: 1300px) 100vw, 1300px\" title=\"Zob\u0101rstniec\u012bbas kl\u012bnika R\u012bg\u0101\">\t\t\t\t\t\t\t\t\t\t\t\t\t\t\t<\/div>\n\t\t\t\t<\/div>\n\t\t\t\t<div class=\"elementor-element elementor-element-92681c5 elementor-widget elementor-widget-wd_text_block\" data-id=\"92681c5\" data-element_type=\"widget\" data-e-type=\"widget\" data-widget_type=\"wd_text_block.default\">\n\t\t\t\t<div class=\"elementor-widget-container\">\n\t\t\t\t\t\t\t<div class=\"wd-text-block reset-last-child text-left\">\n\t\t\t\n\t\t\t<p>Zob\u0101rstniec\u012bbas kl\u012bnik\u0101 \u201cDental Pluss\u201d tiek veikta terapeitisk\u0101 zobu \u0101rst\u0113\u0161ana: zobu profilaktisk\u0101 apskate, mutes dobuma visp\u0101r\u0113jais nov\u0113rt\u0113jums, \u0101rst\u0113\u0161anas pl\u0101na sast\u0101d\u012b\u0161ana, kariesa un t\u0101 komplik\u0101ciju \u0101rst\u0113\u0161ana. Izv\u0113rt\u0113jot j\u016bsu zobu st\u0101vokli un simptomus, nosakot diagnozi, \u0101rsts var uzkl\u0101t atjaunojo\u0161u materi\u0101lu \u2013 plombi, lai atjaunotu boj\u0101to zobu cietos audus.<\/p><h3><strong>K\u0101 tiek veikta zobu \u0101rst\u0113\u0161ana?<\/strong><\/h3><p>Boj\u0101tie zoba audi (kariess) tiek iz\u0146emti, p\u0113c tam ar plomb\u0113jamajiem materi\u0101liem tiek atjaunota zoba anatomiju un funkcijas. Ja kariozais boj\u0101jums ir \u013coti dzi\u013c\u0161, par\u0101d\u0101s zoba nerva iekaisuma simptomi, var tikt veikta sak\u0146u kan\u0101lu \u0101rst\u0113\u0161anu un sekojo\u0161a plomb\u0113\u0161ana.<\/p><h3><strong>Kad ir j\u0101veic zobu terapeitiska \u0101rst\u0113\u0161ana?<\/strong><\/h3><p>Bie\u017e\u0101kais iemesls, k\u0101p\u0113c pacienti v\u0113r\u0161as pie speci\u0101listiem, ir zobu kariess, ko sauc ar\u012b par zobu boj\u0101\u0161anos. Nav nosl\u0113pums, ka aplikums, kas uzkr\u0101jas uz zoba virsmas, var b\u016bt b\u012bstams mutes dobuma vesel\u012bbai. Mikroorganismi, kas atrodas aplikum\u0101, ra\u017eo sk\u0101bes, kuras, non\u0101kot l\u012bdz emaljai, to demineraliz\u0113 \u2013 m\u012bkstina un boj\u0101. Ja \u0161is process turpin\u0101s ilglaic\u012bgi, uz zobu virsmas par\u0101d\u0101s caurumi.<\/p><h3><strong>K\u0101p\u0113c tas notiek?<\/strong><\/h3><p>Pak\u0101peniska demineraliz\u0101cija (miner\u0101lu vielu zudums) m\u012bkstina zoba cietos audus, un tie, neizturot slodzi, kas rodas, kad tiek sako\u0161\u013c\u0101ta p\u0101rtika, l\u016bzt \u2013 veidojas dobums. Nok\u013c\u016bstot zoba audos, mikroorganismi izdala toks\u012bnus, sk\u0101bes, un, ja \u0161is process turpin\u0101s ilgsto\u0161i, tiek boj\u0101ts zoba nervs un ar vienk\u0101r\u0161u plomb\u0113\u0161anu vairs nepietiek. T\u0101p\u0113c nevilcinieties, jo lab\u0101k\u0101 \u0101rst\u0113\u0161ana ir regul\u0101ra profilakse.<\/p><h3><strong>K\u0101 atpaz\u012bt zobu kariesu?<\/strong><\/h3><p>Paman\u012bt zobu boj\u0101\u0161anos nav gr\u016bti \u2013 viens no ac\u012bmredzam\u0101kajiem simptomiem ir s\u0101pes, kas pastiprin\u0101s \u0113dot aukstus un saldus \u0113dienus. Var par\u0101d\u012bties plankumi (balti, br\u016bni) vai caurumi uz zobu virsm\u0101m. Ja att\u012bst\u0101s kariess, par\u0101d\u0101s slikta elpa. Tikl\u012bdz paman\u0101t jebk\u0101dus iesp\u0113jamos simptomus, oblig\u0101ti j\u0101v\u0113r\u0161as pie zob\u0101rsta \u2013 t\u0101 var\u0113siet izvair\u012bties no nopietn\u0101k\u0101m saslim\u0161an\u0101m, efekt\u012bvi atrisin\u0101siet probl\u0113mas, saglab\u0101siet zobu audus un ietaup\u012bsiet naudu.<\/p><h3><strong>K\u0101p\u0113c rodas kariess?<\/strong><\/h3><p>Kariess rodas gr\u016bti aizsniedzam\u0101s viet\u0101s, kuras nav iesp\u0113jams izt\u012br\u012bt ar zobu birsti: nel\u012bdzen\u0101s ko\u0161anas virsm\u0101s un ar\u012b zobu kontaktu viet\u0101s. T\u0101p\u0113c mutes dobuma kop\u0161anai ieteicams lietot zobu diegu, starpzobu birst\u012btes un regul\u0101ri veikt profesion\u0101lo mutes dobuma higi\u0113nu.<\/p><h3><strong>Kas notiek, ja vilcin\u0101ties sazin\u0101ties ar speci\u0101listu un savlaic\u012bgi ne\u0101rst\u0113jat kariesu?<\/strong><\/h3><p>Progres\u0113jo\u0161s kariess var izrais\u012bt zoba nerva boj\u0101jumus: iekaisumu, kam seko pulpas nekroze un apik\u0101ls periodont\u012bts (AP) ar t\u0101 saukt\u0101 abscesa veido\u0161anos. \u0160\u0101da veida komplik\u0101cijas vairs nevar atrisin\u0101t ar vienk\u0101r\u0161u plomb\u0113\u0161anu \u2013 b\u016bs nepiecie\u0161ama sare\u017e\u0123\u012bta sak\u0146u kan\u0101lu \u0101rst\u0113\u0161ana.\u00a0 Proced\u016bras laik\u0101 tiek zaud\u0113ts ne tikai liels daudzums zoba audu, bet ar\u012b pats zobs k\u013c\u016bst daudz v\u0101j\u0101ks. Bie\u017ei vien p\u0113c tik ilgas un sare\u017e\u0123\u012btas \u0101rst\u0113\u0161anas ir nepiecie\u0161ama protez\u0113\u0161ana, tas ir, zobu kro\u0146u izgatavo\u0161ana. \u0100rst\u0113\u0161anas izmaksas var vair\u0101kk\u0101rt palielin\u0101ties, sal\u012bdzinot ar neliela kariesa \u0101rst\u0113\u0161anu.<\/p><h3><strong>K\u0101 main\u0101s \u0101rst\u0113\u0161anas izmaksas, ja mekl\u0113jat speci\u0101lista pal\u012bdz\u012bbu nov\u0113loti?<\/strong><\/h3><p>Jo liel\u0101ki ir zoba kron\u012b\u0161a defekti, jo vair\u0101k pieaug \u0101rst\u0113\u0161anas izmaksas. Tas ir t\u0101p\u0113c, ka pieaug darba apjoms, \u0101rst\u0113\u0161ana k\u013c\u016bst sare\u017e\u0123\u012bt\u0101ka un nepiecie\u0161amas vair\u0101kas viz\u012btes pie zob\u0101rsta. Tiek \u0101rst\u0113ti zoba sak\u0146u kan\u0101li, zobs tiek atjaunots ar piem\u0113rotiem materi\u0101liem, nereti ar\u012b protez\u0113ts ar kroni. Gad\u012bjumos, kad ir \u013coti lieli zoba kron\u012b\u0161a vai saknes boj\u0101jumi, zobu vajadz\u0113s izraut un v\u0113l\u0101k veikt implant\u0101ciju. R\u016bp\u0113joties par saviem pacientiem, vienm\u0113r atg\u0101din\u0101m, ka, ja kariess netiek savlaic\u012bgi \u0101rst\u0113ts, turpm\u0101k\u0101s \u0101rst\u0113\u0161anas izmaksas var pieaugt pat 15 l\u012bdz 30 rei\u017eu.<\/p><h3><strong>Kas tiek dar\u012bts profilaktisk\u0101s apskates laik\u0101?<\/strong><\/h3><p>Tiek noteikts, k\u0101da \u0101rst\u0113\u0161ana b\u016bs nepiecie\u0161ama. Terapeitisk\u0101s \u0101rst\u0113\u0161anas laik\u0101 iz\u0146em kariozos audus, p\u0113c tam caurumu sagatavo aizpild\u012b\u0161anai. Plomb\u0113\u0161anai izmantotie materi\u0101li tiek piel\u0101goti atkar\u012bb\u0101 no zoba st\u0101vok\u013ca, cauruma izm\u0113ra, zoba kr\u0101sas.<\/p><h3><strong>Vai zobu kariess ir iedzimts?<\/strong><\/h3><p>Run\u0101jot par iedzimt\u012bbu, m\u0113s dr\u012bz\u0101k run\u0101jam par atsevi\u0161\u0137\u0101m paz\u012bm\u0113m, kas palielina kariesa att\u012bst\u012bbas risku: saspiests zobu\u00a0 st\u0101voklis, zobu audu v\u0101jums, siekalu sast\u0101vs, daudzums, siekalu samazin\u0101\u0161an\u0101s vai neesam\u012bba (kserostomija),visp\u0101r\u0113j\u0101s saslim\u0161anas, uztura paradumi. T\u0101p\u0113c laba individu\u0101l\u0101 un regul\u0101ra profesion\u0101l\u0101 mutes dobuma higi\u0113na, kvalitat\u012bvi zob\u0101rstniec\u012bbas pakalpojumi, nodro\u0161in\u0101s pien\u0101c\u012bgu zobu vesel\u012bbu.<\/p><h3><strong>K\u0101p\u0113c p\u0113c plomb\u0113\u0161anas ir jut\u012bgi zobi?<\/strong><\/h3><p>P\u0113coper\u0101cijas jut\u012bgums ir izplat\u012bta par\u0101d\u012bba starpzobu spraugu \u0101rst\u0113\u0161an\u0101. Kad zob\u0101 liek\u00a0 plombi, tiek izmantotas met\u0101la lent\u012btes, lai veidotu lab\u0101kus kontaktus starp zobiem, nov\u0113rstu \u201cnokarenas plombes\u201d un no\u0146emtu plomb\u0113jam\u0101 materi\u0101la paliekas, kas var veidot aplikumu. Plombes tiek pul\u0113tas ar dimanta diskiem, \u0161\u012bs proced\u016bras nedaudz boj\u0101 smaganas, kas var izrais\u012bt j\u016bt\u012bgumu.<\/p><h3><strong>K\u0101p\u0113c mani zobi k\u013cuva jut\u012bgi piesmaganu zon\u0101?<\/strong><\/h3><p>Vai zobu jut\u012bgums un s\u0101pes par\u0101d\u0101s p\u0113c auksta gaisa ieelpo\u0161anas? Vai p\u0113c auksto dz\u0113rienu dzer\u0161anas s\u0101pes ir tie\u0161i pie smagan\u0101m? Tas var b\u016bt saist\u012bts ar \u0137\u012b\u013cveida defektiem, kas ir \u012bpa\u0161i jut\u012bgi pret \u0161\u0101da veida kairin\u0101jumiem.<\/p><h3><strong>Kas ir \u0137\u012b\u013cveida defekts?<\/strong><\/h3><p>Tie ir nekariozi vair\u0101ku blakus eso\u0161o vai visu zoba cieto audu boj\u0101jumi, ko izraisa p\u0101rm\u0113r\u012bgs s\u0101nu sp\u0113ks, ko pielietojat ko\u0161\u013c\u0101\u0161anas laik\u0101 vai ieradums sp\u0113c\u012bgi sakost zobus. Boj\u0101jumi rodas emaljas-cementa p\u0101rejas zon\u0101. M\u0113s zaud\u0113jam zoba cietos audus viet\u0101, kur zoba kron\u012btis p\u0101riet sakn\u0113 un \u0137\u012b\u013cveida zobu defekti var skart vienu, vair\u0101kus vai pat visus zobus.<\/p><h3><strong>K\u0101 tiek \u0101rst\u0113ti \u0137\u012b\u013cveida defekti?<\/strong><\/h3><p>Tiek nov\u0113rt\u0113ts mutes dobuma visp\u0101r\u0113jais st\u0101voklis, zobu defekti, p\u0101rbaud\u012bts sakodiens, zobu prot\u0113\u017eu st\u0101voklis, ja t\u0101das ir, noskaidrots, cik regul\u0101ri pacients t\u012bra zobus un vai iev\u0113ro mutes dobuma higi\u0113nu. P\u0113c \u0137\u012b\u013cveida defektu c\u0113lo\u0146a noteik\u0161anas tiek izv\u0113l\u0113ta \u0101rst\u0113\u0161ana. Ja \u0137\u012b\u013cveida defektu c\u0113lonis ir zobu zaud\u0113jums, ir nepiecie\u0161ams tos atjaunot pareizai ko\u0161anas slodzes sadalei. Ja tiek atkl\u0101ts, ka defekts ir izveidojies nepareiza sakodiena d\u0113\u013c, ieteicams v\u0113rsties pie ortodonta. Ja atkl\u0101jas, ka pacients nepareizi t\u012bra zobus, vai, ka zobu birste, ko lieto pacients, ir p\u0101r\u0101k cieta, pacients tiek apm\u0101c\u012bts pareizi t\u012br\u012bt zobus un tiek piemekl\u0113ti atbilsto\u0161i individu\u0101lie mutes dobuma higi\u0113nas l\u012bdzek\u013ci.<\/p><p>Kad faktors, kas izraisa probl\u0113mas, tiek nov\u0113rsts, defekti ne vienm\u0113r paz\u016bd, iz\u0146emot zobu jut\u012bgumu.<\/p>\n\t\t\t\t\t<\/div>\n\t\t\t\t\t\t<\/div>\n\t\t\t\t<\/div>\n\t\t\t\t<\/div>\n\t\t<div class=\"elementor-element elementor-element-b91b2f9 e-con-full e-flex e-con e-child\" data-id=\"b91b2f9\" data-element_type=\"container\" data-e-type=\"container\">\n\t\t\t\t<div class=\"elementor-element elementor-element-4f6660e make-sticky elementor-widget elementor-widget-wd_mega_menu\" data-id=\"4f6660e\" data-element_type=\"widget\" data-e-type=\"widget\" data-widget_type=\"wd_mega_menu.default\">\n\t\t\t\t<div class=\"elementor-widget-container\">\n\t\t\t\t\t\t\t<div class=\"wd-menu widget_nav_mega_menu\">\n\t\t\t\t\t\t\t<h5 class=\"widget-title color-scheme-dark\">\n\t\t\t\t\tM\u016bsu kl\u012bnikas pakalpojumi\t\t\t\t<\/h5>\n\t\t\t\t\t\t<ul id=\"menu-services-menu\" class=\"menu wd-nav wd-nav-vertical wd-design-with-bg wd-gap- wd-icon-left\"><li id=\"menu-item-470\" class=\"menu-item menu-item-type-post_type menu-item-object-page menu-item-470 item-level-0 menu-simple-dropdown wd-event-hover\" ><a href=\"https:\/\/dentalpluss.lv\/bruninieku\/pakalpojumi\/profesionala-mutes-dobuma-higiena\/\" class=\"woodmart-nav-link\"><span class=\"nav-link-text\">Profesion\u0101l\u0101 mutes dobuma higi\u0113na<\/span><\/a><\/li>\n<li id=\"menu-item-469\" class=\"menu-item menu-item-type-post_type menu-item-object-page menu-item-469 item-level-0 menu-simple-dropdown wd-event-hover\" ><a href=\"https:\/\/dentalpluss.lv\/bruninieku\/pakalpojumi\/endodontiska-arstesana\/\" class=\"woodmart-nav-link\"><span class=\"nav-link-text\">Endodontisk\u0101 \u0101rst\u0113\u0161ana<\/span><\/a><\/li>\n<li id=\"menu-item-468\" class=\"menu-item menu-item-type-post_type menu-item-object-page menu-item-468 item-level-0 menu-simple-dropdown wd-event-hover\" ><a href=\"https:\/\/dentalpluss.lv\/bruninieku\/pakalpojumi\/protezesana\/\" class=\"woodmart-nav-link\"><span class=\"nav-link-text\">Protez\u0113\u0161ana<\/span><\/a><\/li>\n<li id=\"menu-item-467\" class=\"menu-item menu-item-type-post_type menu-item-object-page menu-item-467 item-level-0 menu-simple-dropdown wd-event-hover\" ><a href=\"https:\/\/dentalpluss.lv\/bruninieku\/pakalpojumi\/implantacija\/\" class=\"woodmart-nav-link\"><span class=\"nav-link-text\">Implant\u0101cija<\/span><\/a><\/li>\n<li id=\"menu-item-466\" class=\"menu-item menu-item-type-post_type menu-item-object-page menu-item-466 item-level-0 menu-simple-dropdown wd-event-hover\" ><a href=\"https:\/\/dentalpluss.lv\/bruninieku\/pakalpojumi\/mutes-dobuma-kirurgija\/\" class=\"woodmart-nav-link\"><span class=\"nav-link-text\">Mutes dobuma \u0137irur\u0123ija<\/span><\/a><\/li>\n<li id=\"menu-item-465\" class=\"menu-item menu-item-type-post_type menu-item-object-page menu-item-465 item-level-0 menu-simple-dropdown wd-event-hover\" ><a href=\"https:\/\/dentalpluss.lv\/bruninieku\/pakalpojumi\/terapeitiska-zobu-arstesana\/\" class=\"woodmart-nav-link\"><span class=\"nav-link-text\">Terapeitisk\u0101 zobu \u0101rst\u0113\u0161ana<\/span><\/a><\/li>\n<li id=\"menu-item-464\" class=\"menu-item menu-item-type-post_type menu-item-object-page menu-item-464 item-level-0 menu-simple-dropdown wd-event-hover\" ><a href=\"https:\/\/dentalpluss.lv\/bruninieku\/pakalpojumi\/estetiska-zobu-restauracija\/\" class=\"woodmart-nav-link\"><span class=\"nav-link-text\">Est\u0113tisk\u0101 zobu restaur\u0101cija<\/span><\/a><\/li>\n<li id=\"menu-item-463\" class=\"menu-item menu-item-type-post_type menu-item-object-page menu-item-463 item-level-0 menu-simple-dropdown wd-event-hover\" ><a href=\"https:\/\/dentalpluss.lv\/bruninieku\/pakalpojumi\/zobu-balinasana-tonu-korekcija\/\" class=\"woodmart-nav-link\"><span class=\"nav-link-text\">Zobu balin\u0101\u0161ana \u2013 to\u0146u korekcija<\/span><\/a><\/li>\n<li id=\"menu-item-462\" class=\"menu-item menu-item-type-post_type menu-item-object-page menu-item-462 item-level-0 menu-simple-dropdown wd-event-hover\" ><a href=\"https:\/\/dentalpluss.lv\/bruninieku\/pakalpojumi\/3d-datortomografija-panoramas-rentgens\/\" class=\"woodmart-nav-link\"><span class=\"nav-link-text\">3D datortomogr\u0101fija, panor\u0101mas rentgens<\/span><\/a><\/li>\n<\/ul>\t\t<\/div>\n\t\t\t\t\t\t<\/div>\n\t\t\t\t<\/div>\n\t\t\t\t<\/div>\n\t\t\t\t\t<\/div>\n\t\t\t\t<\/div>\n\t\t\t\t<\/div>\n\t\t","protected":false},"excerpt":{"rendered":"<p>Zob\u0101rstniec\u012bbas kl\u012bnik\u0101 \u201cDental Pluss\u201d tiek veikta terapeitisk\u0101 zobu \u0101rst\u0113\u0161ana: zobu profilaktisk\u0101 apskate, mutes dobuma visp\u0101r\u0113jais nov\u0113rt\u0113jums, \u0101rst\u0113\u0161anas pl\u0101na sast\u0101d\u012b\u0161ana, kariesa<\/p>\n","protected":false},"author":1,"featured_media":0,"parent":399,"menu_order":0,"comment_status":"closed","ping_status":"closed","template":"","meta":{"_acf_changed":false,"footnotes":""},"class_list":["post-442","page","type-page","status-publish","hentry"],"acf":[],"lang":"lv","translations":{"lv":442,"ru":643},"pll_sync_post":[],"_links":{"self":[{"href":"https:\/\/dentalpluss.lv\/bruninieku\/wp-json\/wp\/v2\/pages\/442","targetHints":{"allow":["GET"]}}],"collection":[{"href":"https:\/\/dentalpluss.lv\/bruninieku\/wp-json\/wp\/v2\/pages"}],"about":[{"href":"https:\/\/dentalpluss.lv\/bruninieku\/wp-json\/wp\/v2\/types\/page"}],"author":[{"embeddable":true,"href":"https:\/\/dentalpluss.lv\/bruninieku\/wp-json\/wp\/v2\/users\/1"}],"replies":[{"embeddable":true,"href":"https:\/\/dentalpluss.lv\/bruninieku\/wp-json\/wp\/v2\/comments?post=442"}],"version-history":[{"count":0,"href":"https:\/\/dentalpluss.lv\/bruninieku\/wp-json\/wp\/v2\/pages\/442\/revisions"}],"up":[{"embeddable":true,"href":"https:\/\/dentalpluss.lv\/bruninieku\/wp-json\/wp\/v2\/pages\/399"}],"wp:attachment":[{"href":"https:\/\/dentalpluss.lv\/bruninieku\/wp-json\/wp\/v2\/media?parent=442"}],"curies":[{"name":"wp","href":"https:\/\/api.w.org\/{rel}","templated":true}]}}