{"id":446,"date":"2025-06-12T20:53:58","date_gmt":"2025-06-12T20:53:58","guid":{"rendered":"https:\/\/dentalpluss.lv\/bruninieku\/?page_id=446"},"modified":"2025-07-14T21:04:56","modified_gmt":"2025-07-14T21:04:56","slug":"zobu-balinasana-tonu-korekcija","status":"publish","type":"page","link":"https:\/\/dentalpluss.lv\/bruninieku\/pakalpojumi\/zobu-balinasana-tonu-korekcija\/","title":{"rendered":"Zobu balin\u0101\u0161ana \u2013 to\u0146u korekcija"},"content":{"rendered":"\t\t<div data-elementor-type=\"wp-page\" data-elementor-id=\"446\" class=\"elementor elementor-446\">\n\t\t\t\t<div class=\"wd-negative-gap elementor-element elementor-element-ff85d41 e-flex e-con-boxed e-con e-parent\" data-id=\"ff85d41\" data-element_type=\"container\" data-e-type=\"container\">\n\t\t\t\t\t<div class=\"e-con-inner\">\n\t\t<div class=\"elementor-element elementor-element-8e8094a e-con-full e-flex e-con e-child\" data-id=\"8e8094a\" data-element_type=\"container\" data-e-type=\"container\">\n\t\t\t\t<div class=\"elementor-element elementor-element-87d3218 elementor-widget elementor-widget-image\" data-id=\"87d3218\" data-element_type=\"widget\" data-e-type=\"widget\" data-widget_type=\"image.default\">\n\t\t\t\t<div class=\"elementor-widget-container\">\n\t\t\t\t\t\t\t\t\t\t\t\t\t\t\t<img fetchpriority=\"high\" decoding=\"async\" width=\"800\" height=\"1119\" src=\"https:\/\/dentalpluss.lv\/bruninieku\/wp-content\/uploads\/2025\/06\/DSC06369-Edit-1-e1622107750877-1.jpg\" class=\"attachment-full size-full wp-image-412\" alt=\"Zob\u0101rstniec\u012bbas kl\u012bnika R\u012bg\u0101\" srcset=\"https:\/\/dentalpluss.lv\/bruninieku\/wp-content\/uploads\/2025\/06\/DSC06369-Edit-1-e1622107750877-1.jpg 800w, https:\/\/dentalpluss.lv\/bruninieku\/wp-content\/uploads\/2025\/06\/DSC06369-Edit-1-e1622107750877-1-214x300.jpg 214w, https:\/\/dentalpluss.lv\/bruninieku\/wp-content\/uploads\/2025\/06\/DSC06369-Edit-1-e1622107750877-1-732x1024.jpg 732w, https:\/\/dentalpluss.lv\/bruninieku\/wp-content\/uploads\/2025\/06\/DSC06369-Edit-1-e1622107750877-1-768x1074.jpg 768w\" sizes=\"(max-width: 800px) 100vw, 800px\" title=\"Zob\u0101rstniec\u012bbas kl\u012bnika R\u012bg\u0101\">\t\t\t\t\t\t\t\t\t\t\t\t\t\t\t<\/div>\n\t\t\t\t<\/div>\n\t\t\t\t<div class=\"elementor-element elementor-element-c713f76 elementor-widget elementor-widget-wd_text_block\" data-id=\"c713f76\" data-element_type=\"widget\" data-e-type=\"widget\" data-widget_type=\"wd_text_block.default\">\n\t\t\t\t<div class=\"elementor-widget-container\">\n\t\t\t\t\t\t\t<div class=\"wd-text-block reset-last-child text-left\">\n\t\t\t\n\t\t\t<p>Zob\u0101rstniec\u012bbas kl\u012bnik\u0101 \u201cDental Pluss\u201d zobu balin\u0101\u0161ana ir viena no popul\u0101r\u0101kaj\u0101m est\u0113tisk\u0101s zob\u0101rstniec\u012bbas proced\u016br\u0101m. Zobu emalja maina kr\u0101su da\u017e\u0101du iemeslu d\u0113\u013c, piem. no \u0113dieniem vai dz\u0113rieniem (kafija, t\u0113ja, tabaka u.c.), zobu traum\u0101m, medikamentu lieto\u0161anas, iedzimt\u012bbas, vecuma u.c. Zobu balin\u0101\u0161ana ir \u013coti efekt\u012bva proced\u016bra \u0161o faktoru mazin\u0101\u0161anai.<\/p><h3><strong>Balin\u0101\u0161ana ar kap\u0113m m\u0101jas apst\u0101k\u013cos<\/strong><\/h3><p>Balino\u0161o \u017eeleju ieliek kap\u0113, kas tiek izgatavota individu\u0101li, un uzliek uz zobiem pa nakti. \u017delejveida konsistences g\u0113ls (balino\u0161ais l\u012bdzeklis) neizpl\u016bst no padzi\u013cin\u0101jumiem un stingri turas pie zobiem. Rezult\u0101ti ir redzami jau pirmaj\u0101 ned\u0113\u013c\u0101, bet vislab\u0101kie rezult\u0101ti tiek sasniegti p\u0113c 10 reiz\u0113m, t.i. 10 nakt\u012bm.<\/p><h3><strong>Vai balino\u0161\u0101s zobu pastas ir efekt\u012bvas?<\/strong><\/h3><p>N\u0113, zobu pasta nebalina zobus. Liel\u0101koties \u0161aj\u0101s past\u0101s ir daudz agres\u012bvu abraz\u012bvu da\u013ci\u0146u, kas tikai no\u0146em uzkr\u0101ju\u0161os pigmentu, t\u0101p\u0113c \u0161\u0101das pastas nav ieteicams lietot ilgsto\u0161i, jo t\u0101s var izrais\u012bt emaljas boj\u0101jumus, zobu jut\u012bgumu, \u012bpa\u0161i lietojot ar elektrisk\u0101m vai ultraska\u0146as zobu birst\u0113m. T\u0101pat ar\u012b neiesak\u0101m m\u0101j\u0101s lietot sodas, s\u0101ls vai akt\u012bv\u0101s ogles pulverus zobu balin\u0101\u0161anai.<\/p><h3><strong>K\u0101p\u0113c p\u0113c balin\u0101\u0161anas zobi k\u013cuva j\u016bt\u012bg\u0101ki? K\u0101 to samazin\u0101t?<\/strong><\/h3><p>P\u0113c zobu balin\u0101\u0161anas zobi var b\u016bt jut\u012bgi, jo, akt\u012bvaj\u0101m viel\u0101m iek\u013c\u016bstot audos, veidojas mikroporas. Lai no t\u0101 izvair\u012btos, p\u0113c zobu balin\u0101\u0161anas ieteicams lietot desensibiliz\u0113jo\u0161as zobu pastas vai kr\u0113mus.<\/p><h3><strong>Vai balin\u0101\u0161anas rezult\u0101ts ir ilgsto\u0161s?<\/strong><\/h3><p>J\u0101, lai sasniegtu ilgtermi\u0146a rezult\u0101tus, \u013coti svar\u012bga ir j\u016bsu person\u012bg\u0101 mutes dobuma higi\u0113na, savlaic\u012bga profesion\u0101la mutes dobuma higi\u0113na, k\u0101 ar\u012b nepiecie\u0161ams ierobe\u017eot kr\u0101sojo\u0161u p\u0101rtikas produktu un dz\u0113rienu lieto\u0161anu.<\/p><h3><strong>No k\u0101 vajadz\u0113tu izvair\u012bties p\u0113c zobu balin\u0101\u0161anas proced\u016bras?<\/strong><\/h3><p>J\u0101izvair\u0101s no \u0113dieniem un dz\u0113rieniem, kas satur kr\u0101svielas un izteiktus pigmentus (bietes, kafija, sarkanais v\u012brs).<\/p><h3><strong>Vai balin\u0101\u0161anas laik\u0101 var balin\u0101t nedz\u012bvus zobus (endodontiski \u0101rst\u0113tus zobus)?<\/strong><\/h3><p>N\u0113, balin\u0101\u0161anas laik\u0101 endodontiski apstr\u0101d\u0101ti zobi nebalin\u0101s vai ar\u012b efekts b\u016bs \u013coti minim\u0101ls.\u00a0 T\u0101diem zobiem tiek veikta iek\u0161\u0113j\u0101 zobu balin\u0101\u0161ana vai protez\u0113\u0161ana.<\/p><h3><strong>Vai zobu balin\u0101\u0161anas laik\u0101 plombes k\u013c\u016bst gai\u0161\u0101kas?<\/strong><\/h3><p>N\u0113, profesion\u0101l\u0101s balin\u0101\u0161anas vai balin\u0101\u0161anas m\u0101j\u0101s ar kap\u0113m laik\u0101, tiek balin\u0101ti tikai zobu audi, plomb\u0113\u0161anas materi\u0101li savu kr\u0101su nemaina, t\u0101p\u0113c p\u0113c balin\u0101\u0161anas, lai saska\u0146otu zobu un restaur\u0101ciju kr\u0101sas, var n\u0101kties restaur\u0101cijas nomain\u012bt uz jaun\u0101m.<\/p>\n\t\t\t\t\t<\/div>\n\t\t\t\t\t\t<\/div>\n\t\t\t\t<\/div>\n\t\t\t\t<\/div>\n\t\t<div class=\"elementor-element elementor-element-0a75124 e-con-full e-flex e-con e-child\" data-id=\"0a75124\" data-element_type=\"container\" data-e-type=\"container\">\n\t\t\t\t<div class=\"elementor-element elementor-element-7838b54 make-sticky elementor-widget elementor-widget-wd_mega_menu\" data-id=\"7838b54\" data-element_type=\"widget\" data-e-type=\"widget\" data-widget_type=\"wd_mega_menu.default\">\n\t\t\t\t<div class=\"elementor-widget-container\">\n\t\t\t\t\t\t\t<div class=\"wd-menu widget_nav_mega_menu\">\n\t\t\t\t\t\t\t<h5 class=\"widget-title color-scheme-dark\">\n\t\t\t\t\tM\u016bsu kl\u012bnikas pakalpojumi\t\t\t\t<\/h5>\n\t\t\t\t\t\t<ul id=\"menu-services-menu\" class=\"menu wd-nav wd-nav-vertical wd-design-with-bg wd-gap- wd-icon-left\"><li id=\"menu-item-470\" class=\"menu-item menu-item-type-post_type menu-item-object-page menu-item-470 item-level-0 menu-simple-dropdown wd-event-hover\" ><a href=\"https:\/\/dentalpluss.lv\/bruninieku\/pakalpojumi\/profesionala-mutes-dobuma-higiena\/\" class=\"woodmart-nav-link\"><span class=\"nav-link-text\">Profesion\u0101l\u0101 mutes dobuma higi\u0113na<\/span><\/a><\/li>\n<li id=\"menu-item-469\" class=\"menu-item menu-item-type-post_type menu-item-object-page menu-item-469 item-level-0 menu-simple-dropdown wd-event-hover\" ><a href=\"https:\/\/dentalpluss.lv\/bruninieku\/pakalpojumi\/endodontiska-arstesana\/\" class=\"woodmart-nav-link\"><span class=\"nav-link-text\">Endodontisk\u0101 \u0101rst\u0113\u0161ana<\/span><\/a><\/li>\n<li id=\"menu-item-468\" class=\"menu-item menu-item-type-post_type menu-item-object-page menu-item-468 item-level-0 menu-simple-dropdown wd-event-hover\" ><a href=\"https:\/\/dentalpluss.lv\/bruninieku\/pakalpojumi\/protezesana\/\" class=\"woodmart-nav-link\"><span class=\"nav-link-text\">Protez\u0113\u0161ana<\/span><\/a><\/li>\n<li id=\"menu-item-467\" class=\"menu-item menu-item-type-post_type menu-item-object-page menu-item-467 item-level-0 menu-simple-dropdown wd-event-hover\" ><a href=\"https:\/\/dentalpluss.lv\/bruninieku\/pakalpojumi\/implantacija\/\" class=\"woodmart-nav-link\"><span class=\"nav-link-text\">Implant\u0101cija<\/span><\/a><\/li>\n<li id=\"menu-item-466\" class=\"menu-item menu-item-type-post_type menu-item-object-page menu-item-466 item-level-0 menu-simple-dropdown wd-event-hover\" ><a href=\"https:\/\/dentalpluss.lv\/bruninieku\/pakalpojumi\/mutes-dobuma-kirurgija\/\" class=\"woodmart-nav-link\"><span class=\"nav-link-text\">Mutes dobuma \u0137irur\u0123ija<\/span><\/a><\/li>\n<li id=\"menu-item-465\" class=\"menu-item menu-item-type-post_type menu-item-object-page menu-item-465 item-level-0 menu-simple-dropdown wd-event-hover\" ><a href=\"https:\/\/dentalpluss.lv\/bruninieku\/pakalpojumi\/terapeitiska-zobu-arstesana\/\" class=\"woodmart-nav-link\"><span class=\"nav-link-text\">Terapeitisk\u0101 zobu \u0101rst\u0113\u0161ana<\/span><\/a><\/li>\n<li id=\"menu-item-464\" class=\"menu-item menu-item-type-post_type menu-item-object-page menu-item-464 item-level-0 menu-simple-dropdown wd-event-hover\" ><a href=\"https:\/\/dentalpluss.lv\/bruninieku\/pakalpojumi\/estetiska-zobu-restauracija\/\" class=\"woodmart-nav-link\"><span class=\"nav-link-text\">Est\u0113tisk\u0101 zobu restaur\u0101cija<\/span><\/a><\/li>\n<li id=\"menu-item-463\" class=\"menu-item menu-item-type-post_type menu-item-object-page menu-item-463 item-level-0 menu-simple-dropdown wd-event-hover\" ><a href=\"https:\/\/dentalpluss.lv\/bruninieku\/pakalpojumi\/zobu-balinasana-tonu-korekcija\/\" class=\"woodmart-nav-link\"><span class=\"nav-link-text\">Zobu balin\u0101\u0161ana \u2013 to\u0146u korekcija<\/span><\/a><\/li>\n<li id=\"menu-item-462\" class=\"menu-item menu-item-type-post_type menu-item-object-page menu-item-462 item-level-0 menu-simple-dropdown wd-event-hover\" ><a href=\"https:\/\/dentalpluss.lv\/bruninieku\/pakalpojumi\/3d-datortomografija-panoramas-rentgens\/\" class=\"woodmart-nav-link\"><span class=\"nav-link-text\">3D datortomogr\u0101fija, panor\u0101mas rentgens<\/span><\/a><\/li>\n<\/ul>\t\t<\/div>\n\t\t\t\t\t\t<\/div>\n\t\t\t\t<\/div>\n\t\t\t\t<\/div>\n\t\t\t\t\t<\/div>\n\t\t\t\t<\/div>\n\t\t\t\t<\/div>\n\t\t","protected":false},"excerpt":{"rendered":"<p>Zob\u0101rstniec\u012bbas kl\u012bnik\u0101 \u201cDental Pluss\u201d zobu balin\u0101\u0161ana ir viena no popul\u0101r\u0101kaj\u0101m est\u0113tisk\u0101s zob\u0101rstniec\u012bbas proced\u016br\u0101m. Zobu emalja maina kr\u0101su da\u017e\u0101du iemeslu d\u0113\u013c,<\/p>\n","protected":false},"author":1,"featured_media":0,"parent":399,"menu_order":0,"comment_status":"closed","ping_status":"closed","template":"","meta":{"_acf_changed":false,"footnotes":""},"class_list":["post-446","page","type-page","status-publish","hentry"],"acf":[],"lang":"lv","translations":{"lv":446,"ru":664},"pll_sync_post":[],"_links":{"self":[{"href":"https:\/\/dentalpluss.lv\/bruninieku\/wp-json\/wp\/v2\/pages\/446","targetHints":{"allow":["GET"]}}],"collection":[{"href":"https:\/\/dentalpluss.lv\/bruninieku\/wp-json\/wp\/v2\/pages"}],"about":[{"href":"https:\/\/dentalpluss.lv\/bruninieku\/wp-json\/wp\/v2\/types\/page"}],"author":[{"embeddable":true,"href":"https:\/\/dentalpluss.lv\/bruninieku\/wp-json\/wp\/v2\/users\/1"}],"replies":[{"embeddable":true,"href":"https:\/\/dentalpluss.lv\/bruninieku\/wp-json\/wp\/v2\/comments?post=446"}],"version-history":[{"count":0,"href":"https:\/\/dentalpluss.lv\/bruninieku\/wp-json\/wp\/v2\/pages\/446\/revisions"}],"up":[{"embeddable":true,"href":"https:\/\/dentalpluss.lv\/bruninieku\/wp-json\/wp\/v2\/pages\/399"}],"wp:attachment":[{"href":"https:\/\/dentalpluss.lv\/bruninieku\/wp-json\/wp\/v2\/media?parent=446"}],"curies":[{"name":"wp","href":"https:\/\/api.w.org\/{rel}","templated":true}]}}