{"id":504,"date":"2025-06-13T21:03:28","date_gmt":"2025-06-13T21:03:28","guid":{"rendered":"https:\/\/dentalpluss.lv\/bruninieku\/?page_id=504"},"modified":"2025-07-14T21:08:01","modified_gmt":"2025-07-14T21:08:01","slug":"davanu-kartes","status":"publish","type":"page","link":"https:\/\/dentalpluss.lv\/bruninieku\/davanu-kartes\/","title":{"rendered":"D\u0101vanu kartes"},"content":{"rendered":"\n<h2 class=\"wp-block-heading\">D\u0101v\u0101sim smaidu!<\/h2>\n\n\n\n<p>Zob\u0101rstniec\u012bbas kl\u012bnikas Dental Pluss d\u0101vanu karti visiem zob\u0101rstniec\u012bbas kl\u012bnikas Dental Pluss sniegtajiem pakalpojumiem varat ieg\u0101d\u0101ties Dental Pluss zob\u0101rstniec\u012bbas kl\u012bnik\u0101s. Uzd\u0101vini smaidu savam m\u012b\u013cotajam vai draugam.<\/p>\n\n\n\n<h2 class=\"wp-block-heading\">Dental Pluss zob\u0101rstniec\u012bbas kl\u012bnikas d\u0101vanu kupona izmanto\u0161anas noteikumi<\/h2>\n\n\n\n<p>1. Zob\u0101rstniec\u012bbas kl\u012bnikas Dental Pluss d\u0101vanu kupons (turpm\u0101k \u2013 D\u0101vanu kupons) apliecina priek\u0161apmaksu un dod ties\u012bbas d\u0101vanu kupona tur\u0113t\u0101jam to izmantot \u0161ajos noteikumos paredz\u0113taj\u0101 k\u0101rt\u012bb\u0101, nor\u0113\u0137inoties par k\u0101du no zob\u0101rstniec\u012bbas kl\u012bnikas Dental Pluss sniegtajiem pakalpojumiem. , k\u0101 ar\u012b maks\u0101jot par zob\u0101rstniec\u012bbas produktiem.<br>2. D\u0101vanu kupona v\u0113rt\u012bbu izv\u0113las pirc\u0113js.<br>3. D\u0101vanu kupona der\u012bguma termi\u0146\u0161 ir nor\u0101d\u012bts d\u0101vanu kupon\u0101.<br>4. Nepiecie\u0161ama iepriek\u0161\u0113ja pieteik\u0161an\u0101s tiem, kas ierodas ar d\u0101vanu kuponu.<br>5. D\u0101vanu kupons var tikt nodots tre\u0161ajai personai.<br>6. D\u0101vanu kupons ir j\u0101izlieto t\u0101 der\u012bguma termi\u0146\u0101, p\u0113c kura tas tiek uzskat\u012bts par vairs neder\u012bgu.<br>7. Ja sniegto pakalpojumu apjoms p\u0101rsniedz d\u0101vanu kupona v\u0113rt\u012bbu, starp\u012bbu apmaks\u0101 d\u0101vanu kupona \u012bpa\u0161nieks.<br>8. Ja sniegto pakalpojumu cena ir zem\u0101ka par d\u0101vanu kupon\u0101 nor\u0101d\u012bto, atlikus\u012b summa netiek atmaks\u0101ta.<br>9. D\u0101vanu kuponu nevar apmain\u012bt pret naudu.<br>10. D\u0101vanu kupons tiek uzskat\u012bts par der\u012bgu tikai ar pievienotu pirkuma \u010deku.<br>11. P\u0113c d\u0101vanu kupona iesnieg\u0161anas apmaksai tas tiek pa\u0146emts un netiek atgriezts. Vienu d\u0101vanu kuponu var izmantot apmaksai tikai vienu reizi, p\u0113c tam kupons tiek anul\u0113ts.<\/p>\n","protected":false},"excerpt":{"rendered":"<p>D\u0101v\u0101sim smaidu! Zob\u0101rstniec\u012bbas kl\u012bnikas Dental Pluss d\u0101vanu karti visiem zob\u0101rstniec\u012bbas kl\u012bnikas Dental Pluss sniegtajiem pakalpojumiem varat ieg\u0101d\u0101ties Dental Pluss zob\u0101rstniec\u012bbas<\/p>\n","protected":false},"author":1,"featured_media":0,"parent":0,"menu_order":0,"comment_status":"closed","ping_status":"closed","template":"","meta":{"_acf_changed":false,"footnotes":""},"class_list":["post-504","page","type-page","status-publish","hentry"],"acf":[],"lang":"lv","translations":{"lv":504,"ru":656},"pll_sync_post":[],"_links":{"self":[{"href":"https:\/\/dentalpluss.lv\/bruninieku\/wp-json\/wp\/v2\/pages\/504","targetHints":{"allow":["GET"]}}],"collection":[{"href":"https:\/\/dentalpluss.lv\/bruninieku\/wp-json\/wp\/v2\/pages"}],"about":[{"href":"https:\/\/dentalpluss.lv\/bruninieku\/wp-json\/wp\/v2\/types\/page"}],"author":[{"embeddable":true,"href":"https:\/\/dentalpluss.lv\/bruninieku\/wp-json\/wp\/v2\/users\/1"}],"replies":[{"embeddable":true,"href":"https:\/\/dentalpluss.lv\/bruninieku\/wp-json\/wp\/v2\/comments?post=504"}],"version-history":[{"count":0,"href":"https:\/\/dentalpluss.lv\/bruninieku\/wp-json\/wp\/v2\/pages\/504\/revisions"}],"wp:attachment":[{"href":"https:\/\/dentalpluss.lv\/bruninieku\/wp-json\/wp\/v2\/media?parent=504"}],"curies":[{"name":"wp","href":"https:\/\/api.w.org\/{rel}","templated":true}]}}