{"id":558,"date":"2025-06-14T11:01:37","date_gmt":"2025-06-14T11:01:37","guid":{"rendered":"https:\/\/dentalpluss.lv\/bruninieku\/?page_id=558"},"modified":"2025-07-14T21:05:39","modified_gmt":"2025-07-14T21:05:39","slug":"sikdatnu-politika","status":"publish","type":"page","link":"https:\/\/dentalpluss.lv\/bruninieku\/sikdatnu-politika\/","title":{"rendered":"S\u012bkdat\u0146u politika"},"content":{"rendered":"\n<p>P\u0113d\u0113jo reizi atjaunin\u0101ts: 2021 10. apr\u012blis \u0160\u012b s\u012bkdat\u0146u politika izskaidro, kas ir s\u012bkfaili un k\u0101 m\u0113s tos izmantojam. Jums vajadz\u0113tu izlas\u012bt \u0161o politiku, lai saprastu, k\u0101dus s\u012bkfailus m\u0113s izmantojam vai k\u0101du inform\u0101ciju m\u0113s iev\u0101cam, izmantojot s\u012bkfailus, un k\u0101 \u0161\u012b inform\u0101cija tiek izmantota. S\u012bkfaili parasti nesatur nek\u0101du inform\u0101ciju, kas person\u012bgi identific\u0113tu lietot\u0101ju, ta\u010du m\u016bsu glab\u0101t\u0101 personas inform\u0101cija par jums var b\u016bt saist\u012bta ar inform\u0101ciju, kas tiek glab\u0101ta s\u012bkfailos un ieg\u016bta no s\u012bkdatn\u0113m. Lai uzzin\u0101tu vair\u0101k par to, k\u0101 m\u0113s izmantojam, uzglab\u0101jam un uzturam j\u016bsu personas datus, l\u016bdzu, izlasiet m\u016bsu Priv\u0101tuma politiku. M\u0113s neglab\u0101jam konfidenci\u0101lu personas inform\u0101ciju, piem\u0113ram, e-pasta adreses, kontu paroles u.c. m\u016bsu izmantotaj\u0101s s\u012bkdatn\u0113s.<\/p>\n\n\n\n<h3 class=\"wp-block-heading\">Paskaidrojums<\/h3>\n\n\n\n<p>Lielajiem v\u0101rdiem rakst\u012btiem v\u0101rdiem ir \u0161ajos Noteikumos noteikt\u0101 noz\u012bme. \u0160\u012bm defin\u012bcij\u0101m ir viena un t\u0101 pati noz\u012bme neatkar\u012bgi no t\u0101, vai t\u0101s ir dotas vienskait\u013ca vai daudzskait\u013ca form\u0101.<\/p>\n\n\n\n<h3 class=\"wp-block-heading\">Defin\u012bcijas<\/h3>\n\n\n\n<p>\u0160\u012bs s\u012bkdat\u0146u politikas m\u0113r\u0137iem:<\/p>\n\n\n\n<ul class=\"wp-block-list\">\n<li><strong>Stingrs<\/strong>(\u0161aj\u0101 s\u012bkdat\u0146u politik\u0101 saukta par \u201cUz\u0146\u0113mums\u201d, \u201cM\u0113s\u201d, \u201cMums\u201d vai \u201cM\u016bsu\u201d) attiecas uz I. Kniuk\u0161tien\u0117s zob\u0101rstniec\u012bbas kl\u012bniku, Tel\u0161iau str. 21-3, LT-90162 Plunge.<\/li>\n\n\n\n<li><strong>Tu<\/strong> ir fiziska persona, kas piek\u013c\u016bst Vietnei vai to izmanto, vai uz\u0146\u0113mums vai jebkura juridiska persona, kuras v\u0101rd\u0101 \u0161\u012b persona piek\u013c\u016bst Vietnei vai izmanto to.<\/li>\n\n\n\n<li><strong>S\u012bkdatnes <\/strong>ir mazi faili, ko j\u016bsu dator\u0101, mobilaj\u0101 ier\u012bc\u0113 vai jebkur\u0101 cit\u0101 ier\u012bc\u0113 ievieto vietne un kas satur detaliz\u0113tu inform\u0101ciju par j\u016bsu p\u0101rl\u016bko\u0161anas v\u0113sturi \u0161aj\u0101 vietn\u0113.<\/li>\n\n\n\n<li><strong>T\u012bmek\u013ca vietne<\/strong> rei\u0161kia dentalpluss.lv, pieejams no https:\/\/dentalpluss.lv\/.<\/li>\n<\/ul>\n\n\n\n<h2 class=\"wp-block-heading\">S\u012bkdat\u0146u izmanto\u0161ana<\/h2>\n\n\n\n<h3 class=\"wp-block-heading\">Izmantoto s\u012bkfailu veids<\/h3>\n\n\n\n<p>S\u012bkfaili var b\u016bt \u201cpast\u0101v\u012bgi\u201d vai \u201csesijas\u201d s\u012bkfaili. Past\u0101v\u012bgie s\u012bkfaili paliek j\u016bsu dator\u0101 vai mobilaj\u0101 ier\u012bc\u0113, kad j\u016bs izrakst\u0101ties, un sesijas s\u012bkfaili tiek dz\u0113sti, tikl\u012bdz aizverat t\u012bmek\u013ca p\u0101rl\u016bkprogrammu. M\u0113s izmantojam gan sesijas, gan past\u0101v\u012bg\u0101s s\u012bkdatnes \u0161\u0101diem nol\u016bkiem:<\/p>\n\n\n\n<h4 class=\"wp-block-heading\"><strong>Nepiecie\u0161amie\/b\u016btiski s\u012bkfaili<\/strong><\/h4>\n\n\n\n<p>Veids: sesijas s\u012bkfaili Administrators: M\u0113s M\u0113r\u0137is: \u0160\u012bs s\u012bkdatnes ir nepiecie\u0161amas, lai nodro\u0161in\u0101tu j\u016bs ar vietn\u0113 pieejamos pakalpojumus un \u013cautu jums izmantot da\u017eas no t\u0101s funkcij\u0101m. Tie pal\u012bdz autentific\u0113t lietot\u0101jus un nov\u0113rst lietot\u0101ju kontu kr\u0101pniecisku izmanto\u0161anu. Bez \u0161\u012bm s\u012bkdatn\u0113m nevar\u0113s nodro\u0161in\u0101t j\u016bsu piepras\u012btos pakalpojumus, un m\u0113s izmantojam \u0161\u012bs s\u012bkdatnes tikai \u0161o pakalpojumu snieg\u0161anai.<\/p>\n\n\n\n<h4 class=\"wp-block-heading\"><strong>S\u012bkfailu politika\/pazi\u0146ojumu s\u012bkfaili<\/strong><\/h4>\n\n\n\n<p>Veids: Past\u0101v\u012bgie s\u012bkfaili Administrators: M\u0113s M\u0113r\u0137is: \u0161\u012bs s\u012bkdatnes nosaka, vai lietot\u0101ji ir piekritu\u0161i s\u012bkdat\u0146u izmanto\u0161anai vietn\u0113.<\/p>\n\n\n\n<h4 class=\"wp-block-heading\"><strong>Funkcionalit\u0101tes s\u012bkfaili<\/strong><\/h4>\n\n\n\n<p>Veids: Past\u0101v\u012bgie s\u012bkfaili Administrators: M\u0113s M\u0113r\u0137is: \u0161\u012bs s\u012bkdatnes \u013cauj mums atcer\u0113ties j\u016bsu izv\u0113les, kad izmantojat vietni, piem\u0113ram, atcer\u0113ties j\u016bsu pieteik\u0161an\u0101s datus vai izv\u0113l\u0113ties valodu. \u0160o s\u012bkfailu m\u0113r\u0137is ir sniegt jums personisk\u0101ku pieredzi un izvair\u012bties no atk\u0101rtotas iestat\u012bjumu ievad\u012b\u0161anas katru reizi, kad s\u0101kat lietot vietni.<\/p>\n\n\n\n<h4 class=\"wp-block-heading\"><strong>Izseko\u0161anas un veiktsp\u0113jas s\u012bkfaili<\/strong><\/h4>\n\n\n\n<p>Veids: Past\u0101v\u012bgie s\u012bkfaili Administrators: tre\u0161\u0101s puses M\u0113r\u0137is: \u0161\u012bs s\u012bkdatnes tiek izmantotas, lai izsekotu vietnes trafiku un inform\u0101ciju par lietot\u0101ju izmanto\u0161anu. Ar \u0161o s\u012bkfailu pal\u012bdz\u012bbu sav\u0101kt\u0101 inform\u0101cija var tie\u0161i vai netie\u0161i identific\u0113t j\u016bs k\u0101 atsevi\u0161\u0137u apmekl\u0113t\u0101ju. Tas ir t\u0101p\u0113c, ka sav\u0101kt\u0101 inform\u0101cija parasti ir saist\u012bta ar aizst\u0101jv\u0101rdu, kas saist\u012bts ar ier\u012bci, kuru izmantojat, lai piek\u013c\u016btu vietnei. M\u0113s varam ar\u012b izmantot \u0161\u012bs s\u012bkdatnes, lai p\u0101rbaud\u012btu jaunas t\u012bmek\u013ca vietnes rekl\u0101mas, lapas, funkcijas vai jaunas funkcijas un redz\u0113tu, k\u0101 m\u016bsu lietot\u0101ji uz t\u0101m rea\u0123\u0113.<\/p>\n\n\n\n<h4 class=\"wp-block-heading\"><strong>M\u0113r\u0137auditorijas atlases un reklam\u0113\u0161anas s\u012bkfaili<\/strong><\/h4>\n\n\n\n<p>Veids: Past\u0101v\u012bgie s\u012bkfaili Administrators: tre\u0161\u0101s puses M\u0113r\u0137is: \u0161\u012bs s\u012bkdatnes uzrauga j\u016bsu p\u0101rl\u016bko\u0161anas paradumus, lai m\u0113s var\u0113tu atlas\u012bt rekl\u0101mas, kas var\u0113tu j\u016bs interes\u0113t. \u0160\u012bs s\u012bkdatnes izmanto inform\u0101ciju par j\u016bsu p\u0101rl\u016bko\u0161anas v\u0113sturi, lai grup\u0113tu j\u016bs ar citiem lietot\u0101jiem, kuriem ir l\u012bdz\u012bgas intereses. Pamatojoties uz \u0161o inform\u0101ciju un ar m\u016bsu at\u013cauju, tre\u0161o pu\u0161u rekl\u0101mdev\u0113ji var iestat\u012bt s\u012bkfailus, lai r\u0101d\u012btu rekl\u0101mas, kuras, m\u016bsupr\u0101t, var\u0113tu j\u016bs interes\u0113t, kad apmekl\u0113jat tre\u0161o pu\u0161u vietnes.<\/p>\n\n\n\n<h4 class=\"wp-block-heading\"><strong>Soci\u0101lo mediju s\u012bkfaili<\/strong><\/h4>\n\n\n\n<p>Veids: Past\u0101v\u012bgie s\u012bkfaili Administrators: tre\u0161\u0101s puses M\u0113r\u0137is: Papildus m\u016bsu pa\u0161u s\u012bkfailiem m\u0113s varam izmantot ar\u012b da\u017e\u0101dus tre\u0161o pu\u0161u s\u012bkfailus, lai apkopotu vietnes lieto\u0161anas statistiku, r\u0101d\u012btu rekl\u0101mas vietn\u0113 un caur to utt. \u0160\u012bs s\u012bkdatnes var tikt izmantotas, kad kop\u012bgojat inform\u0101ciju soci\u0101lo mediju vietn\u0113s, piem\u0113ram, Facebook, Instagram, Twitter vai Google+.<\/p>\n\n\n\n<h2 class=\"wp-block-heading\">J\u016bsu izv\u0113le par s\u012bkfailiem<\/h2>\n\n\n\n<p>Ja v\u0113laties nov\u0113rst s\u012bkdat\u0146u izmanto\u0161anu vietn\u0113, vispirms sav\u0101 p\u0101rl\u016bkprogramm\u0101 ir j\u0101atsp\u0113jo s\u012bkdat\u0146u izmanto\u0161ana un p\u0113c tam j\u0101izdz\u0113\u0161 ar \u0161o vietni saist\u012bt\u0101s s\u012bkdatnes, kas saglab\u0101tas j\u016bsu p\u0101rl\u016bkprogramm\u0101. J\u016bs jebkur\u0101 laik\u0101 varat iestat\u012bt opciju neizmantot s\u012bkfailus. Ja j\u016bs nepie\u0146emat m\u016bsu s\u012bkfailus, vietnes izmanto\u0161anas laik\u0101 var rasties ne\u0113rt\u012bbas un da\u017eas funkcijas var nedarboties pareizi. Ja v\u0113laties dz\u0113st s\u012bkfailus vai uzdot savai t\u012bmek\u013ca p\u0101rl\u016bkprogrammai dz\u0113st vai noraid\u012bt s\u012bkfailus, l\u016bdzu, apmekl\u0113jiet savas t\u012bmek\u013ca p\u0101rl\u016bkprogrammas pal\u012bdz\u012bbas lapas.<\/p>\n\n\n\n<ul class=\"wp-block-list\">\n<li>Ja jums ir p\u0101rl\u016bkprogramma Chrome, apmekl\u0113jiet \u0161o Google lapu: https:\/\/support.google.com\/accounts\/answer\/32050<\/li>\n\n\n\n<li>Ja jums ir Internet Explorer t\u012bmek\u013ca p\u0101rl\u016bkprogramma, apmekl\u0113jiet \u0161o Microsoft lapu: http:\/\/support.microsoft.com\/kb\/278835<\/li>\n\n\n\n<li>Ja jums ir p\u0101rl\u016bkprogramma Firefox, apmekl\u0113jiet \u0161o Mozilla lapu: https:\/\/support.mozilla.org\/en-US\/kb\/delete-cookies-remove-info-websites-stored<\/li>\n\n\n\n<li>Ja jums ir t\u012bmek\u013ca p\u0101rl\u016bkprogramma Safari, apmekl\u0113jiet \u0161o Apple lapu: https:\/\/support.apple.com\/guide\/safari\/manage-cookies-and-website-data-sfri11471\/mac<\/li>\n<\/ul>\n\n\n\n<p>Ja jums ir k\u0101da cita t\u012bmek\u013ca p\u0101rl\u016bkprogramma, apmekl\u0113jiet ofici\u0101l\u0101s t\u012bmek\u013ca p\u0101rl\u016bkprogrammas lapas.<\/p>\n\n\n\n<h3 class=\"wp-block-heading\">Pla\u0161\u0101ka inform\u0101cija par s\u012bkfailiem<\/h3>\n\n\n\n<p>J\u016bs varat uzzin\u0101t vair\u0101k par s\u012bkfailiem \u0161\u0101d\u0101s tre\u0161o pu\u0161u vietn\u0113s:<\/p>\n\n\n\n<ul class=\"wp-block-list\">\n<li>T\u012bkla reklam\u0113\u0161anas iniciat\u012bva: <a href=\"http:\/\/www.networkadvertising.org\/\" target=\"_blank\" rel=\"noreferrer noopener\">http:\/\/www.networkadvertising.org\/<\/a><\/li>\n<\/ul>\n","protected":false},"excerpt":{"rendered":"<p>P\u0113d\u0113jo reizi atjaunin\u0101ts: 2021 10. apr\u012blis \u0160\u012b s\u012bkdat\u0146u politika izskaidro, kas ir s\u012bkfaili un k\u0101 m\u0113s tos izmantojam. Jums vajadz\u0113tu<\/p>\n","protected":false},"author":1,"featured_media":0,"parent":0,"menu_order":0,"comment_status":"closed","ping_status":"closed","template":"","meta":{"_acf_changed":false,"footnotes":""},"class_list":["post-558","page","type-page","status-publish","hentry"],"acf":[],"lang":"lv","translations":{"lv":558,"ru":668},"pll_sync_post":[],"_links":{"self":[{"href":"https:\/\/dentalpluss.lv\/bruninieku\/wp-json\/wp\/v2\/pages\/558","targetHints":{"allow":["GET"]}}],"collection":[{"href":"https:\/\/dentalpluss.lv\/bruninieku\/wp-json\/wp\/v2\/pages"}],"about":[{"href":"https:\/\/dentalpluss.lv\/bruninieku\/wp-json\/wp\/v2\/types\/page"}],"author":[{"embeddable":true,"href":"https:\/\/dentalpluss.lv\/bruninieku\/wp-json\/wp\/v2\/users\/1"}],"replies":[{"embeddable":true,"href":"https:\/\/dentalpluss.lv\/bruninieku\/wp-json\/wp\/v2\/comments?post=558"}],"version-history":[{"count":0,"href":"https:\/\/dentalpluss.lv\/bruninieku\/wp-json\/wp\/v2\/pages\/558\/revisions"}],"wp:attachment":[{"href":"https:\/\/dentalpluss.lv\/bruninieku\/wp-json\/wp\/v2\/media?parent=558"}],"curies":[{"name":"wp","href":"https:\/\/api.w.org\/{rel}","templated":true}]}}